{"id":905,"date":"2022-12-11T09:09:23","date_gmt":"2022-12-11T14:09:23","guid":{"rendered":"http:\/\/www.delta-festival.com\/produit\/tshir-premium-world-edition-orange-2022-copy\/"},"modified":"2023-08-06T05:03:52","modified_gmt":"2023-08-06T09:03:52","slug":"sweatshirt-collection-permanente-bordeaux","status":"publish","type":"product","link":"https:\/\/newdelta.placeholder.tn\/en\/product\/sweatshirt-collection-permanente-bordeaux\/","title":{"rendered":"Hooded Sweatshirt Permanent Collection Bordeaux"},"content":{"rendered":"<h4><strong>If you're afraid of degumming, come and hold the sweat!<\/strong><\/h4>\n<ul>\n<li>Unisex white hoodie from the burgundy permanent collection<\/li>\n<li>5 color direct screen printing Delta festival logo<\/li>\n<li>Scraped fleece interior<\/li>\n<li>Elastane ribbed cuffs and bottom<\/li>\n<li>Mounted sleeves<\/li>\n<li>Kangaroo pocket<\/li>\n<li>Hood with tone-on-tone lace<\/li>\n<\/ul>\n<div class='et-learn-more clearfix'>\n\t\t\t\t\t<h3 class='heading-more'>Composition<span class='et_learnmore_arrow'><span><\/span><\/span><\/h3>\n\t\t\t\t\t<div class='learn-more-content'><p>- Composition: 50% cotton Ringspun - 50% polyester<\/p>\n<p>- Double-stitched finish<\/p><\/div>\n\t\t\t\t<\/div>\n<div class='et-learn-more clearfix'>\n\t\t\t\t\t<h3 class='heading-more'>Interview tips<span class='et_learnmore_arrow'><span><\/span><\/span><\/h3>\n\t\t\t\t\t<div class='learn-more-content'><p>- Washing: Sweatshirt to wash inside out with similar colors<\/p>\n<p>- Ironing: Do not iron on the print, iron on the reverse side at 110\u00b0.<\/div>\n\t\t\t\t<\/div>\n<p>&nbsp;<\/p>\n<p><a href=\"https:\/\/newdelta.placeholder.tn\/wp-content\/uploads\/2022\/12\/Capture-decran-2022-12-22-a-17.11.15-e1678268978557.png\"><span style=\"text-decoration: underline\"><strong><em>Size guide<\/em><\/strong><\/span><\/a><\/p>\n<p>&nbsp;<\/p>","protected":false},"excerpt":{"rendered":"<p>Si tu crains d\u00e9gun, viens sweat en main ! Sweat-shirt \u00e0 capuche blanc unisexe de la collection permanente bordeaux Marquage en s\u00e9rigraphie directe 5 couleurs logo Delta festival Int\u00e9rieur en molleton gratt\u00e9 Poignets et bas en bord c\u00f4te \u00e9lasthanne Manches mont\u00e9es Poche kangourou Capuche avec lacet ton sur ton &nbsp; Guide des tailles &nbsp;<\/p>","protected":false},"featured_media":4713,"comment_status":"open","ping_status":"closed","template":"","meta":{"_et_pb_use_builder":"off","_et_pb_old_content":"<div>\r\n\r\n<span data-sheets-value=\"{\"1\":2,\"2\":\"50% coton Ringspun - 50% polyester\\nInt\u00e9rieur en molleton gratt\u00e9\\nPoignets et bas en bord c\u00f4te \u00e9lasthanne\\nSTYLE : MODERNE\\nManches mont\u00e9es\\nPoche kangourou\\nCapuche avec lacet ton sur ton\\nFinition double surpiq\u00fbre Grammage : 280g\/m\u00b2\"}\" data-sheets-userformat=\"{\"2\":14721,\"3\":{\"1\":0,\"3\":1},\"10\":1,\"11\":4,\"14\":{\"1\":3,\"3\":1},\"15\":\"Arial\",\"16\":7}\">50% coton Ringspun - 50% polyester\r\nInt\u00e9rieur en molleton gratt\u00e9\r\nPoignets et bas en bord c\u00f4te \u00e9lasthanne\r\nSTYLE : MODERNE\r\nManches mont\u00e9es\r\nPoche kangourou\r\nCapuche avec lacet ton sur ton\r\nFinition double surpiq\u00fbre Grammage : 280g\/m\u00b2<\/span>\r\n\r\n<\/div>","_et_gb_content_width":""},"product_cat":[48],"product_tag":[],"_links":{"self":[{"href":"https:\/\/newdelta.placeholder.tn\/en\/wp-json\/wp\/v2\/product\/905"}],"collection":[{"href":"https:\/\/newdelta.placeholder.tn\/en\/wp-json\/wp\/v2\/product"}],"about":[{"href":"https:\/\/newdelta.placeholder.tn\/en\/wp-json\/wp\/v2\/types\/product"}],"replies":[{"embeddable":true,"href":"https:\/\/newdelta.placeholder.tn\/en\/wp-json\/wp\/v2\/comments?post=905"}],"wp:featuredmedia":[{"embeddable":true,"href":"https:\/\/newdelta.placeholder.tn\/en\/wp-json\/wp\/v2\/media\/4713"}],"wp:attachment":[{"href":"https:\/\/newdelta.placeholder.tn\/en\/wp-json\/wp\/v2\/media?parent=905"}],"wp:term":[{"taxonomy":"product_cat","embeddable":true,"href":"https:\/\/newdelta.placeholder.tn\/en\/wp-json\/wp\/v2\/product_cat?post=905"},{"taxonomy":"product_tag","embeddable":true,"href":"https:\/\/newdelta.placeholder.tn\/en\/wp-json\/wp\/v2\/product_tag?post=905"}],"curies":[{"name":"wp","href":"https:\/\/api.w.org\/{rel}","templated":true}]}}