{"id":4219,"date":"2023-02-13T05:59:39","date_gmt":"2023-02-13T10:59:39","guid":{"rendered":"https:\/\/www.delta-festival.com\/?post_type=product&#038;p=4219"},"modified":"2023-08-06T05:03:21","modified_gmt":"2023-08-06T09:03:21","slug":"sweatshirt-premium-world-edition-noir","status":"publish","type":"product","link":"https:\/\/newdelta.placeholder.tn\/en\/product\/sweatshirt-premium-world-edition-noir\/","title":{"rendered":"Premium World Edition Sweatshirt Black"},"content":{"rendered":"<h4><\/h4>\n<h4><strong>My well dressed spoiled boy you would be with a bought sweater!<\/strong><\/h4>\n<ul>\n<li>The World Edition Black hoodie, from our premium collection, will guarantee you a remarkable comfort thanks to its organic cotton, and will sublimate your style with its unique design.<\/li>\n<li>Unisex sweatshirt<\/li>\n<li>Embroidery marking from 5000 to 9999 stitches \"World Edition\" multicolor logo embroidered on the front left<\/li>\n<li>Normal cut<\/li>\n<li>Kangaroo pocket<\/li>\n<li>Mounted sleeves<\/li>\n<li>Hood lined in the main material<\/li>\n<li>Round cord, tone on tone, with metal end cap<\/li>\n<\/ul>\n<div class='et-learn-more clearfix'>\n\t\t\t\t\t<h3 class='heading-more'>Composition<span class='et_learnmore_arrow'><span><\/span><\/span><\/h3>\n\t\t\t\t\t<div class='learn-more-content'>Brushed fleece, 85% spun and combed organic cotton, 15% recycled polyester, Washed fabric, Soft touch, 350 GSM<\/div>\n\t\t\t\t<\/div>\n<div class='et-learn-more clearfix'>\n\t\t\t\t\t<h3 class='heading-more'>Interview tips<span class='et_learnmore_arrow'><span><\/span><\/span><\/h3>\n\t\t\t\t\t<div class='learn-more-content'>- Sweatshirt to wash inside out with similar colors<\/p>\n<p>- Do not iron on the print and iron on the reverse side<\/div>\n\t\t\t\t<\/div>\n<p>&nbsp;<\/p>\n<p><a href=\"https:\/\/newdelta.placeholder.tn\/wp-content\/uploads\/2023\/02\/Guide-taille-sweat-capuche-e1677247714601.png\"><span style=\"text-decoration: underline;\"><strong><em>Size guide<\/em><\/strong><\/span><\/a><\/p>\n<p>&nbsp;<\/p>\n<p><img decoding=\"async\" loading=\"lazy\" class=\"alignnone wp-image-4449\" src=\"https:\/\/newdelta.placeholder.tn\/wp-content\/uploads\/2023\/02\/1200px-global_organic_textile_standard_logo.svg-1024x1015-1-300x297.png\" alt=\"\" width=\"54\" height=\"53\" \/><img decoding=\"async\" loading=\"lazy\" class=\"alignnone wp-image-4448\" src=\"https:\/\/newdelta.placeholder.tn\/wp-content\/uploads\/2023\/02\/FairWear-logo-RGB-1-300x148.png\" alt=\"\" width=\"90\" height=\"44\" \/>\u00a0<img decoding=\"async\" loading=\"lazy\" class=\"alignnone wp-image-4451\" src=\"https:\/\/newdelta.placeholder.tn\/wp-content\/uploads\/2023\/02\/Oeko-Text-logo-organic-products-v2-300x157.png\" alt=\"\" width=\"80\" height=\"42\" \/><a href=\"https:\/\/newdelta.placeholder.tn\/wp-content\/uploads\/2023\/02\/PETAapprovedveganLOGO_black-e1677236062578.png\"><img decoding=\"async\" loading=\"lazy\" class=\"wp-image-4450 alignnone\" src=\"https:\/\/newdelta.placeholder.tn\/wp-content\/uploads\/2023\/02\/PETAapprovedveganLOGO_black-e1677236062578-300x140.png\" alt=\"\" width=\"105\" height=\"49\" \/><\/a><\/p>\n<p>&nbsp;<\/p>","protected":false},"excerpt":{"rendered":"<p>Mon gat\u00e9 bien sap\u00e9 tu serais avec un sweat achet\u00e9 ! Le sweat-shirt \u00e0 capuche World Edition Noir, issu de notre collection premium saura te garantir un confort remarquable gr\u00e2ce \u00e0 son coton bio, et saura sublimer ton style avec son design unique. Sweat-shirt unisexe Marquage broderie de 5000 \u00e0 9999 points logo &#8220;World Edition&#8221; [&hellip;]<\/p>","protected":false},"featured_media":3978,"comment_status":"open","ping_status":"closed","template":"","meta":{"_et_pb_use_builder":"off","_et_pb_old_content":"<h4><strong>Mon gat\u00e9 bien sapp\u00e9 tu serais avec un sweat achet\u00e9 !<\/strong><\/h4>\r\n- Le sweat-shirt \u00e0 capuche World Edition Noir, issue de notre collection premium saura te garantir un confort remarquable gr\u00e2ce \u00e0 son coton bio, et saura sublimer ton style avec son design unique.\r\n\r\n- Sweat-shirt unisexe\r\n\r\n- Marquage broderie de 5000 \u00e0 9999 points logo \"World Edition\" multicolore brod\u00e9 \u00e0 l'avant gauche\r\n\r\n- Coupe normale\r\n\r\n- Poche kangourou\r\n\r\n- Manches mont\u00e9es\r\n\r\n- Capuche doubl\u00e9e dans la mati\u00e8re principale\r\n\r\n- Cordon rond, ton sur ton, avec embout de finition m\u00e9tal\r\n\r\n- Composition: Molleton bross\u00e9, 85% coton biologique fil\u00e9 et peign\u00e9, 15% polyester recycl\u00e9, Tissu lav\u00e9, Toucher doux, 350 GSM\r\n\r\n[learn_more caption=\"Conseil d'utilisation\" state=\"open\"] - Sweat-shirt \u00e0 laver a l'envers avec des couleurs similaires\r\n\r\n- Ne pas repasser sur l'imprim\u00e9 et repasser sur l'envers[\/learn_more]\r\n\r\n<img class=\"alignnone wp-image-4449\" src=\"https:\/\/newdelta.placeholder.tn\/wp-content\/uploads\/2023\/02\/1200px-global_organic_textile_standard_logo.svg-1024x1015-1-300x297.png\" alt=\"\" width=\"54\" height=\"53\" \/><img class=\"alignnone wp-image-4448\" src=\"https:\/\/newdelta.placeholder.tn\/wp-content\/uploads\/2023\/02\/FairWear-logo-RGB-1-300x148.png\" alt=\"\" width=\"90\" height=\"44\" \/>\u00a0<img class=\"alignnone wp-image-4451\" src=\"https:\/\/newdelta.placeholder.tn\/wp-content\/uploads\/2023\/02\/Oeko-Text-logo-organic-products-v2-300x157.png\" alt=\"\" width=\"80\" height=\"42\" \/><a href=\"https:\/\/newdelta.placeholder.tn\/wp-content\/uploads\/2023\/02\/PETAapprovedveganLOGO_black-e1677236062578.png\"><img class=\"wp-image-4450 alignnone\" src=\"https:\/\/newdelta.placeholder.tn\/wp-content\/uploads\/2023\/02\/PETAapprovedveganLOGO_black-e1677236062578-300x140.png\" alt=\"\" width=\"105\" height=\"49\" \/><\/a>\r\n\r\n<a href=\"https:\/\/newdelta.placeholder.tn\/wp-content\/uploads\/2023\/02\/Guide-taille-sweat-capuche.png\"><span style=\"text-decoration: underline\"><strong><em>Guide des tailles<\/em><\/strong><\/span><\/a>\r\n\r\n\u00a0\r\n\r\n\u00a0","_et_gb_content_width":""},"product_cat":[25],"product_tag":[],"_links":{"self":[{"href":"https:\/\/newdelta.placeholder.tn\/en\/wp-json\/wp\/v2\/product\/4219"}],"collection":[{"href":"https:\/\/newdelta.placeholder.tn\/en\/wp-json\/wp\/v2\/product"}],"about":[{"href":"https:\/\/newdelta.placeholder.tn\/en\/wp-json\/wp\/v2\/types\/product"}],"replies":[{"embeddable":true,"href":"https:\/\/newdelta.placeholder.tn\/en\/wp-json\/wp\/v2\/comments?post=4219"}],"wp:featuredmedia":[{"embeddable":true,"href":"https:\/\/newdelta.placeholder.tn\/en\/wp-json\/wp\/v2\/media\/3978"}],"wp:attachment":[{"href":"https:\/\/newdelta.placeholder.tn\/en\/wp-json\/wp\/v2\/media?parent=4219"}],"wp:term":[{"taxonomy":"product_cat","embeddable":true,"href":"https:\/\/newdelta.placeholder.tn\/en\/wp-json\/wp\/v2\/product_cat?post=4219"},{"taxonomy":"product_tag","embeddable":true,"href":"https:\/\/newdelta.placeholder.tn\/en\/wp-json\/wp\/v2\/product_tag?post=4219"}],"curies":[{"name":"wp","href":"https:\/\/api.w.org\/{rel}","templated":true}]}}