{"id":4069,"date":"2023-01-31T15:14:11","date_gmt":"2023-01-31T20:14:11","guid":{"rendered":"https:\/\/www.delta-festival.com\/?post_type=product&#038;p=4069"},"modified":"2023-08-06T05:03:10","modified_gmt":"2023-08-06T09:03:10","slug":"casquette-filet-premium-logodelta-noire","status":"publish","type":"product","link":"https:\/\/newdelta.placeholder.tn\/en\/product\/casquette-filet-premium-logodelta-noire\/","title":{"rendered":"Delta Festival Premium Logo Mesh Cap Black"},"content":{"rendered":"<h4><\/h4>\n<h4><strong>So that you don't go crazy this summer, buy your cap my baby!<\/strong><\/h4>\n<ul>\n<li>Premium cap with mesh back Delta Festival logo Black.<\/li>\n<li>Unisex cap<\/li>\n<li>Embroidery marking from 5000 to 9999 stitches on textile<\/li>\n<li>Contrasting trucker mesh back panel<\/li>\n<li>Bottom side of the visor black<\/li>\n<li>Tone-on-tone snap closure<\/li>\n<li>Rigid Buckram<\/li>\n<\/ul>\n<div class='et-learn-more clearfix'>\n\t\t\t\t\t<h3 class='heading-more'>Composition<span class='et_learnmore_arrow'><span><\/span><\/span><\/h3>\n\t\t\t\t\t<div class='learn-more-content'>60% Cotton HVAC TWILL 205 GSM<\/div>\n\t\t\t\t<\/div>","protected":false},"excerpt":{"rendered":"<p>Histoire de pas caner cet \u00e9t\u00e9 ach\u00e8te ta casquette mon b\u00e9b\u00e9 ! Casquette premium avec filet \u00e0 l&#8217;arri\u00e8re logo Delta Festival Noire. Casquette unisexe Marquage broderie de 5000 \u00e0 9999 points sur textile Face arri\u00e8re en maille de routier contrast\u00e9e Face inf\u00e9rieure de la visi\u00e8re noir Fermeture pression ton-sur-ton Buckram rigide<\/p>","protected":false},"featured_media":4070,"comment_status":"open","ping_status":"closed","template":"","meta":{"_et_pb_use_builder":"","_et_pb_old_content":"","_et_gb_content_width":""},"product_cat":[26],"product_tag":[],"_links":{"self":[{"href":"https:\/\/newdelta.placeholder.tn\/en\/wp-json\/wp\/v2\/product\/4069"}],"collection":[{"href":"https:\/\/newdelta.placeholder.tn\/en\/wp-json\/wp\/v2\/product"}],"about":[{"href":"https:\/\/newdelta.placeholder.tn\/en\/wp-json\/wp\/v2\/types\/product"}],"replies":[{"embeddable":true,"href":"https:\/\/newdelta.placeholder.tn\/en\/wp-json\/wp\/v2\/comments?post=4069"}],"wp:featuredmedia":[{"embeddable":true,"href":"https:\/\/newdelta.placeholder.tn\/en\/wp-json\/wp\/v2\/media\/4070"}],"wp:attachment":[{"href":"https:\/\/newdelta.placeholder.tn\/en\/wp-json\/wp\/v2\/media?parent=4069"}],"wp:term":[{"taxonomy":"product_cat","embeddable":true,"href":"https:\/\/newdelta.placeholder.tn\/en\/wp-json\/wp\/v2\/product_cat?post=4069"},{"taxonomy":"product_tag","embeddable":true,"href":"https:\/\/newdelta.placeholder.tn\/en\/wp-json\/wp\/v2\/product_tag?post=4069"}],"curies":[{"name":"wp","href":"https:\/\/api.w.org\/{rel}","templated":true}]}}