{"id":4067,"date":"2023-01-31T15:12:15","date_gmt":"2023-01-31T20:12:15","guid":{"rendered":"https:\/\/www.delta-festival.com\/?post_type=product&#038;p=4067"},"modified":"2024-01-16T11:44:37","modified_gmt":"2024-01-16T16:44:37","slug":"casquette-filet-premium-logodelta2022-beige","status":"publish","type":"product","link":"https:\/\/newdelta.placeholder.tn\/en\/product\/casquette-filet-premium-logodelta2022-beige\/","title":{"rendered":"Delta Festival Premium Logo Mesh Cap Beige"},"content":{"rendered":"<p>&nbsp;<\/p>\n<h4><strong>So that you don't go crazy this summer, buy your cap my baby!<\/strong><\/h4>\n<ul>\n<li>Premium cap with mesh back Delta Festival Beige logo.<\/li>\n<li>Unisex cap<\/li>\n<li>Embroidery marking from 5000 to 9999 stitches on textile<\/li>\n<li>Contrasting trucker mesh back panel<\/li>\n<li>Bottom side of the visor Beige<\/li>\n<li>Tone-on-tone snap closure<\/li>\n<li>Rigid Buckram<\/li>\n<\/ul>\n<div class='et-learn-more clearfix'>\n\t\t\t\t\t<h3 class='heading-more'>Composition<span class='et_learnmore_arrow'><span><\/span><\/span><\/h3>\n\t\t\t\t\t<div class='learn-more-content'>60% Cotton HVAC TWILL 205 GSM<\/div>\n\t\t\t\t<\/div>","protected":false},"excerpt":{"rendered":"<p>&nbsp; Histoire de pas caner cet \u00e9t\u00e9 ach\u00e8te ta casquette mon b\u00e9b\u00e9 ! Casquette premium avec filet \u00e0 l&#8217;arri\u00e8re logo Delta Festival Beige. Casquette unisexe Marquage broderie de 5000 \u00e0 9999 points sur textile Face arri\u00e8re en maille de routier contrast\u00e9e Face inf\u00e9rieure de la visi\u00e8re Beige Fermeture pression ton-sur-ton Buckram rigide<\/p>","protected":false},"featured_media":4545,"comment_status":"open","ping_status":"closed","template":"","meta":{"_et_pb_use_builder":"","_et_pb_old_content":"","_et_gb_content_width":""},"product_cat":[26],"product_tag":[],"_links":{"self":[{"href":"https:\/\/newdelta.placeholder.tn\/en\/wp-json\/wp\/v2\/product\/4067"}],"collection":[{"href":"https:\/\/newdelta.placeholder.tn\/en\/wp-json\/wp\/v2\/product"}],"about":[{"href":"https:\/\/newdelta.placeholder.tn\/en\/wp-json\/wp\/v2\/types\/product"}],"replies":[{"embeddable":true,"href":"https:\/\/newdelta.placeholder.tn\/en\/wp-json\/wp\/v2\/comments?post=4067"}],"wp:featuredmedia":[{"embeddable":true,"href":"https:\/\/newdelta.placeholder.tn\/en\/wp-json\/wp\/v2\/media\/4545"}],"wp:attachment":[{"href":"https:\/\/newdelta.placeholder.tn\/en\/wp-json\/wp\/v2\/media?parent=4067"}],"wp:term":[{"taxonomy":"product_cat","embeddable":true,"href":"https:\/\/newdelta.placeholder.tn\/en\/wp-json\/wp\/v2\/product_cat?post=4067"},{"taxonomy":"product_tag","embeddable":true,"href":"https:\/\/newdelta.placeholder.tn\/en\/wp-json\/wp\/v2\/product_tag?post=4067"}],"curies":[{"name":"wp","href":"https:\/\/api.w.org\/{rel}","templated":true}]}}