{"id":4060,"date":"2023-01-31T15:04:37","date_gmt":"2023-01-31T20:04:37","guid":{"rendered":"https:\/\/www.delta-festival.com\/?post_type=product&#038;p=4060"},"modified":"2023-08-06T05:03:11","modified_gmt":"2023-08-06T09:03:11","slug":"casquette-sansfilet-premium-grise","status":"publish","type":"product","link":"https:\/\/newdelta.placeholder.tn\/en\/product\/casquette-sansfilet-premium-grise\/","title":{"rendered":"Festival delta Logo Premium Meshless Cap Grey"},"content":{"rendered":"<h4><strong>So that you don't go crazy this summer, buy your cap my baby!<\/strong><\/h4>\n<ul>\n<li>Premium cap without mesh Delta Festival logo<\/li>\n<li>Unisex cap<\/li>\n<li>Embroidery marking from 5000 to 9999 stitches on textile<\/li>\n<li>Rigid Buckram<\/li>\n<li>Snapback closure<\/li>\n<\/ul>\n<div class='et-learn-more clearfix'>\n\t\t\t\t\t<h3 class='heading-more'>Composition<span class='et_learnmore_arrow'><span><\/span><\/span><\/h3>\n\t\t\t\t\t<div class='learn-more-content'>60% Cotton HVAC TWILL 290 GSM<\/div>\n\t\t\t\t<\/div>","protected":false},"excerpt":{"rendered":"<p>Histoire de pas caner cet \u00e9t\u00e9 ach\u00e8te ta casquette mon b\u00e9b\u00e9 ! Casquette premium sans filet grise logo Delta Festival Casquette unisexe Marquage broderie de 5000 \u00e0 9999 points sur textile Buckram rigide Fermeture snapback<\/p>","protected":false},"featured_media":4798,"comment_status":"open","ping_status":"closed","template":"","meta":{"_et_pb_use_builder":"","_et_pb_old_content":"","_et_gb_content_width":""},"product_cat":[26],"product_tag":[],"_links":{"self":[{"href":"https:\/\/newdelta.placeholder.tn\/en\/wp-json\/wp\/v2\/product\/4060"}],"collection":[{"href":"https:\/\/newdelta.placeholder.tn\/en\/wp-json\/wp\/v2\/product"}],"about":[{"href":"https:\/\/newdelta.placeholder.tn\/en\/wp-json\/wp\/v2\/types\/product"}],"replies":[{"embeddable":true,"href":"https:\/\/newdelta.placeholder.tn\/en\/wp-json\/wp\/v2\/comments?post=4060"}],"wp:featuredmedia":[{"embeddable":true,"href":"https:\/\/newdelta.placeholder.tn\/en\/wp-json\/wp\/v2\/media\/4798"}],"wp:attachment":[{"href":"https:\/\/newdelta.placeholder.tn\/en\/wp-json\/wp\/v2\/media?parent=4060"}],"wp:term":[{"taxonomy":"product_cat","embeddable":true,"href":"https:\/\/newdelta.placeholder.tn\/en\/wp-json\/wp\/v2\/product_cat?post=4060"},{"taxonomy":"product_tag","embeddable":true,"href":"https:\/\/newdelta.placeholder.tn\/en\/wp-json\/wp\/v2\/product_tag?post=4060"}],"curies":[{"name":"wp","href":"https:\/\/api.w.org\/{rel}","templated":true}]}}