{"id":4050,"date":"2023-01-31T14:54:38","date_gmt":"2023-01-31T19:54:38","guid":{"rendered":"https:\/\/www.delta-festival.com\/?post_type=product&#038;p=4050"},"modified":"2023-08-06T05:03:29","modified_gmt":"2023-08-06T09:03:29","slug":"peignoir-premium-logodelta-2022","status":"publish","type":"product","link":"https:\/\/newdelta.placeholder.tn\/en\/product\/peignoir-premium-logodelta-2022\/","title":{"rendered":"Delta Festival Logo Premium Bathrobe White"},"content":{"rendered":"<h4><\/h4>\n<h4><strong>In a bathrobe it's not the right sea to drink! <\/strong><\/h4>\n<ul>\n<li><span data-sheets-value=\"{&quot;1&quot;:2,&quot;2&quot;:&quot;COTON 400 - UNISEX\\n100% coton\\n2 poches plaqu\u00e9es\\nCeinture avec doubles passants\\nLavage 60\u00b0 C\\nHaute qualit\u00e9 \/ Douceur \/ Facile \u00e0 accrocher\\n&quot;}\" data-sheets-userformat=\"{&quot;2&quot;:14721,&quot;3&quot;:{&quot;1&quot;:0,&quot;3&quot;:1},&quot;10&quot;:1,&quot;11&quot;:4,&quot;14&quot;:{&quot;1&quot;:3,&quot;3&quot;:1},&quot;15&quot;:&quot;Arial&quot;,&quot;16&quot;:7}\">Unisex white bathrobe premium collection Delta Festival logo <\/span><\/li>\n<li><span data-sheets-value=\"{&quot;1&quot;:2,&quot;2&quot;:&quot;COTON 400 - UNISEX\\n100% coton\\n2 poches plaqu\u00e9es\\nCeinture avec doubles passants\\nLavage 60\u00b0 C\\nHaute qualit\u00e9 \/ Douceur \/ Facile \u00e0 accrocher\\n&quot;}\" data-sheets-userformat=\"{&quot;2&quot;:14721,&quot;3&quot;:{&quot;1&quot;:0,&quot;3&quot;:1},&quot;10&quot;:1,&quot;11&quot;:4,&quot;14&quot;:{&quot;1&quot;:3,&quot;3&quot;:1},&quot;15&quot;:&quot;Arial&quot;,&quot;16&quot;:7}\">Embroidery marking from 5000 to 9999 stitches on textile<\/span><\/li>\n<li><span data-sheets-value=\"{&quot;1&quot;:2,&quot;2&quot;:&quot;COTON 400 - UNISEX\\n100% coton\\n2 poches plaqu\u00e9es\\nCeinture avec doubles passants\\nLavage 60\u00b0 C\\nHaute qualit\u00e9 \/ Douceur \/ Facile \u00e0 accrocher\\n&quot;}\" data-sheets-userformat=\"{&quot;2&quot;:14721,&quot;3&quot;:{&quot;1&quot;:0,&quot;3&quot;:1},&quot;10&quot;:1,&quot;11&quot;:4,&quot;14&quot;:{&quot;1&quot;:3,&quot;3&quot;:1},&quot;15&quot;:&quot;Arial&quot;,&quot;16&quot;:7}\">High quality <\/span><\/li>\n<li><span data-sheets-value=\"{&quot;1&quot;:2,&quot;2&quot;:&quot;COTON 400 - UNISEX\\n100% coton\\n2 poches plaqu\u00e9es\\nCeinture avec doubles passants\\nLavage 60\u00b0 C\\nHaute qualit\u00e9 \/ Douceur \/ Facile \u00e0 accrocher\\n&quot;}\" data-sheets-userformat=\"{&quot;2&quot;:14721,&quot;3&quot;:{&quot;1&quot;:0,&quot;3&quot;:1},&quot;10&quot;:1,&quot;11&quot;:4,&quot;14&quot;:{&quot;1&quot;:3,&quot;3&quot;:1},&quot;15&quot;:&quot;Arial&quot;,&quot;16&quot;:7}\">Softness <\/span><\/li>\n<li><span data-sheets-value=\"{&quot;1&quot;:2,&quot;2&quot;:&quot;COTON 400 - UNISEX\\n100% coton\\n2 poches plaqu\u00e9es\\nCeinture avec doubles passants\\nLavage 60\u00b0 C\\nHaute qualit\u00e9 \/ Douceur \/ Facile \u00e0 accrocher\\n&quot;}\" data-sheets-userformat=\"{&quot;2&quot;:14721,&quot;3&quot;:{&quot;1&quot;:0,&quot;3&quot;:1},&quot;10&quot;:1,&quot;11&quot;:4,&quot;14&quot;:{&quot;1&quot;:3,&quot;3&quot;:1},&quot;15&quot;:&quot;Arial&quot;,&quot;16&quot;:7}\">Easy to hang<\/span><\/li>\n<li><span data-sheets-value=\"{&quot;1&quot;:2,&quot;2&quot;:&quot;COTON 400 - UNISEX\\n100% coton\\n2 poches plaqu\u00e9es\\nCeinture avec doubles passants\\nLavage 60\u00b0 C\\nHaute qualit\u00e9 \/ Douceur \/ Facile \u00e0 accrocher\\n&quot;}\" data-sheets-userformat=\"{&quot;2&quot;:14721,&quot;3&quot;:{&quot;1&quot;:0,&quot;3&quot;:1},&quot;10&quot;:1,&quot;11&quot;:4,&quot;14&quot;:{&quot;1&quot;:3,&quot;3&quot;:1},&quot;15&quot;:&quot;Arial&quot;,&quot;16&quot;:7}\">2 patch pockets<\/span><\/li>\n<li><span data-sheets-value=\"{&quot;1&quot;:2,&quot;2&quot;:&quot;COTON 400 - UNISEX\\n100% coton\\n2 poches plaqu\u00e9es\\nCeinture avec doubles passants\\nLavage 60\u00b0 C\\nHaute qualit\u00e9 \/ Douceur \/ Facile \u00e0 accrocher\\n&quot;}\" data-sheets-userformat=\"{&quot;2&quot;:14721,&quot;3&quot;:{&quot;1&quot;:0,&quot;3&quot;:1},&quot;10&quot;:1,&quot;11&quot;:4,&quot;14&quot;:{&quot;1&quot;:3,&quot;3&quot;:1},&quot;15&quot;:&quot;Arial&quot;,&quot;16&quot;:7}\">Belt with double loops<\/span><\/li>\n<\/ul>\n<div class='et-learn-more clearfix'>\n\t\t\t\t\t<h3 class='heading-more'>Composition<span class='et_learnmore_arrow'><span><\/span><\/span><\/h3>\n\t\t\t\t\t<div class='learn-more-content'><span data-sheets-value=\"{&quot;1&quot;:2,&quot;2&quot;:&quot;COTON 400 - UNISEX\\n100% coton\\n2 poches plaqu\u00e9es\\nCeinture avec doubles passants\\nLavage 60\u00b0 C\\nHaute qualit\u00e9 \/ Douceur \/ Facile \u00e0 accrocher\\n&quot;}\" data-sheets-userformat=\"{&quot;2&quot;:14721,&quot;3&quot;:{&quot;1&quot;:0,&quot;3&quot;:1},&quot;10&quot;:1,&quot;11&quot;:4,&quot;14&quot;:{&quot;1&quot;:3,&quot;3&quot;:1},&quot;15&quot;:&quot;Arial&quot;,&quot;16&quot;:7}\">100% cotton (Cotton 400)<\/span><\/div>\n\t\t\t\t<\/div>\n<div class='et-learn-more clearfix'>\n\t\t\t\t\t<h3 class='heading-more'>Interview tips<span class='et_learnmore_arrow'><span><\/span><\/span><\/h3>\n\t\t\t\t\t<div class='learn-more-content'>\u00a0<span data-sheets-value=\"{&quot;1&quot;:2,&quot;2&quot;:&quot;COTON 400 - UNISEX\\n100% coton\\n2 poches plaqu\u00e9es\\nCeinture avec doubles passants\\nLavage 60\u00b0 C\\nHaute qualit\u00e9 \/ Douceur \/ Facile \u00e0 accrocher\\n&quot;}\" data-sheets-userformat=\"{&quot;2&quot;:14721,&quot;3&quot;:{&quot;1&quot;:0,&quot;3&quot;:1},&quot;10&quot;:1,&quot;11&quot;:4,&quot;14&quot;:{&quot;1&quot;:3,&quot;3&quot;:1},&quot;15&quot;:&quot;Arial&quot;,&quot;16&quot;:7}\">Washing at 60\u00b0 C<\/span><\/div>\n\t\t\t\t<\/div>\n<p><img decoding=\"async\" loading=\"lazy\" class=\"wp-image-4451 alignleft\" src=\"https:\/\/newdelta.placeholder.tn\/wp-content\/uploads\/2023\/02\/Oeko-Text-logo-organic-products-v2-300x157.png\" alt=\"\" width=\"86\" height=\"45\" \/><\/p>","protected":false},"excerpt":{"rendered":"<p>En peignoir c&#8217;est pas la bonne mer \u00e0 boire ! Peignoir unisex blanc collection premium logo Delta Festival Marquage broderie de 5000 \u00e0 9999 points sur textile Haute qualit\u00e9 Douceur Facile \u00e0 accrocher 2 poches plaqu\u00e9es Ceinture avec doubles passants<\/p>","protected":false},"featured_media":4058,"comment_status":"open","ping_status":"closed","template":"","meta":{"_et_pb_use_builder":"","_et_pb_old_content":"","_et_gb_content_width":""},"product_cat":[44],"product_tag":[],"_links":{"self":[{"href":"https:\/\/newdelta.placeholder.tn\/en\/wp-json\/wp\/v2\/product\/4050"}],"collection":[{"href":"https:\/\/newdelta.placeholder.tn\/en\/wp-json\/wp\/v2\/product"}],"about":[{"href":"https:\/\/newdelta.placeholder.tn\/en\/wp-json\/wp\/v2\/types\/product"}],"replies":[{"embeddable":true,"href":"https:\/\/newdelta.placeholder.tn\/en\/wp-json\/wp\/v2\/comments?post=4050"}],"wp:featuredmedia":[{"embeddable":true,"href":"https:\/\/newdelta.placeholder.tn\/en\/wp-json\/wp\/v2\/media\/4058"}],"wp:attachment":[{"href":"https:\/\/newdelta.placeholder.tn\/en\/wp-json\/wp\/v2\/media?parent=4050"}],"wp:term":[{"taxonomy":"product_cat","embeddable":true,"href":"https:\/\/newdelta.placeholder.tn\/en\/wp-json\/wp\/v2\/product_cat?post=4050"},{"taxonomy":"product_tag","embeddable":true,"href":"https:\/\/newdelta.placeholder.tn\/en\/wp-json\/wp\/v2\/product_tag?post=4050"}],"curies":[{"name":"wp","href":"https:\/\/api.w.org\/{rel}","templated":true}]}}