{"id":4035,"date":"2023-01-31T14:31:35","date_gmt":"2023-01-31T19:31:35","guid":{"rendered":"https:\/\/www.delta-festival.com\/?post_type=product&#038;p=4035"},"modified":"2023-08-06T05:03:33","modified_gmt":"2023-08-06T09:03:33","slug":"sweatshirt-collection-permanente-blanc","status":"publish","type":"product","link":"https:\/\/newdelta.placeholder.tn\/en\/product\/sweatshirt-collection-permanente-blanc\/","title":{"rendered":"Hooded Sweatshirt Permanent Collection White"},"content":{"rendered":"<h4><\/h4>\n<h4><strong>If you're afraid of degun, always have your sweater in hand!<\/strong><\/h4>\n<ul>\n<li>Unisex white hoodie from the white permanent collection<\/li>\n<li>5 color direct screen printing Delta festival logo<\/li>\n<li>Scraped fleece interior<\/li>\n<li>Elastane ribbed cuffs and bottom<\/li>\n<li>Mounted sleeves<\/li>\n<li>Kangaroo pocket<\/li>\n<li>Hood with tone-on-tone lace<\/li>\n<\/ul>\n<div class='et-learn-more clearfix'>\n\t\t\t\t\t<h3 class='heading-more'>Composition<span class='et_learnmore_arrow'><span><\/span><\/span><\/h3>\n\t\t\t\t\t<div class='learn-more-content'><p>- Composition: 50% cotton Ringspun - 50% polyester<\/p>\n<p>- Double-stitched finish<\/p><\/div>\n\t\t\t\t<\/div>\n<div class='et-learn-more clearfix'>\n\t\t\t\t\t<h3 class='heading-more'>Interview tips<span class='et_learnmore_arrow'><span><\/span><\/span><\/h3>\n\t\t\t\t\t<div class='learn-more-content'><p>- Washing: Sweatshirt to wash inside out with similar colors<\/p>\n<p>- Ironing: Do not iron on the print, iron on the reverse side at 110\u00b0.<\/div>\n\t\t\t\t<\/div>\n<p>&nbsp;<\/p>\n<p><a href=\"https:\/\/newdelta.placeholder.tn\/wp-content\/uploads\/2022\/12\/Capture-decran-2022-12-22-a-17.11.15-e1678268978557.png\"><span style=\"text-decoration: underline\"><strong><em>Size guide<\/em><\/strong><\/span><\/a><\/p>\n<p>&nbsp;<\/p>\n<p>&nbsp;<\/p>","protected":false},"excerpt":{"rendered":"<p>Si tu crains d\u00e9gun, aie toujours ton sweat \u00e0 la main ! Sweat-shirt \u00e0 capuche blanc unisexe de la collection permanente blanc Marquage en s\u00e9rigraphie directe 5 couleurs logo Delta festival Int\u00e9rieur en molleton gratt\u00e9 Poignets et bas en bord c\u00f4te \u00e9lasthanne Manches mont\u00e9es Poche kangourou Capuche avec lacet ton sur ton &nbsp; Guide des [&hellip;]<\/p>","protected":false},"featured_media":4795,"comment_status":"open","ping_status":"closed","template":"","meta":{"_et_pb_use_builder":"","_et_pb_old_content":"","_et_gb_content_width":""},"product_cat":[48],"product_tag":[],"_links":{"self":[{"href":"https:\/\/newdelta.placeholder.tn\/en\/wp-json\/wp\/v2\/product\/4035"}],"collection":[{"href":"https:\/\/newdelta.placeholder.tn\/en\/wp-json\/wp\/v2\/product"}],"about":[{"href":"https:\/\/newdelta.placeholder.tn\/en\/wp-json\/wp\/v2\/types\/product"}],"replies":[{"embeddable":true,"href":"https:\/\/newdelta.placeholder.tn\/en\/wp-json\/wp\/v2\/comments?post=4035"}],"wp:featuredmedia":[{"embeddable":true,"href":"https:\/\/newdelta.placeholder.tn\/en\/wp-json\/wp\/v2\/media\/4795"}],"wp:attachment":[{"href":"https:\/\/newdelta.placeholder.tn\/en\/wp-json\/wp\/v2\/media?parent=4035"}],"wp:term":[{"taxonomy":"product_cat","embeddable":true,"href":"https:\/\/newdelta.placeholder.tn\/en\/wp-json\/wp\/v2\/product_cat?post=4035"},{"taxonomy":"product_tag","embeddable":true,"href":"https:\/\/newdelta.placeholder.tn\/en\/wp-json\/wp\/v2\/product_tag?post=4035"}],"curies":[{"name":"wp","href":"https:\/\/api.w.org\/{rel}","templated":true}]}}