{"id":4014,"date":"2023-01-31T14:02:47","date_gmt":"2023-01-31T19:02:47","guid":{"rendered":"https:\/\/www.delta-festival.com\/?post_type=product&#038;p=4014"},"modified":"2023-08-06T05:03:43","modified_gmt":"2023-08-06T09:03:43","slug":"sweat-col-rond-premium-world-edition-vert-clair","status":"publish","type":"product","link":"https:\/\/newdelta.placeholder.tn\/en\/product\/sweat-col-rond-premium-world-edition-vert-clair\/","title":{"rendered":"Premium World Edition Round Neck Sweatshirt Light Green"},"content":{"rendered":"<h4><strong>With our sweatshirt you will be tarpin bg my bebew!\u00a0<\/strong><\/h4>\n<ul>\n<li>The World Edition light green round neck casual sweatshirt, which guarantees you comfort thanks to its 100% organic cotton composition, is waiting for you!<\/li>\n<li>Unisex sweatshirt<\/li>\n<li>Embroidery marking from 5000 to 9999 stitches \"Delta Festival\" white on the front left<\/li>\n<li>5 color direct screen printing \"World Edition Logo\" on the back<\/li>\n<li>Normal cut<\/li>\n<li>Kangaroo pocket<\/li>\n<li>Mounted sleeves<\/li>\n<li>Hood lined in the main material<\/li>\n<li>Round cord, tone on tone, with metal end cap<\/li>\n<\/ul>\n<div class='et-learn-more clearfix'>\n\t\t\t\t\t<h3 class='heading-more'>Composition<span class='et_learnmore_arrow'><span><\/span><\/span><\/h3>\n\t\t\t\t\t<div class='learn-more-content'>Brushed fleece, 85% spun and combed organic cotton, 15% recycled polyester, Washed fabric, Soft touch, 350 GSM<\/div>\n\t\t\t\t<\/div>\n<div class='et-learn-more clearfix'>\n\t\t\t\t\t<h3 class='heading-more'>Interview tips<span class='et_learnmore_arrow'><span><\/span><\/span><\/h3>\n\t\t\t\t\t<div class='learn-more-content'>- Sweatshirt to wash inside out with similar colors<\/p>\n<p>- Do not iron on the print and iron on the reverse side<\/div>\n\t\t\t\t<\/div>\n<p>&nbsp;<\/p>\n<p><a href=\"https:\/\/newdelta.placeholder.tn\/wp-content\/uploads\/2023\/01\/Guide-taille-sweat-col-rond-e1677250475527.png\"><span style=\"text-decoration: underline\"><strong><em>Size guide<\/em><\/strong><\/span><\/a><\/p>\n<p>&nbsp;<\/p>\n<p><img decoding=\"async\" loading=\"lazy\" class=\"alignnone wp-image-4449\" src=\"https:\/\/newdelta.placeholder.tn\/wp-content\/uploads\/2023\/02\/1200px-global_organic_textile_standard_logo.svg-1024x1015-1-300x297.png\" alt=\"\" width=\"54\" height=\"53\" \/><img decoding=\"async\" loading=\"lazy\" class=\"alignnone wp-image-4448\" src=\"https:\/\/newdelta.placeholder.tn\/wp-content\/uploads\/2023\/02\/FairWear-logo-RGB-1-300x148.png\" alt=\"\" width=\"90\" height=\"44\" \/>\u00a0<img decoding=\"async\" loading=\"lazy\" class=\"alignnone wp-image-4451\" src=\"https:\/\/newdelta.placeholder.tn\/wp-content\/uploads\/2023\/02\/Oeko-Text-logo-organic-products-v2-300x157.png\" alt=\"\" width=\"80\" height=\"42\" \/><a href=\"https:\/\/newdelta.placeholder.tn\/wp-content\/uploads\/2023\/02\/PETAapprovedveganLOGO_black-e1677236062578.png\"><img decoding=\"async\" loading=\"lazy\" class=\"wp-image-4450 alignnone\" src=\"https:\/\/newdelta.placeholder.tn\/wp-content\/uploads\/2023\/02\/PETAapprovedveganLOGO_black-e1677236062578-300x140.png\" alt=\"\" width=\"105\" height=\"49\" \/><\/a><\/p>","protected":false},"excerpt":{"rendered":"<p>Avec notre sweat tu vas \u00eatre tarpin bg mon bebew !\u00a0 Le sweat d\u00e9contract\u00e9 \u00e0 col rond vert clair de la World Edition, qui te garantit un confort gr\u00e2ce \u00e0 sa composition en coton 100% bio, n&#8217;attend que toi! Sweat unisexe Marquage broderie de 5000 \u00e0 9999 points &#8220;Delta Festival&#8221; blanc \u00e0 l&#8217;avant gauche Marquage [&hellip;]<\/p>","protected":false},"featured_media":4020,"comment_status":"open","ping_status":"closed","template":"","meta":{"_et_pb_use_builder":"","_et_pb_old_content":"","_et_gb_content_width":""},"product_cat":[25],"product_tag":[],"_links":{"self":[{"href":"https:\/\/newdelta.placeholder.tn\/en\/wp-json\/wp\/v2\/product\/4014"}],"collection":[{"href":"https:\/\/newdelta.placeholder.tn\/en\/wp-json\/wp\/v2\/product"}],"about":[{"href":"https:\/\/newdelta.placeholder.tn\/en\/wp-json\/wp\/v2\/types\/product"}],"replies":[{"embeddable":true,"href":"https:\/\/newdelta.placeholder.tn\/en\/wp-json\/wp\/v2\/comments?post=4014"}],"wp:featuredmedia":[{"embeddable":true,"href":"https:\/\/newdelta.placeholder.tn\/en\/wp-json\/wp\/v2\/media\/4020"}],"wp:attachment":[{"href":"https:\/\/newdelta.placeholder.tn\/en\/wp-json\/wp\/v2\/media?parent=4014"}],"wp:term":[{"taxonomy":"product_cat","embeddable":true,"href":"https:\/\/newdelta.placeholder.tn\/en\/wp-json\/wp\/v2\/product_cat?post=4014"},{"taxonomy":"product_tag","embeddable":true,"href":"https:\/\/newdelta.placeholder.tn\/en\/wp-json\/wp\/v2\/product_tag?post=4014"}],"curies":[{"name":"wp","href":"https:\/\/api.w.org\/{rel}","templated":true}]}}