{"id":3993,"date":"2023-01-31T13:43:56","date_gmt":"2023-01-31T18:43:56","guid":{"rendered":"https:\/\/www.delta-festival.com\/?post_type=product&#038;p=3993"},"modified":"2023-08-06T05:03:49","modified_gmt":"2023-08-06T09:03:49","slug":"sweatshirt-premium-world-edition-vert-2022","status":"publish","type":"product","link":"https:\/\/newdelta.placeholder.tn\/en\/product\/sweatshirt-premium-world-edition-vert-2022\/","title":{"rendered":"Premium World Edition Sweatshirt Green"},"content":{"rendered":"<h4><strong>My well sapped spoiled brat you would be with a bought sweater!<\/strong><\/h4>\n<ul>\n<li>The World Edition Green hoodie, from our premium collection, will guarantee you a remarkable comfort thanks to its organic cotton, and will sublimate your style with its unique design.<\/li>\n<li>Unisex sweatshirt<\/li>\n<li>Embroidery marking from 5000 to 9999 stitches \"Delta Festival\" white on the front left<\/li>\n<li>5 color direct screen printing \"World Edition Logo\" on the back<\/li>\n<li>Normal cut<\/li>\n<li>Kangaroo pocket<\/li>\n<li>Mounted sleeves<\/li>\n<li>Hood lined in the main material<\/li>\n<li>Round cord, tone on tone, with metal end cap<\/li>\n<\/ul>\n<div class='et-learn-more clearfix'>\n\t\t\t\t\t<h3 class='heading-more'>Composition<span class='et_learnmore_arrow'><span><\/span><\/span><\/h3>\n\t\t\t\t\t<div class='learn-more-content'>Brushed fleece, 85% spun and combed organic cotton, 15% recycled polyester, Washed fabric, Soft touch, 350 GSM<\/div>\n\t\t\t\t<\/div>\n<div class='et-learn-more clearfix'>\n\t\t\t\t\t<h3 class='heading-more'>Interview tips<span class='et_learnmore_arrow'><span><\/span><\/span><\/h3>\n\t\t\t\t\t<div class='learn-more-content'>- Sweatshirt to wash inside out with similar colors<\/p>\n<p>- Do not iron on the print and iron on the reverse side<\/div>\n\t\t\t\t<\/div>\n<p>&nbsp;<\/p>\n<p><a href=\"https:\/\/newdelta.placeholder.tn\/wp-content\/uploads\/2023\/02\/Guide-taille-sweat-capuche-e1677247714601.png\"><span style=\"text-decoration: underline\"><strong><em>Size guide<\/em><\/strong><\/span><\/a><\/p>\n<p>&nbsp;<\/p>\n<p><img decoding=\"async\" loading=\"lazy\" class=\"alignnone wp-image-4449\" src=\"https:\/\/newdelta.placeholder.tn\/wp-content\/uploads\/2023\/02\/1200px-global_organic_textile_standard_logo.svg-1024x1015-1-300x297.png\" alt=\"\" width=\"54\" height=\"53\" \/><img decoding=\"async\" loading=\"lazy\" class=\"alignnone wp-image-4448\" src=\"https:\/\/newdelta.placeholder.tn\/wp-content\/uploads\/2023\/02\/FairWear-logo-RGB-1-300x148.png\" alt=\"\" width=\"90\" height=\"44\" \/>\u00a0<img decoding=\"async\" loading=\"lazy\" class=\"alignnone wp-image-4451\" src=\"https:\/\/newdelta.placeholder.tn\/wp-content\/uploads\/2023\/02\/Oeko-Text-logo-organic-products-v2-300x157.png\" alt=\"\" width=\"80\" height=\"42\" \/><a href=\"https:\/\/newdelta.placeholder.tn\/wp-content\/uploads\/2023\/02\/PETAapprovedveganLOGO_black-e1677236062578.png\"><img decoding=\"async\" loading=\"lazy\" class=\"wp-image-4450 alignnone\" src=\"https:\/\/newdelta.placeholder.tn\/wp-content\/uploads\/2023\/02\/PETAapprovedveganLOGO_black-e1677236062578-300x140.png\" alt=\"\" width=\"105\" height=\"49\" \/><\/a><\/p>\n<p>&nbsp;<\/p>","protected":false},"excerpt":{"rendered":"<p>Mon gat\u00e9 bien sapp\u00e9 tu serais avec un sweat achet\u00e9 ! Le sweat-shirt \u00e0 capuche World Edition Vert, issu de notre collection premium saura te garantir un confort remarquable gr\u00e2ce \u00e0 son coton bio, et saura sublimer ton style avec son design unique. Sweat-shirt unisexe Marquage broderie de 5000 \u00e0 9999 points &#8220;Delta Festival&#8221; blanc [&hellip;]<\/p>","protected":false},"featured_media":4006,"comment_status":"open","ping_status":"closed","template":"","meta":{"_et_pb_use_builder":"","_et_pb_old_content":"","_et_gb_content_width":""},"product_cat":[25],"product_tag":[],"_links":{"self":[{"href":"https:\/\/newdelta.placeholder.tn\/en\/wp-json\/wp\/v2\/product\/3993"}],"collection":[{"href":"https:\/\/newdelta.placeholder.tn\/en\/wp-json\/wp\/v2\/product"}],"about":[{"href":"https:\/\/newdelta.placeholder.tn\/en\/wp-json\/wp\/v2\/types\/product"}],"replies":[{"embeddable":true,"href":"https:\/\/newdelta.placeholder.tn\/en\/wp-json\/wp\/v2\/comments?post=3993"}],"wp:featuredmedia":[{"embeddable":true,"href":"https:\/\/newdelta.placeholder.tn\/en\/wp-json\/wp\/v2\/media\/4006"}],"wp:attachment":[{"href":"https:\/\/newdelta.placeholder.tn\/en\/wp-json\/wp\/v2\/media?parent=3993"}],"wp:term":[{"taxonomy":"product_cat","embeddable":true,"href":"https:\/\/newdelta.placeholder.tn\/en\/wp-json\/wp\/v2\/product_cat?post=3993"},{"taxonomy":"product_tag","embeddable":true,"href":"https:\/\/newdelta.placeholder.tn\/en\/wp-json\/wp\/v2\/product_tag?post=3993"}],"curies":[{"name":"wp","href":"https:\/\/api.w.org\/{rel}","templated":true}]}}