{"id":8310,"date":"2024-02-23T03:59:14","date_gmt":"2024-02-23T08:59:14","guid":{"rendered":"https:\/\/www.delta-festival.com\/service-civique-stage-charge-e-de-projet-monde-des-possibles-copy\/"},"modified":"2024-02-23T04:06:27","modified_gmt":"2024-02-23T09:06:27","slug":"stage-charge-de-projets-international-economie","status":"publish","type":"page","link":"https:\/\/newdelta.placeholder.tn\/en\/stage-charge-de-projets-international-economie\/","title":{"rendered":"Stage : Charg\u00e9 de projets &#8211; International &#038; Economie"},"content":{"rendered":"<p>[et_pb_section fb_built=&#8221;1&#8243; _builder_version=&#8221;4.19.1&#8243; _module_preset=&#8221;default&#8221; background_color=&#8221;#69b3d7&#8243; background_enable_image=&#8221;off&#8221; custom_margin=&#8221;||0px||false|false&#8221; custom_padding=&#8221;||0px||false|false&#8221; global_colors_info=&#8221;{}&#8221;][et_pb_row _builder_version=&#8221;4.19.1&#8243; _module_preset=&#8221;default&#8221; max_width=&#8221;100%&#8221; custom_margin=&#8221;150px||||false|false&#8221; custom_margin_tablet=&#8221;150px||||false|false&#8221; custom_margin_phone=&#8221;50px||||false|false&#8221; custom_margin_last_edited=&#8221;on|tablet&#8221; custom_padding=&#8221;||100px||false|false&#8221; global_colors_info=&#8221;{}&#8221;][et_pb_column type=&#8221;4_4&#8243; _builder_version=&#8221;4.19.1&#8243; _module_preset=&#8221;default&#8221; global_colors_info=&#8221;{}&#8221;][et_pb_text _builder_version=&#8221;4.19.1&#8243; _module_preset=&#8221;default&#8221; text_font=&#8221;Heavitas|||on|||||&#8221; text_text_color=&#8221;#FFFFFF&#8221; text_font_size=&#8221;30px&#8221; text_line_height=&#8221;1.8em&#8221; header_font=&#8221;Heavitas|500||on|||||&#8221; header_text_align=&#8221;center&#8221; header_text_color=&#8221;#FFFFFF&#8221; header_font_size=&#8221;40px&#8221; header_2_font=&#8221;|700|||||||&#8221; header_2_text_color=&#8221;#FFFFFF&#8221; text_orientation=&#8221;center&#8221; text_font_size_tablet=&#8221;16px&#8221; text_font_size_phone=&#8221;14px&#8221; text_font_size_last_edited=&#8221;on|phone&#8221; header_font_size_tablet=&#8221;40px&#8221; header_font_size_phone=&#8221;30px&#8221; header_font_size_last_edited=&#8221;on|phone&#8221; global_colors_info=&#8221;{}&#8221;]<\/p>\n<h1>Charg\u00e9 de projets &#8211; International &amp; Economie<\/h1>\n<p>Stage<\/p>\n<p>[\/et_pb_text][\/et_pb_column][\/et_pb_row][et_pb_row custom_padding_last_edited=&#8221;on|phone&#8221; disabled_on=&#8221;off|off|off&#8221; _builder_version=&#8221;4.19.1&#8243; _module_preset=&#8221;default&#8221; background_color=&#8221;#FFFFFF&#8221; max_width=&#8221;100%&#8221; custom_margin=&#8221;||||false|false&#8221; custom_margin_phone=&#8221;||0px||false|false&#8221; custom_margin_last_edited=&#8221;off|desktop&#8221; custom_padding=&#8221;|50px||50px|false|true&#8221; custom_padding_tablet=&#8221;|50px||50px|false|true&#8221; custom_padding_phone=&#8221;|10px||10px|false|true&#8221; global_colors_info=&#8221;{}&#8221;][et_pb_column type=&#8221;4_4&#8243; _builder_version=&#8221;4.19.1&#8243; _module_preset=&#8221;default&#8221; global_colors_info=&#8221;{}&#8221;][et_pb_text _builder_version=&#8221;4.19.1&#8243; _module_preset=&#8221;default&#8221; text_font=&#8221;Helvetica Neue Medium||||||||&#8221; text_text_color=&#8221;#000000&#8243; header_2_font=&#8221;Heavitas||||||||&#8221; header_2_text_align=&#8221;left&#8221; header_2_text_color=&#8221;#443a81&#8243; header_2_font_size=&#8221;22px&#8221; header_2_line_height=&#8221;1.4em&#8221; header_2_text_align_tablet=&#8221;left&#8221; header_2_text_align_phone=&#8221;center&#8221; header_2_text_align_last_edited=&#8221;on|phone&#8221; header_2_font_size_tablet=&#8221;18px&#8221; header_2_font_size_phone=&#8221;12px&#8221; header_2_font_size_last_edited=&#8221;on|phone&#8221; global_colors_info=&#8221;{}&#8221;]<\/p>\n<div class=\"p-pdf_iframe__page\" aria-label=\"Page\u00a01\" data-page-number=\"1\">\n<div class=\"textLayer\"><strong><span dir=\"ltr\" role=\"presentation\">OFFRE DE STAGE :<br \/><\/span><\/strong><br role=\"presentation\" \/><i>A pourvoir d\u00e8s Juillet 2024<br \/><\/i><i>Stage de 6 mois (Juillet &#8211; D\u00e9cembre 2024)<br \/><\/i><i>Full time<br \/><\/i><i>Lieu : Marseille 1er &#8211; R\u00e9gion Sud- R\u00e9gion Occitanie <\/i><\/p>\n<p><em><span dir=\"ltr\" role=\"presentation\"><br \/><\/span><\/em><br role=\"presentation\" \/><strong><span dir=\"ltr\" role=\"presentation\">PRESENTATION OF THE STRUCTURE :<\/p>\n<p><\/span><\/strong><span style=\"font-weight: 400;\">R\u00e9unissant sur 5 jours pr\u00e8s de 150 000 visiteurs, le Delta Festival h\u00e9berge ainsi en son sein le Forum du Monde des Possibles. Cet espace est le plus grand forum jeunesse de France, qui associe et f\u00e9d\u00e8re plus de 700 acteurs engag\u00e9s (associations, entreprises, institutions, Consulats, m\u00e9dias, etc).<br \/><\/span><span style=\"font-weight: 400;\">Il regroupe alors 10 Villages et 6 Agoras autour de 6 enjeux majeurs du monde de demain : l\u2019environnement, le vivre-ensemble, l&#8217;\u00e9conomie, la sant\u00e9, la culture et les relations internationales.<\/span><\/p>\n<ul>\n<li style=\"font-weight: 400;\" aria-level=\"1\"><strong>Village M\u00e9diterran\u00e9e, Europe et International<\/strong><\/li>\n<\/ul>\n<p><span style=\"font-weight: 400;\">Convaincus de l\u2019importance pour les jeunes de s\u2019ouvrir aux relations internationales et suite \u00e0 la crise actuelle, Delta France Association souhaite davantage encourager les nouvelles rencontres culturelles, sensibiliser les festivaliers \u00e0 certains enjeux et d\u00e9fis mondiaux, et surtout valoriser les avantages des \u00e9changes internationaux.\u00a0<br \/><\/span><span style=\"font-weight: 400;\">Pour cela, nous avons cr\u00e9\u00e9 le \u201cMonde des Possibles\u201d qui prend place au c\u0153ur du Delta Festival, regroupant alors tous les engagements de l\u2019association, tel que le Village M\u00e9diterran\u00e9e, Europe &amp; International.<br \/><\/span><span style=\"font-weight: 400;\"><br \/>Ces diff\u00e9rentes th\u00e9matiques sont \u00e9galement d\u00e9clin\u00e9es \u00e0 l\u2019ann\u00e9e \u00e0 travers diff\u00e9rents <\/span><span style=\"font-weight: 400;\">programmes d\u2019int\u00e9r\u00eat g\u00e9n\u00e9ral tels que :\u00a0<\/span><\/p>\n<ul>\n<li style=\"font-weight: 400;\" aria-level=\"1\"><strong>Programme Impact Us<\/strong><\/li>\n<\/ul>\n<p><span style=\"font-weight: 400;\">Le Programme Impact Us est un programme de rencontres et d&#8217;\u00e9changes entre entrepreneurs de France et d&#8217;Afrique ayant des projets en lien avec les Objectifs de D\u00e9veloppement Durable.<\/p>\n<p><\/span><span style=\"font-weight: 400;\">Ce programme offre l\u2019opportunit\u00e9 \u00e0 15 entrepreneurs fran\u00e7ais \u00e0 impact de se rendre gratuitement en Tunisie, au S\u00e9n\u00e9gal ou au Maroc, afin d&#8217;y rencontrer des entrepreneurs de l&#8217;autre rive de la M\u00e9diterran\u00e9e, de d\u00e9velopper leur projet et de faire \u00e9merger de nouvelles solutions innovantes face aux grands enjeux mondiaux actuels.<\/p>\n<p><\/span><span style=\"font-weight: 400;\">Effectivement, chacun de ces s\u00e9minaires sera ax\u00e9 sur l\u2019un des 17 Objectifs de D\u00e9veloppement Durable afin de les faire r\u00e9fl\u00e9chir sur les d\u00e9fis auxquels les deux rives font face.\u00a0<\/span><\/p>\n<p><span style=\"font-weight: 400;\"><strong>Dates cl\u00e9s du programme :\u00a0<\/strong><br \/><\/span><span style=\"font-weight: 400;\">Avril 2024 : S\u00e9minaire en Tunisie<br \/><\/span><span style=\"font-weight: 400;\">Juin 2024 : S\u00e9minaire au S\u00e9n\u00e9gal\u00a0<br \/><\/span><span style=\"font-weight: 400;\">Septembre 2024 : venus des entrepreneurs tunisiens, s\u00e9n\u00e9galais et marocains sur le Delta Festival\u00a0<br \/><\/span><span style=\"font-weight: 400;\">D\u00e9cembre 2024 : S\u00e9minaire au Maroc\u00a0<\/span><\/p>\n<ul>\n<li style=\"font-weight: 400;\" aria-level=\"1\"><strong>Programme Invest in Me<\/strong><\/li>\n<\/ul>\n<p><span style=\"font-weight: 400;\">Depuis 2018, Delta France Associations s&#8217;est donn\u00e9 pour mission de valoriser l&#8217;entrepreneuriat en s&#8217;associant avec les acteurs de l&#8217;\u00e9cosyst\u00e8me entrepreneurial : les \u00e9tudiants-entrepreneurs du r\u00e9seau p\u00e9pite, les start-up et les structures d&#8217;accompagnement \u00e0 la cr\u00e9ation d&#8217;entreprise.<\/p>\n<p><\/span><span style=\"font-weight: 400;\">Afin de consolider cet engagement, l\u2019association a d\u00e9velopp\u00e9 en 2021 un nouveau programme annuel de soutien \u00e0 l\u2019entrepreneuriat \u00e9tudiant, sous forme de s\u00e9ries d\u2019\u00e9v\u00e9nements, d\u2019ateliers et d\u2019animations dans le but de donner les cl\u00e9s aux jeunes qui souhaitent entreprendre et de les mettre en relation avec les structures qui pourront les aider et les accompagner dans cette d\u00e9marche de cr\u00e9ation d&#8217;entreprise.\u00a0<\/p>\n<p><\/span><span style=\"font-weight: 400;\">Ces ateliers r\u00e9unissent ainsi 30 \u00e0 40 participants dans les locaux d\u2019incubateurs et autres dispositifs partenaires afin d\u2019acqu\u00e9rir les outils n\u00e9cessaires \u00e0 la cr\u00e9ation d\u2019entreprise gr\u00e2ce \u00e0 des ateliers participatifs et des retours d\u2019exp\u00e9riences de jeunes entrepreneurs.<\/p>\n<p><\/span><strong><span dir=\"ltr\" role=\"presentation\">JOB DESCRIPTION:<br \/><\/span><\/strong><\/p>\n<p><span style=\"font-weight: 400;\">Rattach\u00e9(e) au p\u00f4le des Relations Institutionnelles, le\/la charg\u00e9.e de projets aura pour mission d\u2019assister les responsables qui coordonnent le Programme Invest in Me et le Hub M\u00e9diterran\u00e9e, Europe et International\u00a0<\/span><\/p>\n<ul>\n<li style=\"font-weight: 400;\" aria-level=\"1\"><span style=\"font-weight: 400;\">Conception, mise en oeuvre et suivi technique, logistique et budg\u00e9taire du Hub M\u00e9diterran\u00e9e, Europe et International (Village + Programme Impact Us)<\/span><\/li>\n<li style=\"font-weight: 400;\" aria-level=\"1\"><span style=\"font-weight: 400;\">Accompagnement des partenaires dans la conception de leur stand et de leur animation, ainsi que dans la pr\u00e9paration de leur venue sur le Village M\u00e9diterran\u00e9e, Europe et International<\/span><\/li>\n<li style=\"font-weight: 400;\" aria-level=\"1\"><span style=\"font-weight: 400;\">Force de proposition dans la conception et la cr\u00e9ation du programme Invest in Me et du Hub M\u00e9diterran\u00e9e, Europe et International (Village + programme Impact Us)<\/span><\/li>\n<li style=\"font-weight: 400;\" aria-level=\"1\"><span style=\"font-weight: 400;\">D\u00e9veloppement, co-cr\u00e9ation et coordination des ateliers du Programme Invest in Me avec les partenaires (prospection des partenaires qui accueilleront et animeront l\u2019atelier, prise de rendez-vous, suivi des relations etc.)\u00a0<\/span><\/li>\n<li style=\"font-weight: 400;\" aria-level=\"1\"><span style=\"font-weight: 400;\">Pr\u00e9paration et mise en place logistique des \u00e9v\u00e9nements du Programme Invest in Me (identification des besoins, pr\u00e9paration de visuel, pr\u00e9paration du buffet, installation de la salle etc)<\/span><\/li>\n<li style=\"font-weight: 400;\" aria-level=\"1\"><span style=\"font-weight: 400;\">Suivi des participants aux ateliers et bilan avec les partenaires<\/span><\/li>\n<li style=\"font-weight: 400;\" aria-level=\"1\"><span style=\"font-weight: 400;\">Cr\u00e9ation de visuels et textes de communication<\/span><\/li>\n<li style=\"font-weight: 400;\" aria-level=\"1\"><span style=\"font-weight: 400;\">Force de proposition dans la cr\u00e9ation du Hub M\u00e9diterran\u00e9e, Europe et International (programme annuel et Agora)\u00a0<\/span><\/li>\n<li style=\"font-weight: 400;\" aria-level=\"1\"><span style=\"font-weight: 400;\">Bilans avec les partenaires de chaque projets (Villages + Programmes) <\/span><\/li>\n<\/ul>\n<\/div>\n<\/div>\n<div class=\"p-pdf_iframe__page\" aria-label=\"Page\u00a02\" data-page-number=\"2\">\n<div class=\"textLayer\" style=\"text-align: left;\">\n<p><span dir=\"ltr\" role=\"presentation\"><strong>PROFILE SOUGHT:<\/strong><\/span><\/p>\n<p><span style=\"font-weight: 400;\">Niveau Bac+2 minimum<\/span><\/p>\n<ul>\n<li style=\"font-weight: 400;\" aria-level=\"1\"><span style=\"font-weight: 400;\">Dynamique, autonome et motiv\u00e9.e<\/span><\/li>\n<li style=\"font-weight: 400;\" aria-level=\"1\"><span style=\"font-weight: 400;\">Int\u00e9ress\u00e9.e par l\u2019ouverture \u00e0 l\u2019international et l\u2019entrepreneuriat<\/span><\/li>\n<li style=\"font-weight: 400;\" aria-level=\"1\"><span style=\"font-weight: 400;\">Excellent relationnel et bonne pr\u00e9sentation\u00a0<\/span><\/li>\n<li style=\"font-weight: 400;\" aria-level=\"1\"><span style=\"font-weight: 400;\">Connaissance du fonctionnement des institutions fran\u00e7aises<\/span><\/li>\n<li style=\"font-weight: 400;\" aria-level=\"1\"><span style=\"font-weight: 400;\">Connaissance en management et gestion de projet<\/span><\/li>\n<li style=\"font-weight: 400;\" aria-level=\"1\"><span style=\"font-weight: 400;\">Techniques commerciales et de n\u00e9gociations ma\u00eetris\u00e9es\u00a0<\/span><\/li>\n<li style=\"font-weight: 400;\" aria-level=\"1\"><span style=\"font-weight: 400;\">Tr\u00e8s bon anglais<\/span><\/li>\n<\/ul>\n<p><span dir=\"ltr\" role=\"presentation\">Send your application (letter + CV) to <\/span><em><span dir=\"ltr\" role=\"presentation\">application@delta-festival.<\/span> <span dir=\"ltr\" role=\"presentation\">com<\/span><\/em> <br role=\"presentation\" \/><span dir=\"ltr\" role=\"presentation\">Website : <\/span><em><span dir=\"ltr\" role=\"presentation\">https:\/\/newdelta.placeholder.tn<\/span><\/em><\/p>\n<\/div>\n<\/div>\n<p>[\/et_pb_text][\/et_pb_column][\/et_pb_row][et_pb_row _builder_version=&#8221;4.19.1&#8243; _module_preset=&#8221;default&#8221; global_colors_info=&#8221;{}&#8221;][et_pb_column type=&#8221;4_4&#8243; _builder_version=&#8221;4.19.1&#8243; _module_preset=&#8221;default&#8221; global_colors_info=&#8221;{}&#8221;][et_pb_divider show_divider=&#8221;off&#8221; _builder_version=&#8221;4.19.1&#8243; _module_preset=&#8221;default&#8221; custom_margin=&#8221;53px||||false|false&#8221; custom_margin_tablet=&#8221;53px||||false|false&#8221; custom_margin_phone=&#8221;53px||||false|false&#8221; custom_margin_last_edited=&#8221;on|desktop&#8221; global_colors_info=&#8221;{}&#8221;][\/et_pb_divider][\/et_pb_column][\/et_pb_row][et_pb_row _builder_version=&#8221;4.19.1&#8243; _module_preset=&#8221;default&#8221; global_colors_info=&#8221;{}&#8221;][et_pb_column type=&#8221;4_4&#8243; _builder_version=&#8221;4.19.1&#8243; _module_preset=&#8221;default&#8221; custom_css_main_element=&#8221;    display: flex;||    flex-direction: column;||    align-items: center;||    justify-content: space-between;&#8221; global_colors_info=&#8221;{}&#8221;][et_pb_text _builder_version=&#8221;4.19.1&#8243; _module_preset=&#8221;default&#8221; text_text_color=&#8221;#FFFFFF&#8221; header_3_font=&#8221;Heavitas||||||||&#8221; header_3_text_color=&#8221;#FFFFFF&#8221; header_3_font_size=&#8221;36px&#8221; header_3_font_size_tablet=&#8221;36px&#8221; header_3_font_size_phone=&#8221;26px&#8221; header_3_font_size_last_edited=&#8221;on|phone&#8221; global_colors_info=&#8221;{}&#8221;]<\/p>\n<h3 style=\"text-align: center\">SUBSCRIBE to the NEWSLETTER<\/h3>\n<p>[\/et_pb_text][et_pb_code _builder_version=\"4.19.1\u2033 _module_preset=\"default\" global_colors_info=\"{}\"]\t\t\t<form id=\"sib_signup_form_1\" method=\"post\" class=\"sib_signup_form\" action=\"\">\n\t\t\t\t<div class=\"sib_loader\" style=\"display:none;\"><img\n\t\t\t\t\t\t\tsrc=\"https:\/\/newdelta.placeholder.tn\/wp-includes\/images\/spinner.gif\" alt=\"loader\"><\/div>\n\t\t\t\t<input type=\"hidden\" name=\"sib_form_action\" value=\"subscribe_form_submit\">\n\t\t\t\t<input type=\"hidden\" name=\"sib_form_id\" value=\"1\">\n                <input type=\"hidden\" name=\"sib_form_alert_notice\" value=\"Veuillez remplir ce champ\">\n                <input type=\"hidden\" name=\"sib_security\" value=\"3750b09311\">\n\t\t\t\t<div class=\"sib_signup_box_inside_1\">\n\t\t\t\t\t<div style=\"\/*display:none*\/\" class=\"sib_msg_disp\">\n\t\t\t\t\t<\/div>\n\t\t\t\t\t<p class=\"sib-NAME-area\">\r\n    Enter your name\r\n    <input type=\"text\" class=\"sib-NAME-area\" name=\"NAME\">\r\n<\/p>\r\n<p class=\"sib-email-area\">\r\n    Email address\r\n    <input type=\"email\" class=\"sib-email-area\" name=\"email\" required=\"required\">\r\n<\/p>\r\n<p>\r\n    <input type=\"submit\" class=\"sib-default-btn\" value=\"I subscribe\">\r\n<\/p>\r\n\t\t\t\t<\/div>\n\t\t\t<input type=\"hidden\" name=\"trp-form-language\" value=\"en\"\/><\/form>\n\t\t\t<style>\n\t\t\t\tform#sib_signup_form_1 p.sib-alert-message {\n    padding: 6px 12px;\n    margin-bottom: 20px;\n    border: 1px solid transparent;\n    border-radius: 4px;\n    -webkit-box-sizing: border-box;\n    -moz-box-sizing: border-box;\n    box-sizing: border-box;\n}\nform#sib_signup_form_1 p.sib-alert-message-error {\n    background-color: #f2dede;\n    border-color: #ebccd1;\n    color: #a94442;\n}\nform#sib_signup_form_1 p.sib-alert-message-success {\n    background-color: #dff0d8;\n    border-color: #d6e9c6;\n    color: #3c763d;\n}\nform#sib_signup_form_1 p.sib-alert-message-warning {\n    background-color: #fcf8e3;\n    border-color: #faebcc;\n    color: #8a6d3b;\n}\n\t\t\t<\/style>\n\t\t\t\t[\/et_pb_code][et_pb_divider show_divider=\"off\" _builder_version=\"4.19.1\u2033 _module_preset=\"default\" min_height=\"200px\" global_colors_info=\"{}\"][\/et_pb_divider][\/et_pb_column][\/et_pb_row][\/et_pb_section]<\/p>","protected":false},"excerpt":{"rendered":"<p>Charg\u00e9 de projets &#8211; International &amp; Economie Stage OFFRE DE STAGE :A pourvoir d\u00e8s Juillet 2024Stage de 6 mois (Juillet &#8211; D\u00e9cembre 2024)Temps pleinLieu : Marseille 1er &#8211; R\u00e9gion Sud- R\u00e9gion Occitanie PR\u00c9SENTATION DE LA STRUCTURE : R\u00e9unissant sur 5 jours pr\u00e8s de 150 000 visiteurs, le Delta Festival h\u00e9berge ainsi en son sein le [&hellip;]<\/p>","protected":false},"author":3,"featured_media":0,"parent":0,"menu_order":0,"comment_status":"closed","ping_status":"closed","template":"","meta":{"_et_pb_use_builder":"on","_et_pb_old_content":"","_et_gb_content_width":""},"_links":{"self":[{"href":"https:\/\/newdelta.placeholder.tn\/en\/wp-json\/wp\/v2\/pages\/8310"}],"collection":[{"href":"https:\/\/newdelta.placeholder.tn\/en\/wp-json\/wp\/v2\/pages"}],"about":[{"href":"https:\/\/newdelta.placeholder.tn\/en\/wp-json\/wp\/v2\/types\/page"}],"author":[{"embeddable":true,"href":"https:\/\/newdelta.placeholder.tn\/en\/wp-json\/wp\/v2\/users\/3"}],"replies":[{"embeddable":true,"href":"https:\/\/newdelta.placeholder.tn\/en\/wp-json\/wp\/v2\/comments?post=8310"}],"version-history":[{"count":3,"href":"https:\/\/newdelta.placeholder.tn\/en\/wp-json\/wp\/v2\/pages\/8310\/revisions"}],"predecessor-version":[{"id":8314,"href":"https:\/\/newdelta.placeholder.tn\/en\/wp-json\/wp\/v2\/pages\/8310\/revisions\/8314"}],"wp:attachment":[{"href":"https:\/\/newdelta.placeholder.tn\/en\/wp-json\/wp\/v2\/media?parent=8310"}],"curies":[{"name":"wp","href":"https:\/\/api.w.org\/{rel}","templated":true}]}}