{"id":8270,"date":"2024-02-19T11:13:26","date_gmt":"2024-02-19T16:13:26","guid":{"rendered":"https:\/\/www.delta-festival.com\/offre-stage-assistant-e-de-direction-copy\/"},"modified":"2024-02-19T11:22:44","modified_gmt":"2024-02-19T16:22:44","slug":"offre-de-stage-6-mois-assistant-e-des-villages-start-up-et-opportunites","status":"publish","type":"page","link":"https:\/\/newdelta.placeholder.tn\/en\/offre-de-stage-6-mois-assistant-e-des-villages-start-up-et-opportunites\/","title":{"rendered":"OFFRE DE STAGE (6 mois) : Assistant.e des Villages Start-up et Opportunit\u00e9s"},"content":{"rendered":"<p>[et_pb_section fb_built=&#8221;1&#8243; _builder_version=&#8221;4.19.1&#8243; _module_preset=&#8221;default&#8221; background_color=&#8221;#69b3d7&#8243; background_enable_image=&#8221;off&#8221; custom_margin=&#8221;||0px||false|false&#8221; custom_padding=&#8221;||0px||false|false&#8221; global_colors_info=&#8221;{}&#8221;][et_pb_row _builder_version=&#8221;4.19.1&#8243; _module_preset=&#8221;default&#8221; max_width=&#8221;100%&#8221; custom_margin=&#8221;150px||||false|false&#8221; custom_margin_tablet=&#8221;150px||||false|false&#8221; custom_margin_phone=&#8221;50px||||false|false&#8221; custom_margin_last_edited=&#8221;on|tablet&#8221; custom_padding=&#8221;||100px||false|false&#8221; global_colors_info=&#8221;{}&#8221;][et_pb_column type=&#8221;4_4&#8243; _builder_version=&#8221;4.19.1&#8243; _module_preset=&#8221;default&#8221; global_colors_info=&#8221;{}&#8221;][et_pb_text _builder_version=&#8221;4.19.1&#8243; _module_preset=&#8221;default&#8221; text_font=&#8221;Heavitas|||on|||||&#8221; text_text_color=&#8221;#FFFFFF&#8221; text_font_size=&#8221;30px&#8221; text_line_height=&#8221;1.8em&#8221; header_font=&#8221;Heavitas|500||on|||||&#8221; header_text_align=&#8221;center&#8221; header_text_color=&#8221;#FFFFFF&#8221; header_font_size=&#8221;40px&#8221; header_2_font=&#8221;|700|||||||&#8221; header_2_text_color=&#8221;#FFFFFF&#8221; text_orientation=&#8221;center&#8221; text_font_size_tablet=&#8221;16px&#8221; text_font_size_phone=&#8221;14px&#8221; text_font_size_last_edited=&#8221;on|phone&#8221; header_font_size_tablet=&#8221;40px&#8221; header_font_size_phone=&#8221;30px&#8221; header_font_size_last_edited=&#8221;on|phone&#8221; global_colors_info=&#8221;{}&#8221;]<\/p>\n<h1 style=\"text-align: center;\"><span dir=\"ltr\" role=\"presentation\">Assistant.e des Villages Start-up <br \/><\/span><span dir=\"ltr\" role=\"presentation\">et Opportunit\u00e9s<\/span><\/h1>\n<p>INTERNSHIP OFFER<\/p>\n<p>[\/et_pb_text][\/et_pb_column][\/et_pb_row][et_pb_row custom_padding_last_edited=&#8221;on|phone&#8221; disabled_on=&#8221;off|off|off&#8221; _builder_version=&#8221;4.19.1&#8243; _module_preset=&#8221;default&#8221; background_color=&#8221;#FFFFFF&#8221; max_width=&#8221;100%&#8221; custom_margin=&#8221;||||false|false&#8221; custom_margin_phone=&#8221;||0px||false|false&#8221; custom_margin_last_edited=&#8221;off|desktop&#8221; custom_padding=&#8221;|50px||50px|false|true&#8221; custom_padding_tablet=&#8221;|50px||50px|false|true&#8221; custom_padding_phone=&#8221;|10px||10px|false|true&#8221; global_colors_info=&#8221;{}&#8221;][et_pb_column type=&#8221;4_4&#8243; _builder_version=&#8221;4.19.1&#8243; _module_preset=&#8221;default&#8221; global_colors_info=&#8221;{}&#8221;][et_pb_text _builder_version=&#8221;4.19.1&#8243; _module_preset=&#8221;default&#8221; text_font=&#8221;Helvetica Neue Medium||||||||&#8221; text_text_color=&#8221;#000000&#8243; header_2_font=&#8221;Heavitas||||||||&#8221; header_2_text_align=&#8221;left&#8221; header_2_text_color=&#8221;#443a81&#8243; header_2_font_size=&#8221;22px&#8221; header_2_line_height=&#8221;1.4em&#8221; header_2_text_align_tablet=&#8221;left&#8221; header_2_text_align_phone=&#8221;center&#8221; header_2_text_align_last_edited=&#8221;on|phone&#8221; header_2_font_size_tablet=&#8221;18px&#8221; header_2_font_size_phone=&#8221;12px&#8221; header_2_font_size_last_edited=&#8221;on|phone&#8221; global_colors_info=&#8221;{}&#8221;]<\/p>\n<div class=\"p-pdf_iframe__page\" aria-label=\"Page\u00a01\" data-page-number=\"1\">\n<div class=\"textLayer\"><strong><span dir=\"ltr\" role=\"presentation\">OFFRE DE STAGE :<br \/><\/span><\/strong><br role=\"presentation\" \/><span dir=\"ltr\" role=\"presentation\">D\u00e8s<\/span><span dir=\"ltr\" role=\"presentation\"> Mars 202<\/span><span dir=\"ltr\" role=\"presentation\">4<\/span><br role=\"presentation\" \/><span dir=\"ltr\" role=\"presentation\">Full time<\/span><br role=\"presentation\" \/><span dir=\"ltr\" role=\"presentation\">Location: Marseille, 1st<\/span><\/div>\n<div class=\"textLayer\">\n<p><br role=\"presentation\" \/><strong><span dir=\"ltr\" role=\"presentation\">PRESENTATION OF THE STRUCTURE :<br \/><\/span><\/strong><br role=\"presentation\" \/><span dir=\"ltr\" role=\"presentation\">Une exp\u00e9rience au sein de Delta France Associations, c\u2019est int\u00e9grer une association dont le <\/span><span dir=\"ltr\" role=\"presentation\">fer de lance est l\u2019engagement de la jeunesse de France. Au travers d\u2019actions en faveur de la <\/span><span dir=\"ltr\" role=\"presentation\">culture, l\u2019environnement, la sant\u00e9, la solidarit\u00e9 et l\u2019inclusion, la vie \u00e9tudiante, l\u2019innovation, la <\/span><span dir=\"ltr\" role=\"presentation\">recherche scientifique et le sport, l\u2019association se place comme l\u2019un des grands leaders de la<\/span><br role=\"presentation\" \/><span dir=\"ltr\" role=\"presentation\">mobilisation jeunesse.<br \/><\/span><br role=\"presentation\" \/><span dir=\"ltr\" role=\"presentation\">Delta France Associations, c\u2019est aussi une structure qui se d\u00e9veloppe rapidement dans une <\/span><span dir=\"ltr\" role=\"presentation\">ambiance \u201cstart-up\u201d et qui conjugue aussi bien des missions innovantes locales que <\/span><span dir=\"ltr\" role=\"presentation\">nationales ou europ\u00e9ennes.<br \/><\/span><br role=\"presentation\" \/><span dir=\"ltr\" role=\"presentation\">L\u2019association organise par ailleurs le Delta Festival. Ce grand rassemblement est devenu le <\/span><span dir=\"ltr\" role=\"presentation\">plus important forum \u00e9tudiant d\u2019Europe avec 150 000 festivaliers en 2023, 700 structures <\/span><span dir=\"ltr\" role=\"presentation\">repr\u00e9sent\u00e9es et plus de 5 000 b\u00e9n\u00e9voles \/ organisateurs. Elle organise \u00e9galement le Forum <\/span><span dir=\"ltr\" role=\"presentation\">du Monde des Possible, en plein du C\u0153ur du festival, qui h\u00e9berge plus de 700 structures <\/span><br role=\"presentation\" \/><span dir=\"ltr\" role=\"presentation\">engag\u00e9es (associations, strat-up, entreprises etc..) exposantes pour sensibiliser et dialoguer <\/span><span dir=\"ltr\" role=\"presentation\">avec elle sur les enjeux de demain.<br \/><\/span><br role=\"presentation\" \/><span dir=\"ltr\" role=\"presentation\">Cet \u00e9v\u00e9nement expose bien la philosophie du projet de l\u2019association : la n\u00e9cessit\u00e9 d\u2019allier le <\/span><span dir=\"ltr\" role=\"presentation\">festif et l\u2019engagement pour diffuser des messages positifs \u00e0 la population jeune et aux <\/span><span dir=\"ltr\" role=\"presentation\">partenaires qui gravitent autour de cet \u00e9co-syst\u00e8me.<\/span><\/p>\n<\/div>\n<div class=\"textLayer\">\n<div class=\"p-pdf_iframe__page\" aria-label=\"Page\u00a01\" data-page-number=\"1\">\n<div class=\"textLayer\"><strong><span dir=\"ltr\" role=\"presentation\">DESCRIPTION DES VILLAGES START-UP ET OPPORTUNIT\u00c9S<\/span><span dir=\"ltr\" role=\"presentation\"> :<br \/><\/span><\/strong><br role=\"presentation\" \/><span dir=\"ltr\" role=\"presentation\">Le Village Start-up<\/span><span dir=\"ltr\" role=\"presentation\"> a pour objectif de sensibiliser les jeunes autour des <\/span><br role=\"presentation\" \/><span dir=\"ltr\" role=\"presentation\">th\u00e9matiques de l\u2019entrepreneuriat et de l\u2019innovation. Pour ce faire, il accueille :<br \/><\/span><br role=\"presentation\" \/><span dir=\"ltr\" role=\"presentation\">&#8211;<\/span> <span dir=\"ltr\" role=\"presentation\">150 Start-up nationales et internationales<\/span><br role=\"presentation\" \/><span dir=\"ltr\" role=\"presentation\">&#8211;<\/span> <span dir=\"ltr\" role=\"presentation\">20 Structures d\u2019accompagnement \u00e0 l\u2019entrepreneuriat<\/span><br role=\"presentation\" \/><span dir=\"ltr\" role=\"presentation\">&#8211;<\/span> <span dir=\"ltr\" role=\"presentation\">40 \u00c9tudiants Entrepreneurs du r\u00e9seau P\u00e9pite France<br \/><\/span><br role=\"presentation\" \/><span dir=\"ltr\" role=\"presentation\">Les missions, pour le Village Start up, sont principalement de r\u00e9ussir \u00e0 faire <\/span><br role=\"presentation\" \/><span dir=\"ltr\" role=\"presentation\">d\u00e9couvrir l\u2019\u00e9cosyst\u00e8me entrepreneurial aux festivaliers, en les sensibilisant sur <\/span><span dir=\"ltr\" role=\"presentation\">cette th\u00e9matique. Notre souhait est de mettre en avant les solutions innovantes <\/span><span dir=\"ltr\" role=\"presentation\">cr\u00e9\u00e9es par des jeunes entrepreneurs, pour r\u00e9pondre aux probl\u00e9matiques <\/span><span dir=\"ltr\" role=\"presentation\">actuelles.<br \/><\/span><br role=\"presentation\" \/><strong><span dir=\"ltr\" role=\"presentation\">Le Village Opportunit\u00e9s<\/span><\/strong><span dir=\"ltr\" role=\"presentation\"> quant \u00e0 lui, met \u00e0 l\u2019honneur les th\u00e9matiques de <\/span><br role=\"presentation\" \/><span dir=\"ltr\" role=\"presentation\">l\u2019orientation, de la formation et de l\u2019emploi, o\u00f9 l\u2019on peut donc y retrouver :<br \/><\/span><br role=\"presentation\" \/><span dir=\"ltr\" role=\"presentation\">&#8211;<\/span> <span dir=\"ltr\" role=\"presentation\">10 Grandes entreprises d\u00e9tentrices d\u2019offres d\u2019emploi<\/span><br role=\"presentation\" \/><span dir=\"ltr\" role=\"presentation\">&#8211;<\/span> <span dir=\"ltr\" role=\"presentation\">15 Structures de formation, d&#8217;orientation ou d\u2019insertion professionnelle<\/span><\/div>\n<div class=\"annotationLayer\"><span dir=\"ltr\" role=\"presentation\">&#8211;<\/span> <span dir=\"ltr\" role=\"presentation\">5 Chercheurs, qui sont l\u00e0 pour valoriser le cursus universitaire de la <\/span>recherche<\/div>\n<\/div>\n<div class=\"p-pdf_iframe__page\" aria-label=\"Page\u00a02\" data-page-number=\"2\">\n<div class=\"textLayer\">\n<p><br role=\"presentation\" \/><span dir=\"ltr\" role=\"presentation\">Les missions, pour le Village Opportunit\u00e9s, sont donc d\u2019aider les jeunes dans la <\/span><span dir=\"ltr\" role=\"presentation\">construction de leur avenir. Notre souhait est de faire tomber les barri\u00e8res entre <\/span><span dir=\"ltr\" role=\"presentation\">un employeur et un employ\u00e9. Ceci en mettant en avant des structures qui, en <\/span><span dir=\"ltr\" role=\"presentation\">sortant de leur zone de confort, viennent recruter, pr\u00e9senter leur marque <\/span><span dir=\"ltr\" role=\"presentation\">employeur ou pr\u00e9senter leurs cursus de formation ou d\u2019accompagnement.<\/span><\/p>\n<p><strong>JOB DESCRIPTION:<\/strong><br \/><br role=\"presentation\" \/>Au sein de l\u2019\u00e9quipe BtoB, le stagiaire aura des missions transversales qui le <br role=\"presentation\" \/>plongeront dans l\u2019univers des Start-up et de l\u2019emploi au Delta Festival.<br \/><br role=\"presentation\" \/>Votre r\u00f4le sera d\u2019assister la responsable des Villages Start-up et Opportunit\u00e9s, dans l\u2019imagination et la cr\u00e9ation de ces espaces. Vous devrez l\u2019aider aux travers de diff\u00e9rentes missions telles que :<br \/><br role=\"presentation\" \/>\u25cf Prospection commerciale sur les 2 Villages pour trouver des exposants sur <br role=\"presentation\" \/>les diff\u00e9rentes th\u00e9matiques mises en avant<br \/><br role=\"presentation\" \/>\u25cf D\u00e9veloppement du r\u00e9seau de partenaires, prospection de nouveaux <br role=\"presentation\" \/>partenaires potentiels, suivi des partenaires d\u00e9j\u00e0 existants<br \/><br role=\"presentation\" \/>\u25cf Veille commerciale et concurrentielle sur les diff\u00e9rents \u00e9v\u00e9nements <br role=\"presentation\" \/>existants sur les th\u00e9matiques de l\u2019entrepreneuriat ou de l\u2019emploi<br \/><br role=\"presentation\" \/>\u25cf Gestion et suivi de la communication interne et externe sur ces villages\u00a0: <br role=\"presentation\" \/>cr\u00e9ation et d\u00e9finition d\u2019un plan de communication, d\u2019outils de <br role=\"presentation\" \/>communication&#8230;<br \/><br role=\"presentation\" \/>\u25cf Concevoir et mettre en oeuvre l&#8217;organisation technique, logistique et <br role=\"presentation\" \/>financi\u00e8re du Village<br \/><br role=\"presentation\" \/>\u25cf Gestion de projet\u00a0: suivi des exposants, organisation de r\u00e9unions de <br role=\"presentation\" \/>coordination, \u00e9laboration de roadbooks, pr\u00e9paration technique des <br role=\"presentation\" \/>diff\u00e9rents villages, gestion juridique et financi\u00e8re, accueil exposants<br \/><br role=\"presentation\" \/>\u25cf Logistique op\u00e9rationnelle\u00a0: gestion sur site Jour J + montage et d\u00e9montage <br role=\"presentation\" \/>des Villages<br \/><br role=\"presentation\" \/>\u25cf Post event\u00a0: reporting, facturation, analyses des retomb\u00e9es \u00e9conomiques, <br role=\"presentation\" \/>commerciales et financi\u00e8res directes et indirectes, bilan moral et retours <br role=\"presentation\" \/>d\u2019exp\u00e9rience des partenaires<\/p>\n<p>&nbsp;<\/p>\n<\/div>\n<\/div>\n<\/div>\n<\/div>\n<div class=\"p-pdf_iframe__page\" aria-label=\"Page\u00a02\" data-page-number=\"2\">\n<div class=\"textLayer\" style=\"text-align: left;\">\n<p><span dir=\"ltr\" role=\"presentation\"><strong>PROFILE SOUGHT:<\/strong><br \/><br role=\"presentation\" \/>\u25cf Niveau Master (Bac +3\/+5)<br role=\"presentation\" \/>\u25cfMa\u00eetrise d&#8217;Excel, Canva, Drive<br role=\"presentation\" \/>\u25cf De fortes connaissances sur les th\u00e9matiques de l\u2019entrepreneuriat, des <br role=\"presentation\" \/>Start-up, de l\u2019emploi, du recrutement&#8230;<br role=\"presentation\" \/>\u25cf Excellent relationnel, autonomie, sens de l\u2019organisation, cr\u00e9ativit\u00e9, force <br role=\"presentation\" \/>de proposition et ma\u00eetrise des techniques de n\u00e9gociations : fortement <br role=\"presentation\" \/>recommand\u00e9 !<br role=\"presentation\" \/>\u25cf Dynamique, motiv\u00e9.e et investi.e<\/span><\/p>\n<p>Send your application (letter + CV) to <em><span dir=\"ltr\" role=\"presentation\">application@delta-festival.<\/span> <span dir=\"ltr\" role=\"presentation\">com<\/span><\/em> <br role=\"presentation\" \/><span dir=\"ltr\" role=\"presentation\">Website : <\/span><em><span dir=\"ltr\" role=\"presentation\">https:\/\/newdelta.placeholder.tn<\/span><\/em><\/p>\n<\/div>\n<\/div>\n<p>[\/et_pb_text][\/et_pb_column][\/et_pb_row][et_pb_row _builder_version=&#8221;4.19.1&#8243; _module_preset=&#8221;default&#8221; global_colors_info=&#8221;{}&#8221;][et_pb_column type=&#8221;4_4&#8243; _builder_version=&#8221;4.19.1&#8243; _module_preset=&#8221;default&#8221; global_colors_info=&#8221;{}&#8221;][et_pb_divider show_divider=&#8221;off&#8221; _builder_version=&#8221;4.19.1&#8243; _module_preset=&#8221;default&#8221; custom_margin=&#8221;32px||||false|false&#8221; custom_margin_tablet=&#8221;32px||||false|false&#8221; custom_margin_phone=&#8221;32px||||false|false&#8221; custom_margin_last_edited=&#8221;on|phone&#8221; global_colors_info=&#8221;{}&#8221;][\/et_pb_divider][\/et_pb_column][\/et_pb_row][et_pb_row _builder_version=&#8221;4.19.1&#8243; _module_preset=&#8221;default&#8221; global_colors_info=&#8221;{}&#8221;][et_pb_column type=&#8221;4_4&#8243; _builder_version=&#8221;4.19.1&#8243; _module_preset=&#8221;default&#8221; custom_css_main_element=&#8221;    display: flex;||    flex-direction: column;||    align-items: center;||    justify-content: space-between;&#8221; global_colors_info=&#8221;{}&#8221;][et_pb_text _builder_version=&#8221;4.19.1&#8243; _module_preset=&#8221;default&#8221; text_text_color=&#8221;#FFFFFF&#8221; header_3_font=&#8221;Heavitas||||||||&#8221; header_3_text_color=&#8221;#FFFFFF&#8221; header_3_font_size=&#8221;36px&#8221; header_3_font_size_tablet=&#8221;36px&#8221; header_3_font_size_phone=&#8221;26px&#8221; header_3_font_size_last_edited=&#8221;on|phone&#8221; global_colors_info=&#8221;{}&#8221;]<\/p>\n<h3 style=\"text-align: center\">SUBSCRIBE to the NEWSLETTER<\/h3>\n<p>[\/et_pb_text][et_pb_code _builder_version=\"4.19.1\u2033 _module_preset=\"default\" global_colors_info=\"{}\"]\t\t\t<form id=\"sib_signup_form_1\" method=\"post\" class=\"sib_signup_form\" action=\"\">\n\t\t\t\t<div class=\"sib_loader\" style=\"display:none;\"><img\n\t\t\t\t\t\t\tsrc=\"https:\/\/newdelta.placeholder.tn\/wp-includes\/images\/spinner.gif\" alt=\"loader\"><\/div>\n\t\t\t\t<input type=\"hidden\" name=\"sib_form_action\" value=\"subscribe_form_submit\">\n\t\t\t\t<input type=\"hidden\" name=\"sib_form_id\" value=\"1\">\n                <input type=\"hidden\" name=\"sib_form_alert_notice\" value=\"Veuillez remplir ce champ\">\n                <input type=\"hidden\" name=\"sib_security\" value=\"5891e78d3d\">\n\t\t\t\t<div class=\"sib_signup_box_inside_1\">\n\t\t\t\t\t<div style=\"\/*display:none*\/\" class=\"sib_msg_disp\">\n\t\t\t\t\t<\/div>\n\t\t\t\t\t<p class=\"sib-NAME-area\">\r\n    Enter your name\r\n    <input type=\"text\" class=\"sib-NAME-area\" name=\"NAME\">\r\n<\/p>\r\n<p class=\"sib-email-area\">\r\n    Email address\r\n    <input type=\"email\" class=\"sib-email-area\" name=\"email\" required=\"required\">\r\n<\/p>\r\n<p>\r\n    <input type=\"submit\" class=\"sib-default-btn\" value=\"I subscribe\">\r\n<\/p>\r\n\t\t\t\t<\/div>\n\t\t\t<input type=\"hidden\" name=\"trp-form-language\" value=\"en\"\/><\/form>\n\t\t\t<style>\n\t\t\t\tform#sib_signup_form_1 p.sib-alert-message {\n    padding: 6px 12px;\n    margin-bottom: 20px;\n    border: 1px solid transparent;\n    border-radius: 4px;\n    -webkit-box-sizing: border-box;\n    -moz-box-sizing: border-box;\n    box-sizing: border-box;\n}\nform#sib_signup_form_1 p.sib-alert-message-error {\n    background-color: #f2dede;\n    border-color: #ebccd1;\n    color: #a94442;\n}\nform#sib_signup_form_1 p.sib-alert-message-success {\n    background-color: #dff0d8;\n    border-color: #d6e9c6;\n    color: #3c763d;\n}\nform#sib_signup_form_1 p.sib-alert-message-warning {\n    background-color: #fcf8e3;\n    border-color: #faebcc;\n    color: #8a6d3b;\n}\n\t\t\t<\/style>\n\t\t\t\t[\/et_pb_code][et_pb_divider show_divider=\"off\" _builder_version=\"4.19.1\u2033 _module_preset=\"default\" min_height=\"200px\" global_colors_info=\"{}\"][\/et_pb_divider][\/et_pb_column][\/et_pb_row][\/et_pb_section]<\/p>","protected":false},"excerpt":{"rendered":"<p>Assistant.e des Villages Start-up et Opportunit\u00e9s OFFRE DE STAGE OFFRE DE STAGE :D\u00e8s Mars 2024Temps pleinLieu : Marseille, 1er PR\u00c9SENTATION DE LA STRUCTURE :Une exp\u00e9rience au sein de Delta France Associations, c\u2019est int\u00e9grer une association dont le fer de lance est l\u2019engagement de la jeunesse de France. Au travers d\u2019actions en faveur de la culture, [&hellip;]<\/p>","protected":false},"author":3,"featured_media":0,"parent":0,"menu_order":0,"comment_status":"closed","ping_status":"closed","template":"","meta":{"_et_pb_use_builder":"on","_et_pb_old_content":"","_et_gb_content_width":""},"_links":{"self":[{"href":"https:\/\/newdelta.placeholder.tn\/en\/wp-json\/wp\/v2\/pages\/8270"}],"collection":[{"href":"https:\/\/newdelta.placeholder.tn\/en\/wp-json\/wp\/v2\/pages"}],"about":[{"href":"https:\/\/newdelta.placeholder.tn\/en\/wp-json\/wp\/v2\/types\/page"}],"author":[{"embeddable":true,"href":"https:\/\/newdelta.placeholder.tn\/en\/wp-json\/wp\/v2\/users\/3"}],"replies":[{"embeddable":true,"href":"https:\/\/newdelta.placeholder.tn\/en\/wp-json\/wp\/v2\/comments?post=8270"}],"version-history":[{"count":3,"href":"https:\/\/newdelta.placeholder.tn\/en\/wp-json\/wp\/v2\/pages\/8270\/revisions"}],"predecessor-version":[{"id":8276,"href":"https:\/\/newdelta.placeholder.tn\/en\/wp-json\/wp\/v2\/pages\/8270\/revisions\/8276"}],"wp:attachment":[{"href":"https:\/\/newdelta.placeholder.tn\/en\/wp-json\/wp\/v2\/media?parent=8270"}],"curies":[{"name":"wp","href":"https:\/\/api.w.org\/{rel}","templated":true}]}}