{"id":8057,"date":"2024-02-05T06:31:37","date_gmt":"2024-02-05T11:31:37","guid":{"rendered":"https:\/\/www.delta-festival.com\/cdi-chef-de-service-ressource-humaine-copy\/"},"modified":"2024-02-28T12:13:41","modified_gmt":"2024-02-28T17:13:41","slug":"offre-de-stage-6-mois-collaborateur-trice-de-direction","status":"publish","type":"page","link":"https:\/\/newdelta.placeholder.tn\/en\/offre-de-stage-6-mois-collaborateur-trice-de-direction\/","title":{"rendered":"OFFRE DE STAGE (6 MOIS) &#8211; Collaborateur.trice de direction"},"content":{"rendered":"<p>[et_pb_section fb_built=&#8221;1&#8243; _builder_version=&#8221;4.19.1&#8243; _module_preset=&#8221;default&#8221; background_color=&#8221;#69b3d7&#8243; background_enable_image=&#8221;off&#8221; custom_margin=&#8221;||0px||false|false&#8221; custom_padding=&#8221;||0px||false|false&#8221; global_colors_info=&#8221;{}&#8221;][et_pb_row _builder_version=&#8221;4.19.1&#8243; _module_preset=&#8221;default&#8221; max_width=&#8221;100%&#8221; custom_margin=&#8221;150px||||false|false&#8221; custom_margin_tablet=&#8221;150px||||false|false&#8221; custom_margin_phone=&#8221;50px||||false|false&#8221; custom_margin_last_edited=&#8221;on|tablet&#8221; custom_padding=&#8221;||100px||false|false&#8221; global_colors_info=&#8221;{}&#8221;][et_pb_column type=&#8221;4_4&#8243; _builder_version=&#8221;4.19.1&#8243; _module_preset=&#8221;default&#8221; global_colors_info=&#8221;{}&#8221;][et_pb_text _builder_version=&#8221;4.19.1&#8243; _module_preset=&#8221;default&#8221; text_font=&#8221;Heavitas|||on|||||&#8221; text_text_color=&#8221;#FFFFFF&#8221; text_font_size=&#8221;30px&#8221; text_line_height=&#8221;1.8em&#8221; header_font=&#8221;Heavitas|500||on|||||&#8221; header_text_align=&#8221;center&#8221; header_text_color=&#8221;#FFFFFF&#8221; header_font_size=&#8221;40px&#8221; header_2_font=&#8221;|700|||||||&#8221; header_2_text_color=&#8221;#FFFFFF&#8221; text_orientation=&#8221;center&#8221; text_font_size_tablet=&#8221;16px&#8221; text_font_size_phone=&#8221;14px&#8221; text_font_size_last_edited=&#8221;on|phone&#8221; header_font_size_tablet=&#8221;40px&#8221; header_font_size_phone=&#8221;30px&#8221; header_font_size_last_edited=&#8221;on|phone&#8221; global_colors_info=&#8221;{}&#8221;]<\/p>\n<h1 style=\"text-align: center;\">Assistant.e administratif.ve aupr\u00e8s de la direction<\/h1>\n<p>INTERNSHIP OFFER<\/p>\n<p>[\/et_pb_text][\/et_pb_column][\/et_pb_row][et_pb_row custom_padding_last_edited=&#8221;on|phone&#8221; disabled_on=&#8221;off|off|off&#8221; _builder_version=&#8221;4.19.1&#8243; _module_preset=&#8221;default&#8221; background_color=&#8221;#FFFFFF&#8221; max_width=&#8221;100%&#8221; custom_margin=&#8221;||||false|false&#8221; custom_margin_phone=&#8221;||0px||false|false&#8221; custom_margin_last_edited=&#8221;off|desktop&#8221; custom_padding=&#8221;|50px||50px|false|true&#8221; custom_padding_tablet=&#8221;|50px||50px|false|true&#8221; custom_padding_phone=&#8221;|10px||10px|false|true&#8221; global_colors_info=&#8221;{}&#8221;][et_pb_column type=&#8221;4_4&#8243; _builder_version=&#8221;4.19.1&#8243; _module_preset=&#8221;default&#8221; global_colors_info=&#8221;{}&#8221;][et_pb_text _builder_version=&#8221;4.19.1&#8243; _module_preset=&#8221;default&#8221; text_font=&#8221;Helvetica Neue Medium||||||||&#8221; text_text_color=&#8221;#000000&#8243; header_2_font=&#8221;Heavitas||||||||&#8221; header_2_text_align=&#8221;left&#8221; header_2_text_color=&#8221;#443a81&#8243; header_2_font_size=&#8221;22px&#8221; header_2_line_height=&#8221;1.4em&#8221; header_2_text_align_tablet=&#8221;left&#8221; header_2_text_align_phone=&#8221;center&#8221; header_2_text_align_last_edited=&#8221;on|phone&#8221; header_2_font_size_tablet=&#8221;18px&#8221; header_2_font_size_phone=&#8221;12px&#8221; header_2_font_size_last_edited=&#8221;on|phone&#8221; global_colors_info=&#8221;{}&#8221;]<\/p>\n<div class=\"p-pdf_iframe__page\" aria-label=\"Page\u00a01\" data-page-number=\"1\">\n<div class=\"textLayer\"><strong><span dir=\"ltr\" role=\"presentation\">OFFRE DE STAGE :<br \/><\/span><\/strong><br role=\"presentation\" \/><em><span dir=\"ltr\" role=\"presentation\">A partir de f\u00e9vrier\/mars 2024<br role=\"presentation\" \/>6 month internship<br role=\"presentation\" \/>Location: Marseille, 1st<\/span><\/em><\/div>\n<div class=\"textLayer\">\n<p><br role=\"presentation\" \/><strong><span dir=\"ltr\" role=\"presentation\">PRESENTATION OF THE STRUCTURE :<br \/><\/span><\/strong><br role=\"presentation\" \/><span dir=\"ltr\" role=\"presentation\">Une exp\u00e9rience au sein de Delta France Associations, c\u2019est int\u00e9grer une association dont le <\/span><span dir=\"ltr\" role=\"presentation\">fer de lance est l\u2019engagement de la jeunesse de France. Au travers d\u2019actions en faveur de la <\/span><span dir=\"ltr\" role=\"presentation\">culture, l\u2019environnement, la sant\u00e9, la solidarit\u00e9 et l\u2019inclusion, la vie \u00e9tudiante, l\u2019innovation, la <\/span><span dir=\"ltr\" role=\"presentation\">recherche scientifique et le sport, l\u2019association se place comme l\u2019un des grands leaders de la<\/span><br role=\"presentation\" \/><span dir=\"ltr\" role=\"presentation\">mobilisation jeunesse.<br \/><\/span><br role=\"presentation\" \/><span dir=\"ltr\" role=\"presentation\">Delta France Associations, c\u2019est aussi une structure qui se d\u00e9veloppe rapidement dans une <\/span><span dir=\"ltr\" role=\"presentation\">ambiance \u201cstart-up\u201d et qui conjugue aussi bien des missions innovantes locales que <\/span><span dir=\"ltr\" role=\"presentation\">nationales ou europ\u00e9ennes.<br \/><\/span><br role=\"presentation\" \/><span dir=\"ltr\" role=\"presentation\">L\u2019association organise par ailleurs le Delta Festival. Ce grand rassemblement est devenu le <\/span><span dir=\"ltr\" role=\"presentation\">plus important forum \u00e9tudiant d\u2019Europe avec 150 000 festivaliers en 2023, 700 structures <\/span><span dir=\"ltr\" role=\"presentation\">repr\u00e9sent\u00e9es et plus de 5 000 b\u00e9n\u00e9voles \/ organisateurs. Elle organise \u00e9galement le Forum <\/span><span dir=\"ltr\" role=\"presentation\">du Monde des Possible, en plein du C\u0153ur du festival, qui h\u00e9berge plus de 700 structures <\/span><br role=\"presentation\" \/><span dir=\"ltr\" role=\"presentation\">engag\u00e9es (associations, strat-up, entreprises etc..) exposantes pour sensibiliser et dialoguer <\/span><span dir=\"ltr\" role=\"presentation\">avec elle sur les enjeux de demain.<br \/><\/span><br role=\"presentation\" \/><span dir=\"ltr\" role=\"presentation\">Cet \u00e9v\u00e9nement expose bien la philosophie du projet de l\u2019association : la n\u00e9cessit\u00e9 d\u2019allier le <\/span><span dir=\"ltr\" role=\"presentation\">festif et l\u2019engagement pour diffuser des messages positifs \u00e0 la population jeune et aux <\/span><span dir=\"ltr\" role=\"presentation\">partenaires qui gravitent autour de cet \u00e9co-syst\u00e8me.<\/span><\/p>\n<p><strong>JOB DESCRIPTION:<\/strong><br \/><br role=\"presentation\" \/>Sous l\u2019autorit\u00e9 du Pr\u00e9sident :<br \/><br role=\"presentation\" \/><span dir=\"ltr\" role=\"presentation\">\u25cf<\/span> <span dir=\"ltr\" role=\"presentation\">Gestion<\/span> <span dir=\"ltr\" role=\"presentation\">de<\/span> <span dir=\"ltr\" role=\"presentation\">l&#8217;agenda<\/span> <span dir=\"ltr\" role=\"presentation\">and<\/span> <span dir=\"ltr\" role=\"presentation\">de<\/span> <span dir=\"ltr\" role=\"presentation\">l\u2019emploi<\/span> <span dir=\"ltr\" role=\"presentation\">du<\/span> <span dir=\"ltr\" role=\"presentation\">temps<\/span> <span dir=\"ltr\" role=\"presentation\">quotidien<\/span> <span dir=\"ltr\" role=\"presentation\">du<\/span> <span dir=\"ltr\" role=\"presentation\">pr\u00e9sident<\/span><br role=\"presentation\" \/><span dir=\"ltr\" role=\"presentation\">\u25cf<\/span> <span dir=\"ltr\" role=\"presentation\">Pr\u00e9paration<\/span> <span dir=\"ltr\" role=\"presentation\">and<\/span> <span dir=\"ltr\" role=\"presentation\">organisation<\/span> <span dir=\"ltr\" role=\"presentation\">de<\/span> <span dir=\"ltr\" role=\"presentation\">the<\/span> <span dir=\"ltr\" role=\"presentation\">logistique<\/span> <span dir=\"ltr\" role=\"presentation\">des<\/span> <span dir=\"ltr\" role=\"presentation\">diff\u00e9rents<\/span> <span dir=\"ltr\" role=\"presentation\">\u00e9v\u00e9nements<\/span><br role=\"presentation\" \/><span dir=\"ltr\" role=\"presentation\">\u25cf<\/span> <span dir=\"ltr\" role=\"presentation\">Coordination<\/span> <span dir=\"ltr\" role=\"presentation\">des<\/span> <span dir=\"ltr\" role=\"presentation\">rendez-vous<\/span> <span dir=\"ltr\" role=\"presentation\">internes<\/span> <span dir=\"ltr\" role=\"presentation\">and<\/span> <span dir=\"ltr\" role=\"presentation\">externes<\/span><br role=\"presentation\" \/><span dir=\"ltr\" role=\"presentation\">\u25cf<\/span> <span dir=\"ltr\" role=\"presentation\">Collaboration<\/span> <span dir=\"ltr\" role=\"presentation\">efficace<\/span> <span dir=\"ltr\" role=\"presentation\">avec<\/span> <span dir=\"ltr\" role=\"presentation\">les<\/span> <span dir=\"ltr\" role=\"presentation\">diff\u00e9rents<\/span> <span dir=\"ltr\" role=\"presentation\">services<\/span> <span dir=\"ltr\" role=\"presentation\">and<\/span> <span dir=\"ltr\" role=\"presentation\">agir<\/span> <span dir=\"ltr\" role=\"presentation\">en<\/span> <span dir=\"ltr\" role=\"presentation\">tant<\/span> <span dir=\"ltr\" role=\"presentation\">que<\/span> <span dir=\"ltr\" role=\"presentation\">point<\/span> <span dir=\"ltr\" role=\"presentation\">de<\/span> <span dir=\"ltr\" role=\"presentation\">contact<\/span><br role=\"presentation\" \/><span dir=\"ltr\" role=\"presentation\">principal<\/span> <span dir=\"ltr\" role=\"presentation\">pour<\/span> <span dir=\"ltr\" role=\"presentation\">les<\/span> <span dir=\"ltr\" role=\"presentation\">questions<\/span> <span dir=\"ltr\" role=\"presentation\">administratives<\/span> <span dir=\"ltr\" role=\"presentation\">de<\/span> <span dir=\"ltr\" role=\"presentation\">the<\/span> <span dir=\"ltr\" role=\"presentation\">pr\u00e9sidence<\/span><br role=\"presentation\" \/><span dir=\"ltr\" role=\"presentation\">\u25cf<\/span> <span dir=\"ltr\" role=\"presentation\">Assurer<\/span> <span dir=\"ltr\" role=\"presentation\">un<\/span> <span dir=\"ltr\" role=\"presentation\">support<\/span> <span dir=\"ltr\" role=\"presentation\">administrative<\/span> <span dir=\"ltr\" role=\"presentation\">(gestion<\/span> <span dir=\"ltr\" role=\"presentation\">des<\/span> <span dir=\"ltr\" role=\"presentation\">fournitures,<\/span> <span dir=\"ltr\" role=\"presentation\">traitement<\/span> <span dir=\"ltr\" role=\"presentation\">des<\/span> <span dir=\"ltr\" role=\"presentation\">factures<\/span> <span dir=\"ltr\" role=\"presentation\">and<\/span> <span dir=\"ltr\" role=\"presentation\">des<\/span><br role=\"presentation\" \/><span dir=\"ltr\" role=\"presentation\">notes<\/span> <span dir=\"ltr\" role=\"presentation\">de<\/span> <span dir=\"ltr\" role=\"presentation\">frais<\/span> <span dir=\"ltr\" role=\"presentation\">ainsi<\/span> <span dir=\"ltr\" role=\"presentation\">que<\/span> <span dir=\"ltr\" role=\"presentation\">d\u2019autres<\/span> <span dir=\"ltr\" role=\"presentation\">t\u00e2ches<\/span> <span dir=\"ltr\" role=\"presentation\">administratives<\/span> <span dir=\"ltr\" role=\"presentation\">selon<\/span> <span dir=\"ltr\" role=\"presentation\">les<\/span> <span dir=\"ltr\" role=\"presentation\">besoins)<\/span><br role=\"presentation\" \/><span dir=\"ltr\" role=\"presentation\">\u25cf<\/span> <span dir=\"ltr\" role=\"presentation\">Aide<\/span> <span dir=\"ltr\" role=\"presentation\">\u00e0<\/span> <span dir=\"ltr\" role=\"presentation\">l\u2019organisation<\/span> <span dir=\"ltr\" role=\"presentation\">and<\/span> <span dir=\"ltr\" role=\"presentation\">the<\/span> <span dir=\"ltr\" role=\"presentation\">structuration<\/span> <span dir=\"ltr\" role=\"presentation\">des<\/span> <span dir=\"ltr\" role=\"presentation\">r\u00e9unions<\/span> <span dir=\"ltr\" role=\"presentation\">avec<\/span> <span dir=\"ltr\" role=\"presentation\">l\u2019ensemble<\/span> <span dir=\"ltr\" role=\"presentation\">des<\/span> <span dir=\"ltr\" role=\"presentation\">directeurs<\/span> <span dir=\"ltr\" role=\"presentation\">du<\/span><br role=\"presentation\" \/><span dir=\"ltr\" role=\"presentation\">festival<\/span> <span dir=\"ltr\" role=\"presentation\">and<\/span> <span dir=\"ltr\" role=\"presentation\">du<\/span> <span dir=\"ltr\" role=\"presentation\">Monde<\/span> <span dir=\"ltr\" role=\"presentation\">des<\/span> <span dir=\"ltr\" role=\"presentation\">Possibles<\/span> <span dir=\"ltr\" role=\"presentation\">(pr\u00e9paration<\/span> <span dir=\"ltr\" role=\"presentation\">de<\/span> <span dir=\"ltr\" role=\"presentation\">l\u2019ordre<\/span> <span dir=\"ltr\" role=\"presentation\">du<\/span> <span dir=\"ltr\" role=\"presentation\">jour,<\/span> <span dir=\"ltr\" role=\"presentation\">briefing<\/span> <span dir=\"ltr\" role=\"presentation\">du<\/span> <span dir=\"ltr\" role=\"presentation\">pr\u00e9sident,<\/span><br role=\"presentation\" \/><span dir=\"ltr\" role=\"presentation\">\u00e9critures<\/span> <span dir=\"ltr\" role=\"presentation\">des<\/span> <span dir=\"ltr\" role=\"presentation\">comptes<\/span> <span dir=\"ltr\" role=\"presentation\">rendues,<\/span> <span dir=\"ltr\" role=\"presentation\">participation<\/span> <span dir=\"ltr\" role=\"presentation\">\u00e0<\/span> <span dir=\"ltr\" role=\"presentation\">the<\/span> <span dir=\"ltr\" role=\"presentation\">r\u00e9flexion<\/span> <span dir=\"ltr\" role=\"presentation\">du<\/span> <span dir=\"ltr\" role=\"presentation\">plan<\/span> <span dir=\"ltr\" role=\"presentation\">d\u2019action)<\/span><br role=\"presentation\" \/><span dir=\"ltr\" role=\"presentation\">\u25cf<\/span> <span dir=\"ltr\" role=\"presentation\">Support<\/span> <span dir=\"ltr\" role=\"presentation\">dans<\/span> <span dir=\"ltr\" role=\"presentation\">the<\/span> <span dir=\"ltr\" role=\"presentation\">gestion<\/span> <span dir=\"ltr\" role=\"presentation\">des<\/span> <span dir=\"ltr\" role=\"presentation\">relations<\/span> <span dir=\"ltr\" role=\"presentation\">publiques<\/span> <span dir=\"ltr\" role=\"presentation\">du<\/span> <span dir=\"ltr\" role=\"presentation\">pr\u00e9sident<\/span> <span dir=\"ltr\" role=\"presentation\">:<\/span> <span dir=\"ltr\" role=\"presentation\">prise<\/span> <span dir=\"ltr\" role=\"presentation\">de<\/span> <span dir=\"ltr\" role=\"presentation\">rendez-vous,<\/span> <span dir=\"ltr\" role=\"presentation\">suivi<\/span><br role=\"presentation\" \/><span dir=\"ltr\" role=\"presentation\">and<\/span> <span dir=\"ltr\" role=\"presentation\">mise<\/span> <span dir=\"ltr\" role=\"presentation\">\u00e0<\/span> <span dir=\"ltr\" role=\"presentation\">jour<\/span> <span dir=\"ltr\" role=\"presentation\">du<\/span> <span dir=\"ltr\" role=\"presentation\">fichier<\/span> <span dir=\"ltr\" role=\"presentation\">de<\/span> <span dir=\"ltr\" role=\"presentation\">relations<\/span> <span dir=\"ltr\" role=\"presentation\">publiques,<\/span> <span dir=\"ltr\" role=\"presentation\">envoi<\/span> <span dir=\"ltr\" role=\"presentation\">des<\/span> <span dir=\"ltr\" role=\"presentation\">invitations<\/span> <span dir=\"ltr\" role=\"presentation\">pour<\/span> <span dir=\"ltr\" role=\"presentation\">les<\/span> <span dir=\"ltr\" role=\"presentation\">\u00e9v\u00e9nements<\/span><br role=\"presentation\" \/><span dir=\"ltr\" role=\"presentation\">organis\u00e9s<\/span> <span dir=\"ltr\" role=\"presentation\">par<\/span> <span dir=\"ltr\" role=\"presentation\">the<\/span> <span dir=\"ltr\" role=\"presentation\">structure<\/span><br role=\"presentation\" \/><span dir=\"ltr\" role=\"presentation\">\u25cf<\/span> <span dir=\"ltr\" role=\"presentation\">Prospection<\/span> <span dir=\"ltr\" role=\"presentation\">de<\/span> <span dir=\"ltr\" role=\"presentation\">potentiels<\/span> <span dir=\"ltr\" role=\"presentation\">partenaires<\/span><br role=\"presentation\" \/><span dir=\"ltr\" role=\"presentation\">\u25cf<\/span> <span dir=\"ltr\" role=\"presentation\">Assistance<\/span> <span dir=\"ltr\" role=\"presentation\">de<\/span> <span dir=\"ltr\" role=\"presentation\">l&#8217;\u00e9quipe<\/span> <span dir=\"ltr\" role=\"presentation\">dans<\/span> <span dir=\"ltr\" role=\"presentation\">certaines<\/span> <span dir=\"ltr\" role=\"presentation\">de<\/span> <span dir=\"ltr\" role=\"presentation\">ses<\/span> <span dir=\"ltr\" role=\"presentation\">missions<\/span><br role=\"presentation\" \/><span dir=\"ltr\" role=\"presentation\">\u25cf<\/span> <span dir=\"ltr\" role=\"presentation\">Participation<\/span> <span dir=\"ltr\" role=\"presentation\">\u00e0<\/span> <span dir=\"ltr\" role=\"presentation\">certains<\/span> <span dir=\"ltr\" role=\"presentation\">rendez-vous<\/span> <span dir=\"ltr\" role=\"presentation\">ext\u00e9rieurs<\/span> <span dir=\"ltr\" role=\"presentation\">avec<\/span> <span dir=\"ltr\" role=\"presentation\">les<\/span> <span dir=\"ltr\" role=\"presentation\">partenaires<\/span><br role=\"presentation\" \/><span dir=\"ltr\" role=\"presentation\">\u25cf<\/span> <span dir=\"ltr\" role=\"presentation\">Organisation<\/span> <span dir=\"ltr\" role=\"presentation\">du<\/span> <span dir=\"ltr\" role=\"presentation\">Delta<\/span> <span dir=\"ltr\" role=\"presentation\">Festival<\/span> <span dir=\"ltr\" role=\"presentation\">2024<\/span> <span dir=\"ltr\" role=\"presentation\">(aide<\/span> <span dir=\"ltr\" role=\"presentation\">\u00e0<\/span> <span dir=\"ltr\" role=\"presentation\">the<\/span> <span dir=\"ltr\" role=\"presentation\">gestion,<\/span> <span dir=\"ltr\" role=\"presentation\">\u00e0<\/span> <span dir=\"ltr\" role=\"presentation\">l\u2019accueil<\/span> <span dir=\"ltr\" role=\"presentation\">and<\/span> <span dir=\"ltr\" role=\"presentation\">\u00e0<\/span> <span dir=\"ltr\" role=\"presentation\">l\u2019hospitalit\u00e9<\/span> <span dir=\"ltr\" role=\"presentation\">des <\/span><span dir=\"ltr\" role=\"presentation\">partenaires<\/span> <span dir=\"ltr\" role=\"presentation\">pendant<\/span> <span dir=\"ltr\" role=\"presentation\">le<\/span> <span dir=\"ltr\" role=\"presentation\">festival)<br \/><\/span><br role=\"presentation\" \/><strong>AVANTAGES :<\/strong><\/p>\n<\/div>\n<div class=\"textLayer\">\n<p><span dir=\"ltr\" role=\"presentation\"><br role=\"presentation\" \/>\u25cf Immersion dans le quotidien d\u2019une direction de structure <br role=\"presentation\" \/>\u25cf D\u00e9couverte de nombreux domaines li\u00e9s \u00e0 la vie d\u2019une association et d\u2019un grand \u00e9v\u00e9nement (relations publiques, production, influence, partenariats, programmes et \u00e9v\u00e9nements engag\u00e9s, ressources humaines et communication interne, gestion de projet) <br role=\"presentation\" \/>\u25cf Contribution \u00e0 un projet engag\u00e9, ayant du sens et en forte croissance<br role=\"presentation\" \/>\u25cf \u00c9volution dans une structure jeune et conviviale<br role=\"presentation\" \/>\u25cf Participation \u00e0 certains rendez-vous ext\u00e9rieurs avec les partenaires<br role=\"presentation\" \/>\u25cf Accompagnement du pr\u00e9sident qui est en charge des relations publiques et des partenaires du Delta Festival et du Monde des Possibles<br role=\"presentation\" \/>\u25cf D\u00e9couverte du monde \u00e9conomique, politique et de l\u2019\u00e9tablissement de strat\u00e9gie sur le march\u00e9 B2B de l\u2019\u00e9cosyst\u00e8me marseillais<br role=\"presentation\" \/>\u25cf Int\u00e9gration dans le cabinet rapproch\u00e9 du pr\u00e9sident permettant d\u2019avoir un regard sur la strat\u00e9gie d\u2019une structure \u00e0 fort impact et sur le secteur de la culture<br \/><br role=\"presentation\" \/><strong>PROFILE SOUGHT:<\/strong><br \/><br role=\"presentation\" \/>&#8211; Compr\u00e9hension transversale des projets, engagements et enjeux de l\u2019association<br role=\"presentation\" \/>&#8211; Rigueur, bonne organisation et sens des priorit\u00e9es<br role=\"presentation\" \/>&#8211; Aisance orale et r\u00e9dactionnelle<br role=\"presentation\" \/>&#8211; Dynamisme, r\u00e9activit\u00e9 et esprit d\u2019initiative<br role=\"presentation\" \/>&#8211; Capacit\u00e9 \u00e0 prioriser<\/span><\/p>\n<\/div>\n<\/div>\n<div class=\"p-pdf_iframe__page\" aria-label=\"Page\u00a02\" data-page-number=\"2\">\n<div class=\"textLayer\" style=\"text-align: left;\">\n<p><span dir=\"ltr\" role=\"presentation\">Send your application (letter + CV) to <\/span><em><span dir=\"ltr\" role=\"presentation\">application@delta-festival.<\/span> <span dir=\"ltr\" role=\"presentation\">com<\/span><\/em> <br role=\"presentation\" \/><span dir=\"ltr\" role=\"presentation\">Website : <\/span><em><span dir=\"ltr\" role=\"presentation\">https:\/\/newdelta.placeholder.tn<\/span><\/em><\/p>\n<\/div>\n<\/div>\n<p>[\/et_pb_text][\/et_pb_column][\/et_pb_row][et_pb_row _builder_version=&#8221;4.19.1&#8243; _module_preset=&#8221;default&#8221; global_colors_info=&#8221;{}&#8221;][et_pb_column type=&#8221;4_4&#8243; _builder_version=&#8221;4.19.1&#8243; _module_preset=&#8221;default&#8221; global_colors_info=&#8221;{}&#8221;][et_pb_divider show_divider=&#8221;off&#8221; _builder_version=&#8221;4.19.1&#8243; _module_preset=&#8221;default&#8221; custom_margin=&#8221;32px||||false|false&#8221; custom_margin_tablet=&#8221;32px||||false|false&#8221; custom_margin_phone=&#8221;32px||||false|false&#8221; custom_margin_last_edited=&#8221;on|phone&#8221; global_colors_info=&#8221;{}&#8221;][\/et_pb_divider][\/et_pb_column][\/et_pb_row][et_pb_row _builder_version=&#8221;4.19.1&#8243; _module_preset=&#8221;default&#8221; global_colors_info=&#8221;{}&#8221;][et_pb_column type=&#8221;4_4&#8243; _builder_version=&#8221;4.19.1&#8243; _module_preset=&#8221;default&#8221; custom_css_main_element=&#8221;    display: flex;||    flex-direction: column;||    align-items: center;||    justify-content: space-between;&#8221; global_colors_info=&#8221;{}&#8221;][et_pb_text _builder_version=&#8221;4.19.1&#8243; _module_preset=&#8221;default&#8221; text_text_color=&#8221;#FFFFFF&#8221; header_3_font=&#8221;Heavitas||||||||&#8221; header_3_text_color=&#8221;#FFFFFF&#8221; header_3_font_size=&#8221;36px&#8221; header_3_font_size_tablet=&#8221;36px&#8221; header_3_font_size_phone=&#8221;26px&#8221; header_3_font_size_last_edited=&#8221;on|phone&#8221; global_colors_info=&#8221;{}&#8221;]<\/p>\n<h3 style=\"text-align: center\">SUBSCRIBE to the NEWSLETTER<\/h3>\n<p>[\/et_pb_text][et_pb_code _builder_version=\"4.19.1\u2033 _module_preset=\"default\" global_colors_info=\"{}\"]\t\t\t<form id=\"sib_signup_form_1\" method=\"post\" class=\"sib_signup_form\" action=\"\">\n\t\t\t\t<div class=\"sib_loader\" style=\"display:none;\"><img\n\t\t\t\t\t\t\tsrc=\"https:\/\/newdelta.placeholder.tn\/wp-includes\/images\/spinner.gif\" alt=\"loader\"><\/div>\n\t\t\t\t<input type=\"hidden\" name=\"sib_form_action\" value=\"subscribe_form_submit\">\n\t\t\t\t<input type=\"hidden\" name=\"sib_form_id\" value=\"1\">\n                <input type=\"hidden\" name=\"sib_form_alert_notice\" value=\"Veuillez remplir ce champ\">\n                <input type=\"hidden\" name=\"sib_security\" value=\"5891e78d3d\">\n\t\t\t\t<div class=\"sib_signup_box_inside_1\">\n\t\t\t\t\t<div style=\"\/*display:none*\/\" class=\"sib_msg_disp\">\n\t\t\t\t\t<\/div>\n\t\t\t\t\t<p class=\"sib-NAME-area\">\r\n    Enter your name\r\n    <input type=\"text\" class=\"sib-NAME-area\" name=\"NAME\">\r\n<\/p>\r\n<p class=\"sib-email-area\">\r\n    Email address\r\n    <input type=\"email\" class=\"sib-email-area\" name=\"email\" required=\"required\">\r\n<\/p>\r\n<p>\r\n    <input type=\"submit\" class=\"sib-default-btn\" value=\"I subscribe\">\r\n<\/p>\r\n\t\t\t\t<\/div>\n\t\t\t<input type=\"hidden\" name=\"trp-form-language\" value=\"en\"\/><\/form>\n\t\t\t<style>\n\t\t\t\tform#sib_signup_form_1 p.sib-alert-message {\n    padding: 6px 12px;\n    margin-bottom: 20px;\n    border: 1px solid transparent;\n    border-radius: 4px;\n    -webkit-box-sizing: border-box;\n    -moz-box-sizing: border-box;\n    box-sizing: border-box;\n}\nform#sib_signup_form_1 p.sib-alert-message-error {\n    background-color: #f2dede;\n    border-color: #ebccd1;\n    color: #a94442;\n}\nform#sib_signup_form_1 p.sib-alert-message-success {\n    background-color: #dff0d8;\n    border-color: #d6e9c6;\n    color: #3c763d;\n}\nform#sib_signup_form_1 p.sib-alert-message-warning {\n    background-color: #fcf8e3;\n    border-color: #faebcc;\n    color: #8a6d3b;\n}\n\t\t\t<\/style>\n\t\t\t\t[\/et_pb_code][et_pb_divider show_divider=\"off\" _builder_version=\"4.19.1\u2033 _module_preset=\"default\" min_height=\"200px\" global_colors_info=\"{}\"][\/et_pb_divider][\/et_pb_column][\/et_pb_row][\/et_pb_section]<\/p>","protected":false},"excerpt":{"rendered":"<p>Assistant.e administratif.ve aupr\u00e8s de la direction OFFRE DE STAGE OFFRE DE STAGE :A partir de f\u00e9vrier\/mars 2024Stage de 6 moisLieu : Marseille, 1er PR\u00c9SENTATION DE LA STRUCTURE :Une exp\u00e9rience au sein de Delta France Associations, c\u2019est int\u00e9grer une association dont le fer de lance est l\u2019engagement de la jeunesse de France. Au travers d\u2019actions en [&hellip;]<\/p>","protected":false},"author":3,"featured_media":0,"parent":0,"menu_order":0,"comment_status":"closed","ping_status":"closed","template":"","meta":{"_et_pb_use_builder":"on","_et_pb_old_content":"","_et_gb_content_width":""},"_links":{"self":[{"href":"https:\/\/newdelta.placeholder.tn\/en\/wp-json\/wp\/v2\/pages\/8057"}],"collection":[{"href":"https:\/\/newdelta.placeholder.tn\/en\/wp-json\/wp\/v2\/pages"}],"about":[{"href":"https:\/\/newdelta.placeholder.tn\/en\/wp-json\/wp\/v2\/types\/page"}],"author":[{"embeddable":true,"href":"https:\/\/newdelta.placeholder.tn\/en\/wp-json\/wp\/v2\/users\/3"}],"replies":[{"embeddable":true,"href":"https:\/\/newdelta.placeholder.tn\/en\/wp-json\/wp\/v2\/comments?post=8057"}],"version-history":[{"count":17,"href":"https:\/\/newdelta.placeholder.tn\/en\/wp-json\/wp\/v2\/pages\/8057\/revisions"}],"predecessor-version":[{"id":8323,"href":"https:\/\/newdelta.placeholder.tn\/en\/wp-json\/wp\/v2\/pages\/8057\/revisions\/8323"}],"wp:attachment":[{"href":"https:\/\/newdelta.placeholder.tn\/en\/wp-json\/wp\/v2\/media?parent=8057"}],"curies":[{"name":"wp","href":"https:\/\/api.w.org\/{rel}","templated":true}]}}