{"id":6970,"date":"2023-11-06T06:04:43","date_gmt":"2023-11-06T11:04:43","guid":{"rendered":"https:\/\/www.delta-festival.com\/charge-e-de-gestion-budgetaire-et-admin-copy\/"},"modified":"2024-02-06T10:43:29","modified_gmt":"2024-02-06T15:43:29","slug":"service-civique-stage-charge-e-de-projet-monde-des-possibles","status":"publish","type":"page","link":"https:\/\/newdelta.placeholder.tn\/en\/service-civique-stage-charge-e-de-projet-monde-des-possibles\/","title":{"rendered":"Service Civique\/Stage :  Charg\u00e9.e de projet Monde des Possibles"},"content":{"rendered":"<p>[et_pb_section fb_built=&#8221;1&#8243; _builder_version=&#8221;4.19.1&#8243; _module_preset=&#8221;default&#8221; background_color=&#8221;#69b3d7&#8243; background_enable_image=&#8221;off&#8221; custom_margin=&#8221;||0px||false|false&#8221; custom_padding=&#8221;||0px||false|false&#8221; global_colors_info=&#8221;{}&#8221;][et_pb_row _builder_version=&#8221;4.19.1&#8243; _module_preset=&#8221;default&#8221; max_width=&#8221;100%&#8221; custom_margin=&#8221;150px||||false|false&#8221; custom_margin_tablet=&#8221;150px||||false|false&#8221; custom_margin_phone=&#8221;50px||||false|false&#8221; custom_margin_last_edited=&#8221;on|tablet&#8221; custom_padding=&#8221;||100px||false|false&#8221; global_colors_info=&#8221;{}&#8221;][et_pb_column type=&#8221;4_4&#8243; _builder_version=&#8221;4.19.1&#8243; _module_preset=&#8221;default&#8221; global_colors_info=&#8221;{}&#8221;][et_pb_text _builder_version=&#8221;4.19.1&#8243; _module_preset=&#8221;default&#8221; text_font=&#8221;Heavitas|||on|||||&#8221; text_text_color=&#8221;#FFFFFF&#8221; text_font_size=&#8221;30px&#8221; text_line_height=&#8221;1.8em&#8221; header_font=&#8221;Heavitas|500||on|||||&#8221; header_text_align=&#8221;center&#8221; header_text_color=&#8221;#FFFFFF&#8221; header_font_size=&#8221;40px&#8221; header_2_font=&#8221;|700|||||||&#8221; header_2_text_color=&#8221;#FFFFFF&#8221; text_orientation=&#8221;center&#8221; text_font_size_tablet=&#8221;16px&#8221; text_font_size_phone=&#8221;14px&#8221; text_font_size_last_edited=&#8221;on|phone&#8221; header_font_size_tablet=&#8221;40px&#8221; header_font_size_phone=&#8221;30px&#8221; header_font_size_last_edited=&#8221;on|phone&#8221; global_colors_info=&#8221;{}&#8221;]<\/p>\n<h1>Charg\u00e9.e de projet Monde des Possibles<\/h1>\n<p>Service Civique\/Stage<\/p>\n<p>[\/et_pb_text][\/et_pb_column][\/et_pb_row][et_pb_row custom_padding_last_edited=&#8221;on|phone&#8221; disabled_on=&#8221;off|off|off&#8221; _builder_version=&#8221;4.19.1&#8243; _module_preset=&#8221;default&#8221; background_color=&#8221;#FFFFFF&#8221; max_width=&#8221;100%&#8221; custom_margin=&#8221;||||false|false&#8221; custom_margin_phone=&#8221;||0px||false|false&#8221; custom_margin_last_edited=&#8221;off|desktop&#8221; custom_padding=&#8221;|50px||50px|false|true&#8221; custom_padding_tablet=&#8221;|50px||50px|false|true&#8221; custom_padding_phone=&#8221;|10px||10px|false|true&#8221; global_colors_info=&#8221;{}&#8221;][et_pb_column type=&#8221;4_4&#8243; _builder_version=&#8221;4.19.1&#8243; _module_preset=&#8221;default&#8221; global_colors_info=&#8221;{}&#8221;][et_pb_text _builder_version=&#8221;4.19.1&#8243; _module_preset=&#8221;default&#8221; text_font=&#8221;Helvetica Neue Medium||||||||&#8221; text_text_color=&#8221;#000000&#8243; header_2_font=&#8221;Heavitas||||||||&#8221; header_2_text_align=&#8221;left&#8221; header_2_text_color=&#8221;#443a81&#8243; header_2_font_size=&#8221;22px&#8221; header_2_line_height=&#8221;1.4em&#8221; header_2_text_align_tablet=&#8221;left&#8221; header_2_text_align_phone=&#8221;center&#8221; header_2_text_align_last_edited=&#8221;on|phone&#8221; header_2_font_size_tablet=&#8221;18px&#8221; header_2_font_size_phone=&#8221;12px&#8221; header_2_font_size_last_edited=&#8221;on|phone&#8221; global_colors_info=&#8221;{}&#8221;]<\/p>\n<div class=\"p-pdf_iframe__page\" aria-label=\"Page\u00a01\" data-page-number=\"1\">\n<div class=\"textLayer\"><strong><span dir=\"ltr\" role=\"presentation\">OFFRE DE Service Civique\/Stage :<br \/><\/span><\/strong><br role=\"presentation\" \/><em><span dir=\"ltr\" role=\"presentation\">Charg\u00e9.e de projet Monde des Possibles<\/span><\/em><br role=\"presentation\" \/><em><span dir=\"ltr\" role=\"presentation\">A pourvoir d\u00e8s F\u00e9vrier 2024<\/span><\/em><br role=\"presentation\" \/><em><span dir=\"ltr\" role=\"presentation\">Contrat de service civique 8 mois<\/span><\/em><br role=\"presentation\" \/><em><span dir=\"ltr\" role=\"presentation\">Full time<\/span><\/em><br role=\"presentation\" \/><em><span dir=\"ltr\" role=\"presentation\">Place : Marseille 1st<br \/><\/span><\/em><br role=\"presentation\" \/><strong><span dir=\"ltr\" role=\"presentation\">PRESENTATION OF THE STRUCTURE :<br \/><\/span><\/strong><br role=\"presentation\" \/><span dir=\"ltr\" role=\"presentation\">Une exp\u00e9rience au sein de Delta France Associations, c\u2019est int\u00e9grer une association dont le <\/span><span dir=\"ltr\" role=\"presentation\">fer de lance est l\u2019engagement de la jeunesse de France. Au travers d\u2019actions en faveur de la <\/span><span dir=\"ltr\" role=\"presentation\">culture, l\u2019environnement, la sant\u00e9, la solidarit\u00e9 et l\u2019inclusion, la vie \u00e9tudiante, l\u2019innovation, la <\/span><span dir=\"ltr\" role=\"presentation\">recherche scientifique et le sport, l\u2019association se place comme l\u2019un des grands leaders de la<\/span><br role=\"presentation\" \/><span dir=\"ltr\" role=\"presentation\">mobilisation jeunesse.<br \/><\/span><br role=\"presentation\" \/><span dir=\"ltr\" role=\"presentation\">Delta France Associations, c\u2019est aussi une structure qui se d\u00e9veloppe rapidement dans une <\/span><span dir=\"ltr\" role=\"presentation\">ambiance \u201cstart-up\u201d et qui conjugue aussi bien des missions innovantes locales que <\/span><span dir=\"ltr\" role=\"presentation\">nationales ou europ\u00e9ennes.<br \/><\/span><br role=\"presentation\" \/><span dir=\"ltr\" role=\"presentation\">L\u2019association organise par ailleurs le Delta Festival. Ce grand rassemblement est devenu le <\/span><span dir=\"ltr\" role=\"presentation\">plus important forum \u00e9tudiant d\u2019Europe avec 150 000 festivaliers en 2023, 700 structures <\/span><span dir=\"ltr\" role=\"presentation\">repr\u00e9sent\u00e9es et plus de 5 000 b\u00e9n\u00e9voles \/ organisateurs. Elle organise \u00e9galement le Forum <\/span><span dir=\"ltr\" role=\"presentation\">du Monde des Possible, en plein du C\u0153ur du festival, qui h\u00e9berge plus de 700 structures <\/span><br role=\"presentation\" \/><span dir=\"ltr\" role=\"presentation\">engag\u00e9es (associations, strat-up, entreprises etc..) exposantes pour sensibiliser et dialoguer <\/span><span dir=\"ltr\" role=\"presentation\">avec elle sur les enjeux de demain.<br \/><\/span><br role=\"presentation\" \/><span dir=\"ltr\" role=\"presentation\">Cet \u00e9v\u00e9nement expose bien la philosophie du projet de l\u2019association : la n\u00e9cessit\u00e9 d\u2019allier le <\/span><span dir=\"ltr\" role=\"presentation\">festif et l\u2019engagement pour diffuser des messages positifs \u00e0 la population jeune et aux <\/span><span dir=\"ltr\" role=\"presentation\">partenaires qui gravitent autour de cet \u00e9co-syst\u00e8me.<br \/><\/span><br role=\"presentation\" \/><strong><span dir=\"ltr\" role=\"presentation\">JOB DESCRIPTION:<br \/><\/span><\/strong><br role=\"presentation\" \/><span dir=\"ltr\" role=\"presentation\">Le\/la volontaire int\u00e8grera le service des RAE (Relations Associations Engag\u00e9es) en charge <\/span><span dir=\"ltr\" role=\"presentation\">des projets sociaux, environnementaux, territoriaux et sportifs (RSE). Le service RAE a <\/span><span dir=\"ltr\" role=\"presentation\">notamment la charge de coordonner le Forum du Monde des Possibles sur le Delta Festival, <\/span><span dir=\"ltr\" role=\"presentation\">d\u2019Accompagner le festival dans ses d\u00e9marches RSE et de porter des programmes annuels<\/span><br role=\"presentation\" \/><span dir=\"ltr\" role=\"presentation\">d\u2019actions sociales, solidaires et environnementales. Ainsi, les missions confi\u00e9es seraient de <\/span><span dir=\"ltr\" role=\"presentation\">cette nature<\/span><span dir=\"ltr\" role=\"presentation\">:<br \/><\/span><br role=\"presentation\" \/><span dir=\"ltr\" role=\"presentation\">&#8211;<\/span> <span dir=\"ltr\" role=\"presentation\">Animation d\u2019un r\u00e9seau de partenaire sur une th\u00e9matique engag\u00e9e (Environnement, <\/span><span dir=\"ltr\" role=\"presentation\">Vivre-Ensemble, Territoire, Sport)<\/span><\/div>\n<div class=\"textLayer\">\n<p><br role=\"presentation\" \/><span dir=\"ltr\" role=\"presentation\">&#8211;<\/span> <span dir=\"ltr\" role=\"presentation\">Accompagnement sur la coordination de l\u2019unit\u00e9 et de la logistique du Forum du <\/span><span dir=\"ltr\" role=\"presentation\">World of Possibilities<br \/><\/span><br role=\"presentation\" \/><span dir=\"ltr\" role=\"presentation\">&#8211;<\/span> <span dir=\"ltr\" role=\"presentation\">Gestion et coordination d\u2019un village th\u00e9matique au sein du Forum<br \/><\/span><br role=\"presentation\" \/><span dir=\"ltr\" role=\"presentation\">&#8211;<\/span> <span dir=\"ltr\" role=\"presentation\">R\u00e9flexion, coordination et gestion de programmes annuels<\/span><span dir=\"ltr\" role=\"presentation\">: organisation d\u2019ateliers, <\/span><span dir=\"ltr\" role=\"presentation\">d\u2019\u00e9v\u00e9nements de mobilisation citoyenne, d\u2019actions de sensibilisation etc&#8230;<br \/><\/span><br role=\"presentation\" \/><span dir=\"ltr\" role=\"presentation\">&#8211;<\/span> <span dir=\"ltr\" role=\"presentation\">Veille et r\u00e9flexion sur la construction de dispositifs RSE (Lutte contre les<\/span><br role=\"presentation\" \/><span dir=\"ltr\" role=\"presentation\">discrimination en milieu festif, r\u00e9duction des risque en milieu festif, accessibilit\u00e9 du <\/span>festival pour les personnes en situations handicap, \u00e9co-conception du festival et des \u00e9v\u00e9nements port\u00e9s par l\u2019association).<\/p>\n<\/div>\n<div>\u00a0<\/div>\n<\/div>\n<div class=\"p-pdf_iframe__page\" aria-label=\"Page\u00a02\" data-page-number=\"2\">\n<div class=\"textLayer\" style=\"text-align: left;\">\n<p><span dir=\"ltr\" role=\"presentation\"><strong>PROFILE SOUGHT:<\/strong><\/p>\n<p><\/span><span dir=\"ltr\" role=\"presentation\">Pas de savoir-faire technique, formation progressive en cours de mission. Le seul crit\u00e8re de <\/span><span dir=\"ltr\" role=\"presentation\">s\u00e9lection sera l&#8217;int\u00e9r\u00eat et la motivation du futur volontaire.<br \/><\/span><br role=\"presentation\" \/><span dir=\"ltr\" role=\"presentation\">Send your application (letter + CV) to <\/span><em><span dir=\"ltr\" role=\"presentation\">application@delta-festival.<\/span> <span dir=\"ltr\" role=\"presentation\">com<\/span><\/em> <br role=\"presentation\" \/><span dir=\"ltr\" role=\"presentation\">Website : <\/span><em><span dir=\"ltr\" role=\"presentation\">https:\/\/newdelta.placeholder.tn<\/span><\/em><\/div>\n<\/div>\n<p>[\/et_pb_text][\/et_pb_column][\/et_pb_row][et_pb_row _builder_version=&#8221;4.19.1&#8243; _module_preset=&#8221;default&#8221; global_colors_info=&#8221;{}&#8221;][et_pb_column type=&#8221;4_4&#8243; _builder_version=&#8221;4.19.1&#8243; _module_preset=&#8221;default&#8221; global_colors_info=&#8221;{}&#8221;][et_pb_divider show_divider=&#8221;off&#8221; _builder_version=&#8221;4.19.1&#8243; _module_preset=&#8221;default&#8221; custom_margin=&#8221;53px||||false|false&#8221; custom_margin_tablet=&#8221;53px||||false|false&#8221; custom_margin_phone=&#8221;53px||||false|false&#8221; custom_margin_last_edited=&#8221;on|desktop&#8221; global_colors_info=&#8221;{}&#8221;][\/et_pb_divider][\/et_pb_column][\/et_pb_row][et_pb_row _builder_version=&#8221;4.19.1&#8243; _module_preset=&#8221;default&#8221; global_colors_info=&#8221;{}&#8221;][et_pb_column type=&#8221;4_4&#8243; _builder_version=&#8221;4.19.1&#8243; _module_preset=&#8221;default&#8221; custom_css_main_element=&#8221;    display: flex;||    flex-direction: column;||    align-items: center;||    justify-content: space-between;&#8221; global_colors_info=&#8221;{}&#8221;][et_pb_text _builder_version=&#8221;4.19.1&#8243; _module_preset=&#8221;default&#8221; text_text_color=&#8221;#FFFFFF&#8221; header_3_font=&#8221;Heavitas||||||||&#8221; header_3_text_color=&#8221;#FFFFFF&#8221; header_3_font_size=&#8221;36px&#8221; header_3_font_size_tablet=&#8221;36px&#8221; header_3_font_size_phone=&#8221;26px&#8221; header_3_font_size_last_edited=&#8221;on|phone&#8221; global_colors_info=&#8221;{}&#8221;]<\/p>\n<h3 style=\"text-align: center\">SUBSCRIBE to the NEWSLETTER<\/h3>\n<p>[\/et_pb_text][et_pb_code _builder_version=\"4.19.1\u2033 _module_preset=\"default\" global_colors_info=\"{}\"]\t\t\t<form id=\"sib_signup_form_1\" method=\"post\" class=\"sib_signup_form\" action=\"\">\n\t\t\t\t<div class=\"sib_loader\" style=\"display:none;\"><img\n\t\t\t\t\t\t\tsrc=\"https:\/\/newdelta.placeholder.tn\/wp-includes\/images\/spinner.gif\" alt=\"loader\"><\/div>\n\t\t\t\t<input type=\"hidden\" name=\"sib_form_action\" value=\"subscribe_form_submit\">\n\t\t\t\t<input type=\"hidden\" name=\"sib_form_id\" value=\"1\">\n                <input type=\"hidden\" name=\"sib_form_alert_notice\" value=\"Veuillez remplir ce champ\">\n                <input type=\"hidden\" name=\"sib_security\" value=\"5891e78d3d\">\n\t\t\t\t<div class=\"sib_signup_box_inside_1\">\n\t\t\t\t\t<div style=\"\/*display:none*\/\" class=\"sib_msg_disp\">\n\t\t\t\t\t<\/div>\n\t\t\t\t\t<p class=\"sib-NAME-area\">\r\n    Enter your name\r\n    <input type=\"text\" class=\"sib-NAME-area\" name=\"NAME\">\r\n<\/p>\r\n<p class=\"sib-email-area\">\r\n    Email address\r\n    <input type=\"email\" class=\"sib-email-area\" name=\"email\" required=\"required\">\r\n<\/p>\r\n<p>\r\n    <input type=\"submit\" class=\"sib-default-btn\" value=\"I subscribe\">\r\n<\/p>\r\n\t\t\t\t<\/div>\n\t\t\t<input type=\"hidden\" name=\"trp-form-language\" value=\"en\"\/><\/form>\n\t\t\t<style>\n\t\t\t\tform#sib_signup_form_1 p.sib-alert-message {\n    padding: 6px 12px;\n    margin-bottom: 20px;\n    border: 1px solid transparent;\n    border-radius: 4px;\n    -webkit-box-sizing: border-box;\n    -moz-box-sizing: border-box;\n    box-sizing: border-box;\n}\nform#sib_signup_form_1 p.sib-alert-message-error {\n    background-color: #f2dede;\n    border-color: #ebccd1;\n    color: #a94442;\n}\nform#sib_signup_form_1 p.sib-alert-message-success {\n    background-color: #dff0d8;\n    border-color: #d6e9c6;\n    color: #3c763d;\n}\nform#sib_signup_form_1 p.sib-alert-message-warning {\n    background-color: #fcf8e3;\n    border-color: #faebcc;\n    color: #8a6d3b;\n}\n\t\t\t<\/style>\n\t\t\t\t[\/et_pb_code][et_pb_divider show_divider=\"off\" _builder_version=\"4.19.1\u2033 _module_preset=\"default\" min_height=\"200px\" global_colors_info=\"{}\"][\/et_pb_divider][\/et_pb_column][\/et_pb_row][\/et_pb_section]<\/p>","protected":false},"excerpt":{"rendered":"<p>Charg\u00e9.e de projet Monde des Possibles Service Civique\/Stage OFFRE DE Service Civique\/Stage :Charg\u00e9.e de projet Monde des PossiblesA pourvoir d\u00e8s F\u00e9vrier 2024Contrat de service civique 8 moisTemps pleinLieu : Marseille 1erPR\u00c9SENTATION DE LA STRUCTURE :Une exp\u00e9rience au sein de Delta France Associations, c\u2019est int\u00e9grer une association dont le fer de lance est l\u2019engagement de la [&hellip;]<\/p>","protected":false},"author":3,"featured_media":0,"parent":0,"menu_order":0,"comment_status":"closed","ping_status":"closed","template":"","meta":{"_et_pb_use_builder":"on","_et_pb_old_content":"","_et_gb_content_width":""},"_links":{"self":[{"href":"https:\/\/newdelta.placeholder.tn\/en\/wp-json\/wp\/v2\/pages\/6970"}],"collection":[{"href":"https:\/\/newdelta.placeholder.tn\/en\/wp-json\/wp\/v2\/pages"}],"about":[{"href":"https:\/\/newdelta.placeholder.tn\/en\/wp-json\/wp\/v2\/types\/page"}],"author":[{"embeddable":true,"href":"https:\/\/newdelta.placeholder.tn\/en\/wp-json\/wp\/v2\/users\/3"}],"replies":[{"embeddable":true,"href":"https:\/\/newdelta.placeholder.tn\/en\/wp-json\/wp\/v2\/comments?post=6970"}],"version-history":[{"count":7,"href":"https:\/\/newdelta.placeholder.tn\/en\/wp-json\/wp\/v2\/pages\/6970\/revisions"}],"predecessor-version":[{"id":8117,"href":"https:\/\/newdelta.placeholder.tn\/en\/wp-json\/wp\/v2\/pages\/6970\/revisions\/8117"}],"wp:attachment":[{"href":"https:\/\/newdelta.placeholder.tn\/en\/wp-json\/wp\/v2\/media?parent=6970"}],"curies":[{"name":"wp","href":"https:\/\/api.w.org\/{rel}","templated":true}]}}