{"id":5590,"date":"2023-06-02T05:43:25","date_gmt":"2023-06-02T09:43:25","guid":{"rendered":"https:\/\/www.delta-festival.com\/benevoles-copy\/"},"modified":"2024-02-07T12:19:39","modified_gmt":"2024-02-07T17:19:39","slug":"reserve-ton-casier","status":"publish","type":"page","link":"https:\/\/newdelta.placeholder.tn\/en\/reserve-ton-casier\/","title":{"rendered":"R\u00e9serve ton casier"},"content":{"rendered":"<p>[et_pb_section fb_built=&#8221;1&#8243; _builder_version=&#8221;4.19.1&#8243; _module_preset=&#8221;default&#8221; background_color=&#8221;RGBA(255,255,255,0)&#8221; use_background_color_gradient=&#8221;on&#8221; background_color_gradient_stops=&#8221;#e86c56 0%|#e86c56 47%|#db6591 100%&#8221; background_enable_image=&#8221;off&#8221; background_size=&#8221;custom&#8221; background_image_width=&#8221;100%&#8221; background_position=&#8221;top_center&#8221; width=&#8221;100%&#8221; custom_padding=&#8221;||286px|||&#8221; custom_css_main_element=&#8221;  background-color: #1e135e;||  background-image:||    linear-gradient(||      #1e135e,||      #7c3871 25%,||      #de829e 50%,||      #e79678 75%,||      #ffa158 100%||         );&#8221; global_colors_info=&#8221;{}&#8221; custom_css_main_element_last_edited=&#8221;off|desktop&#8221; custom_css_main_element_phone=&#8221;background-size: 200% auto!important;||background-position: top!important;&#8221;][et_pb_row _builder_version=&#8221;4.19.1&#8243; _module_preset=&#8221;default&#8221; width=&#8221;85%&#8221; max_width=&#8221;100%&#8221; custom_margin=&#8221;25px||||false|false&#8221; global_colors_info=&#8221;{}&#8221;][et_pb_column type=&#8221;4_4&#8243; _builder_version=&#8221;4.19.1&#8243; _module_preset=&#8221;default&#8221; global_colors_info=&#8221;{}&#8221;][et_pb_post_title meta=&#8221;off&#8221; featured_image=&#8221;off&#8221; _builder_version=&#8221;4.19.1&#8243; _module_preset=&#8221;default&#8221; title_font=&#8221;Poppins|800|||||||&#8221; title_text_align=&#8221;center&#8221; title_text_color=&#8221;#FFFFFF&#8221; title_font_size=&#8221;40px&#8221; custom_margin=&#8221;100px||||false|false&#8221; global_colors_info=&#8221;{}&#8221;][\/et_pb_post_title][et_pb_text _builder_version=&#8221;4.19.1&#8243; _module_preset=&#8221;default&#8221; text_font=&#8221;Poppins|||on|||||&#8221; text_text_color=&#8221;#FFFFFF&#8221; text_font_size=&#8221;18px&#8221; text_letter_spacing=&#8221;1px&#8221; text_line_height=&#8221;1.8em&#8221; text_orientation=&#8221;center&#8221; custom_padding=&#8221;||0px|||&#8221; text_text_shadow_style=&#8221;preset1&#8243; global_colors_info=&#8221;{}&#8221;]<\/p>\n<p class=\"p1\">UNE SOLUTION DE LOCATION DE CASIERS DANS LE DELTA FESTIVAL SERA POSSIBLE CET \u00c9T\u00c9 ! C&#8217;EST UNE SOLUTION PRATIQUE, SIMPLE ET RAPIDE POUR S\u00c9CURISER TOUS VOS EFFETS PERSONNELS !<\/p>\n<p>Plus d&#8217;informations \u00e0 venir sur le processus de r\u00e9servation et tailles de casiers disponible.<\/p>\n<p class=\"p1\"><span class=\"Apple-converted-space\">\u00a0<\/span><\/p>\n<p>[\/et_pb_text][\/et_pb_column][\/et_pb_row][et_pb_row disabled_on=&#8221;on|on|on&#8221; _builder_version=&#8221;4.19.1&#8243; _module_preset=&#8221;default&#8221; disabled=&#8221;on&#8221; global_colors_info=&#8221;{}&#8221;][et_pb_column type=&#8221;4_4&#8243; _builder_version=&#8221;4.19.1&#8243; _module_preset=&#8221;default&#8221; global_colors_info=&#8221;{}&#8221;][et_pb_text _builder_version=&#8221;4.19.1&#8243; _module_preset=&#8221;default&#8221; text_font=&#8221;Heavitas||||||||&#8221; text_text_color=&#8221;#FFFFFF&#8221; header_text_color=&#8221;#FFFFFF&#8221; header_2_font=&#8221;Heavitas||||||||&#8221; header_2_text_color=&#8221;#FFFFFF&#8221; text_orientation=&#8221;center&#8221; text_text_shadow_style=&#8221;preset1&#8243; global_colors_info=&#8221;{}&#8221;]<\/p>\n<h1>R\u00e9servation en ligne<\/h1>\n<p>&nbsp;<\/p>\n<p>Apr\u00e8s avoir valid\u00e9 votre r\u00e9servation en ligne, vous recevrez un SMS et un e-mail contenant <span>le code d\u2019acc\u00e8s \u00e0 votre casier.<\/span><\/p>\n<p>&nbsp;<\/p>\n<p>[\/et_pb_text][et_pb_button button_url=&#8221;https:\/\/www.mylocker.fr\/&#8221; button_text=&#8221;R\u00e9server ton casier&#8221; button_alignment=&#8221;center&#8221; _builder_version=&#8221;4.19.1&#8243; _module_preset=&#8221;default&#8221; background_layout=&#8221;dark&#8221; global_colors_info=&#8221;{}&#8221;][\/et_pb_button][\/et_pb_column][\/et_pb_row][et_pb_row disabled_on=&#8221;on|on|on&#8221; _builder_version=&#8221;4.19.1&#8243; _module_preset=&#8221;default&#8221; custom_padding=&#8221;||0px|||&#8221; disabled=&#8221;on&#8221; global_colors_info=&#8221;{}&#8221;][et_pb_column type=&#8221;4_4&#8243; _builder_version=&#8221;4.19.1&#8243; _module_preset=&#8221;default&#8221; global_colors_info=&#8221;{}&#8221;][et_pb_text _builder_version=&#8221;4.19.1&#8243; _module_preset=&#8221;default&#8221; background_color=&#8221;RGBA(255,255,255,0)&#8221; global_colors_info=&#8221;{}&#8221;]<\/p>\n<h2 style=\"text-align: center;\"><span style=\"color: #ffffff;\"><strong>LES DIFF\u00c9RENTES TAILLES DISPONIBLES<\/strong><\/span><\/h2>\n<p>[\/et_pb_text][\/et_pb_column][\/et_pb_row][et_pb_row column_structure=&#8221;1_5,1_5,1_5,1_5,1_5&#8243; disabled_on=&#8221;on|on|on&#8221; _builder_version=&#8221;4.19.1&#8243; _module_preset=&#8221;default&#8221; min_height=&#8221;88.5px&#8221; custom_padding=&#8221;6px||1px|||&#8221; disabled=&#8221;on&#8221; global_colors_info=&#8221;{}&#8221;][et_pb_column type=&#8221;1_5&#8243; _builder_version=&#8221;4.19.1&#8243; _module_preset=&#8221;default&#8221; global_colors_info=&#8221;{}&#8221;][et_pb_image src=&#8221;https:\/\/newdelta.placeholder.tn\/wp-content\/uploads\/2023\/07\/1-removebg-preview-2.png&#8221; title_text=&#8221;1-removebg-preview-2&#8243; _builder_version=&#8221;4.19.1&#8243; _module_preset=&#8221;default&#8221; global_colors_info=&#8221;{}&#8221;][\/et_pb_image][\/et_pb_column][et_pb_column type=&#8221;1_5&#8243; _builder_version=&#8221;4.19.1&#8243; _module_preset=&#8221;default&#8221; global_colors_info=&#8221;{}&#8221;][et_pb_image src=&#8221;https:\/\/newdelta.placeholder.tn\/wp-content\/uploads\/2023\/07\/2-removebg-preview-2.png&#8221; title_text=&#8221;2-removebg-preview-2&#8243; _builder_version=&#8221;4.19.1&#8243; _module_preset=&#8221;default&#8221; global_colors_info=&#8221;{}&#8221;][\/et_pb_image][\/et_pb_column][et_pb_column type=&#8221;1_5&#8243; _builder_version=&#8221;4.19.1&#8243; _module_preset=&#8221;default&#8221; global_colors_info=&#8221;{}&#8221;][et_pb_image src=&#8221;https:\/\/newdelta.placeholder.tn\/wp-content\/uploads\/2023\/07\/3-removebg-preview-2.png&#8221; title_text=&#8221;3-removebg-preview-2&#8243; _builder_version=&#8221;4.19.1&#8243; _module_preset=&#8221;default&#8221; global_colors_info=&#8221;{}&#8221;][\/et_pb_image][\/et_pb_column][et_pb_column type=&#8221;1_5&#8243; _builder_version=&#8221;4.19.1&#8243; _module_preset=&#8221;default&#8221; global_colors_info=&#8221;{}&#8221;][et_pb_image src=&#8221;https:\/\/newdelta.placeholder.tn\/wp-content\/uploads\/2023\/07\/4-removebg-preview.png&#8221; title_text=&#8221;4-removebg-preview&#8221; _builder_version=&#8221;4.19.1&#8243; _module_preset=&#8221;default&#8221; global_colors_info=&#8221;{}&#8221;][\/et_pb_image][\/et_pb_column][et_pb_column type=&#8221;1_5&#8243; _builder_version=&#8221;4.19.1&#8243; _module_preset=&#8221;default&#8221; global_colors_info=&#8221;{}&#8221;][et_pb_image src=&#8221;https:\/\/newdelta.placeholder.tn\/wp-content\/uploads\/2023\/07\/5-removebg-preview.png&#8221; title_text=&#8221;5-removebg-preview&#8221; _builder_version=&#8221;4.19.1&#8243; _module_preset=&#8221;default&#8221; global_colors_info=&#8221;{}&#8221;][\/et_pb_image][\/et_pb_column][\/et_pb_row][et_pb_row disabled_on=&#8221;on|on|on&#8221; _builder_version=&#8221;4.19.1&#8243; _module_preset=&#8221;default&#8221; custom_padding=&#8221;0px||0px|||&#8221; disabled=&#8221;on&#8221; global_colors_info=&#8221;{}&#8221;][et_pb_column type=&#8221;4_4&#8243; _builder_version=&#8221;4.19.1&#8243; _module_preset=&#8221;default&#8221; global_colors_info=&#8221;{}&#8221;][et_pb_text _builder_version=&#8221;4.19.1&#8243; _module_preset=&#8221;default&#8221; text_font=&#8221;Heavitas||||||||&#8221; text_text_color=&#8221;#FFFFFF&#8221; header_text_color=&#8221;#FFFFFF&#8221; header_2_font=&#8221;Heavitas||||||||&#8221; header_2_text_color=&#8221;#FFFFFF&#8221; text_orientation=&#8221;center&#8221; min_height=&#8221;196.4px&#8221; custom_margin=&#8221;||4px|||&#8221; custom_padding=&#8221;17px||1px|||&#8221; text_text_shadow_style=&#8221;preset1&#8243; global_colors_info=&#8221;{}&#8221;]<\/p>\n<h1><span> R\u00e9servation sur place<\/span><span><\/span><\/h1>\n<p><span><\/span><\/p>\n<p><span>Le paiement s\u2019effectue\u00a0uniquement\u00a0par carte bancaire<\/span><span><\/span><\/p>\n<p>[\/et_pb_text][et_pb_text _builder_version=&#8221;4.19.1&#8243; _module_preset=&#8221;default&#8221; text_font=&#8221;Heavitas||||||||&#8221; text_text_color=&#8221;#FFFFFF&#8221; header_text_color=&#8221;#FFFFFF&#8221; header_2_font=&#8221;Heavitas||||||||&#8221; header_2_text_color=&#8221;#FFFFFF&#8221; text_orientation=&#8221;center&#8221; min_height=&#8221;169.4px&#8221; custom_padding=&#8221;0px|||||&#8221; text_text_shadow_style=&#8221;preset1&#8243; global_colors_info=&#8221;{}&#8221;]<\/p>\n<h1 style=\"text-align: center;\"><span><\/span><\/h1>\n<h1 style=\"text-align: center;\"><span>Conditions d&#8217;annulation<\/span><\/h1>\n<p style=\"text-align: center;\"><span><\/span><\/p>\n<p style=\"text-align: center;\"><span><\/span><\/p>\n<p style=\"text-align: center;\"><span>En cas d\u2019annulation, vous pouvez utiliser le lien d\u2019annulation fourni dans le\u00a0<b data-stringify-type=\"bold\">SMS de confirmation re\u00e7u.<\/b><br \/><\/span><\/p>\n<p style=\"text-align: left;\">\n<p>[\/et_pb_text][et_pb_button button_url=&#8221;https:\/\/www.mylocker.fr\/&#8221; button_text=&#8221;R\u00e9server ton casier&#8221; button_alignment=&#8221;center&#8221; _builder_version=&#8221;4.19.1&#8243; _module_preset=&#8221;default&#8221; background_layout=&#8221;dark&#8221; global_colors_info=&#8221;{}&#8221;][\/et_pb_button][et_pb_text _builder_version=&#8221;4.19.1&#8243; _module_preset=&#8221;default&#8221; text_font=&#8221;Heavitas||||||||&#8221; text_text_color=&#8221;#FFFFFF&#8221; header_text_color=&#8221;#FFFFFF&#8221; header_2_font=&#8221;Heavitas||||||||&#8221; header_2_text_color=&#8221;#FFFFFF&#8221; text_orientation=&#8221;center&#8221; min_height=&#8221;397.4px&#8221; custom_margin=&#8221;-15px|||||&#8221; custom_padding=&#8221;20px||20px|||&#8221; text_text_shadow_style=&#8221;preset1&#8243; global_colors_info=&#8221;{}&#8221;]<\/p>\n<h1><span><\/span><\/h1>\n<h1><span> D\u00e9passement des jours et horaires<\/span><\/h1>\n<p><span><\/span><\/p>\n<p><span><\/span><\/p>\n<p style=\"text-align: center;\"><span>Si vous d\u00e9passez les jours et horaires d\u00e9finis lors de votre r\u00e9servation de casier, des frais d&#8217;occupation suppl\u00e9mentaires seront automatiquement pr\u00e9lev\u00e9s sur la carte bleue que vous avez renseign\u00e9e. Voici la grille tarifaire en cas de d\u00e9passement :<\/span><span><\/span><\/p>\n<p style=\"text-align: left;\"><span><\/span><\/p>\n<p style=\"text-align: left;\"><span><\/span><\/p>\n<h3><span style=\"color: #ffffff;\">XS : 9 euros<\/span><\/h3>\n<h3><span style=\"color: #ffffff;\">S : 12 euros<\/span><\/h3>\n<h3><span style=\"color: #ffffff;\">M : 16 euros<\/span><\/h3>\n<h3><span style=\"color: #ffffff;\">L : 20 euros<\/span><\/h3>\n<h3><span style=\"color: #ffffff;\">XL : 30 euros<\/span><\/h3>\n<p style=\"text-align: left;\"><span><\/span><\/p>\n<p style=\"text-align: left;\">[\/et_pb_text][et_pb_text _builder_version=&#8221;4.19.1&#8243; _module_preset=&#8221;default&#8221; text_font=&#8221;Heavitas||||||||&#8221; text_text_color=&#8221;#FFFFFF&#8221; header_text_color=&#8221;#FFFFFF&#8221; header_2_font=&#8221;Heavitas||||||||&#8221; header_2_text_color=&#8221;#FFFFFF&#8221; text_orientation=&#8221;center&#8221; min_height=&#8221;199.4px&#8221; custom_margin=&#8221;||4px|||&#8221; custom_padding=&#8221;0px||1px|||&#8221; text_text_shadow_style=&#8221;preset1&#8243; global_colors_info=&#8221;{}&#8221;]<\/p>\n<h1><span>R\u00e9clamations : <\/span><\/h1>\n<h1><span>en cas d\u2019utilisation non conforme<b data-stringify-type=\"bold\">\u00a0des Lockers<\/b><\/span><\/h1>\n<p><span><\/span><\/p>\n<p><span>En cas de litige li\u00e9 \u00e0 l&#8217;utilisation du dispositif, notre personnel sur place se tient \u00e0 votre disposition. Veuillez noter qu&#8217;il n&#8217;y a pas de garantie de r\u00e9ponse imm\u00e9diate, et aucun d\u00e9dommagement ne sera effectu\u00e9 en cas d&#8217;utilisation non conforme du dispositif.<\/span><\/p>\n<p>[\/et_pb_text][\/et_pb_column][\/et_pb_row][et_pb_row column_structure=&#8221;1_4,1_4,1_4,1_4&#8243; disabled_on=&#8221;on|on|on&#8221; _builder_version=&#8221;4.19.1&#8243; _module_preset=&#8221;default&#8221; min_height=&#8221;311.1px&#8221; custom_margin=&#8221;-48px|auto||auto||&#8221; custom_padding=&#8221;17px||36px|||&#8221; disabled=&#8221;on&#8221; global_colors_info=&#8221;{}&#8221;][et_pb_column type=&#8221;1_4&#8243; _builder_version=&#8221;4.19.1&#8243; _module_preset=&#8221;default&#8221; global_colors_info=&#8221;{}&#8221;][et_pb_image src=&#8221;https:\/\/newdelta.placeholder.tn\/wp-content\/uploads\/2023\/06\/292260597_144630888222118_2591730415098675592_n.webp&#8221; title_text=&#8221;292260597_144630888222118_2591730415098675592_n&#8221; _builder_version=&#8221;4.19.1&#8243; _module_preset=&#8221;default&#8221; global_colors_info=&#8221;{}&#8221;][\/et_pb_image][\/et_pb_column][et_pb_column type=&#8221;1_4&#8243; _builder_version=&#8221;4.19.1&#8243; _module_preset=&#8221;default&#8221; global_colors_info=&#8221;{}&#8221;][et_pb_image src=&#8221;https:\/\/newdelta.placeholder.tn\/wp-content\/uploads\/2023\/06\/Nouveau-projet-1.webp&#8221; title_text=&#8221;Nouveau projet (1)&#8221; _builder_version=&#8221;4.19.1&#8243; _module_preset=&#8221;default&#8221; global_colors_info=&#8221;{}&#8221;][\/et_pb_image][\/et_pb_column][et_pb_column type=&#8221;1_4&#8243; _builder_version=&#8221;4.19.1&#8243; _module_preset=&#8221;default&#8221; global_colors_info=&#8221;{}&#8221;][et_pb_image src=&#8221;https:\/\/newdelta.placeholder.tn\/wp-content\/uploads\/2023\/06\/294467718_146855744666299_2398513058724399773_n.webp&#8221; title_text=&#8221;294467718_146855744666299_2398513058724399773_n&#8221; _builder_version=&#8221;4.19.1&#8243; _module_preset=&#8221;default&#8221; global_colors_info=&#8221;{}&#8221;][\/et_pb_image][\/et_pb_column][et_pb_column type=&#8221;1_4&#8243; _builder_version=&#8221;4.19.1&#8243; _module_preset=&#8221;default&#8221; global_colors_info=&#8221;{}&#8221;][et_pb_image src=&#8221;https:\/\/newdelta.placeholder.tn\/wp-content\/uploads\/2023\/06\/292250842_144421208243086_1232120348336218048_n.webp&#8221; title_text=&#8221;292250842_144421208243086_1232120348336218048_n&#8221; _builder_version=&#8221;4.19.1&#8243; _module_preset=&#8221;default&#8221; global_colors_info=&#8221;{}&#8221;][\/et_pb_image][\/et_pb_column][\/et_pb_row][et_pb_row disabled_on=&#8221;on|on|on&#8221; _builder_version=&#8221;4.19.1&#8243; _module_preset=&#8221;default&#8221; disabled=&#8221;on&#8221; global_colors_info=&#8221;{}&#8221;][et_pb_column type=&#8221;4_4&#8243; _builder_version=&#8221;4.19.1&#8243; _module_preset=&#8221;default&#8221; global_colors_info=&#8221;{}&#8221;][et_pb_video src=&#8221;https:\/\/youtu.be\/Tc7Bxcu22BM&#8221; _builder_version=&#8221;4.19.1&#8243; _module_preset=&#8221;default&#8221; module_alignment=&#8221;center&#8221; global_colors_info=&#8221;{}&#8221;][\/et_pb_video][\/et_pb_column][\/et_pb_row][et_pb_row _builder_version=&#8221;4.19.1&#8243; _module_preset=&#8221;default&#8221; global_colors_info=&#8221;{}&#8221;][et_pb_column type=&#8221;4_4&#8243; _builder_version=&#8221;4.19.1&#8243; _module_preset=&#8221;default&#8221; custom_css_main_element=&#8221;    display: flex;||    flex-direction: column;||    align-items: center;||    justify-content: space-between;&#8221; global_colors_info=&#8221;{}&#8221;][et_pb_text _builder_version=&#8221;4.19.1&#8243; _module_preset=&#8221;default&#8221; text_text_color=&#8221;#FFFFFF&#8221; header_3_font=&#8221;Heavitas||||||||&#8221; header_3_text_color=&#8221;#FFFFFF&#8221; header_3_font_size=&#8221;36px&#8221; header_3_font_size_tablet=&#8221;36px&#8221; header_3_font_size_phone=&#8221;26px&#8221; header_3_font_size_last_edited=&#8221;on|phone&#8221; global_colors_info=&#8221;{}&#8221;]<\/p>\n<h3 style=\"text-align: center;\">SUBSCRIBE to the NEWSLETTER<\/h3>\n<p>[\/et_pb_text][et_pb_code _builder_version=&#8221;4.19.1&#8243; _module_preset=&#8221;default&#8221; z_index=&#8221;3&#8243; global_colors_info=&#8221;{}&#8221;]\t\t\t<form id=\"sib_signup_form_1\" method=\"post\" class=\"sib_signup_form\" action=\"\">\n\t\t\t\t<div class=\"sib_loader\" style=\"display:none;\"><img\n\t\t\t\t\t\t\tsrc=\"https:\/\/newdelta.placeholder.tn\/wp-includes\/images\/spinner.gif\" alt=\"loader\"><\/div>\n\t\t\t\t<input type=\"hidden\" name=\"sib_form_action\" value=\"subscribe_form_submit\">\n\t\t\t\t<input type=\"hidden\" name=\"sib_form_id\" value=\"1\">\n                <input type=\"hidden\" name=\"sib_form_alert_notice\" value=\"Veuillez remplir ce champ\">\n                <input type=\"hidden\" name=\"sib_security\" value=\"c35a1bc85a\">\n\t\t\t\t<div class=\"sib_signup_box_inside_1\">\n\t\t\t\t\t<div style=\"\/*display:none*\/\" class=\"sib_msg_disp\">\n\t\t\t\t\t<\/div>\n\t\t\t\t\t<p class=\"sib-NAME-area\">\r\n    Enter your name\r\n    <input type=\"text\" class=\"sib-NAME-area\" name=\"NAME\">\r\n<\/p>\r\n<p class=\"sib-email-area\">\r\n    Email address\r\n    <input type=\"email\" class=\"sib-email-area\" name=\"email\" required=\"required\">\r\n<\/p>\r\n<p>\r\n    <input type=\"submit\" class=\"sib-default-btn\" value=\"I subscribe\">\r\n<\/p>\r\n\t\t\t\t<\/div>\n\t\t\t<input type=\"hidden\" name=\"trp-form-language\" value=\"en\"\/><\/form>\n\t\t\t<style>\n\t\t\t\tform#sib_signup_form_1 p.sib-alert-message {\n    padding: 6px 12px;\n    margin-bottom: 20px;\n    border: 1px solid transparent;\n    border-radius: 4px;\n    -webkit-box-sizing: border-box;\n    -moz-box-sizing: border-box;\n    box-sizing: border-box;\n}\nform#sib_signup_form_1 p.sib-alert-message-error {\n    background-color: #f2dede;\n    border-color: #ebccd1;\n    color: #a94442;\n}\nform#sib_signup_form_1 p.sib-alert-message-success {\n    background-color: #dff0d8;\n    border-color: #d6e9c6;\n    color: #3c763d;\n}\nform#sib_signup_form_1 p.sib-alert-message-warning {\n    background-color: #fcf8e3;\n    border-color: #faebcc;\n    color: #8a6d3b;\n}\n\t\t\t<\/style>\n\t\t\t\t[\/et_pb_code][et_pb_divider show_divider=\"off\" _builder_version=\"4.19.1\u2033 _module_preset=\"default\" min_height=\"200px\" global_colors_info=\"{}\"][\/et_pb_divider][\/et_pb_column][\/et_pb_row][\/et_pb_section]<\/p>","protected":false},"excerpt":{"rendered":"<p>UNE SOLUTION DE LOCATION DE CASIERS DANS LE DELTA FESTIVAL SERA POSSIBLE CET \u00c9T\u00c9 ! C&#8217;EST UNE SOLUTION PRATIQUE, SIMPLE ET RAPIDE POUR S\u00c9CURISER TOUS VOS EFFETS PERSONNELS ! Plus d&#8217;informations \u00e0 venir sur le processus de r\u00e9servation et tailles de casiers disponible. \u00a0R\u00e9servation en ligne &nbsp; Apr\u00e8s avoir valid\u00e9 votre r\u00e9servation en ligne, vous [&hellip;]<\/p>","protected":false},"author":2,"featured_media":0,"parent":0,"menu_order":0,"comment_status":"closed","ping_status":"closed","template":"","meta":{"_et_pb_use_builder":"on","_et_pb_old_content":"","_et_gb_content_width":""},"_links":{"self":[{"href":"https:\/\/newdelta.placeholder.tn\/en\/wp-json\/wp\/v2\/pages\/5590"}],"collection":[{"href":"https:\/\/newdelta.placeholder.tn\/en\/wp-json\/wp\/v2\/pages"}],"about":[{"href":"https:\/\/newdelta.placeholder.tn\/en\/wp-json\/wp\/v2\/types\/page"}],"author":[{"embeddable":true,"href":"https:\/\/newdelta.placeholder.tn\/en\/wp-json\/wp\/v2\/users\/2"}],"replies":[{"embeddable":true,"href":"https:\/\/newdelta.placeholder.tn\/en\/wp-json\/wp\/v2\/comments?post=5590"}],"version-history":[{"count":64,"href":"https:\/\/newdelta.placeholder.tn\/en\/wp-json\/wp\/v2\/pages\/5590\/revisions"}],"predecessor-version":[{"id":8193,"href":"https:\/\/newdelta.placeholder.tn\/en\/wp-json\/wp\/v2\/pages\/5590\/revisions\/8193"}],"wp:attachment":[{"href":"https:\/\/newdelta.placeholder.tn\/en\/wp-json\/wp\/v2\/media?parent=5590"}],"curies":[{"name":"wp","href":"https:\/\/api.w.org\/{rel}","templated":true}]}}