{"id":5144,"date":"2023-05-02T10:35:49","date_gmt":"2023-05-02T14:35:49","guid":{"rendered":"https:\/\/www.delta-festival.com\/?page_id=5144"},"modified":"2024-02-06T04:38:29","modified_gmt":"2024-02-06T09:38:29","slug":"espacepresse","status":"publish","type":"page","link":"https:\/\/newdelta.placeholder.tn\/en\/espacepresse\/","title":{"rendered":"espace presse"},"content":{"rendered":"<p>[et_pb_section fb_built=&#8221;1&#8243; _builder_version=&#8221;4.19.1&#8243; _module_preset=&#8221;default&#8221; background_image=&#8221;https:\/\/newdelta.placeholder.tn\/wp-content\/uploads\/2023\/05\/Steve-Kgt-bar-calsberg-scaled.webp&#8221; min_height=&#8221;100vh&#8221; height=&#8221;100vh&#8221; max_height=&#8221;100vh&#8221; filter_brightness=&#8221;86%&#8221; custom_css_main_element=&#8221;display: flex;||    align-items: center;&#8221; global_colors_info=&#8221;{}&#8221;][et_pb_row _builder_version=&#8221;4.19.1&#8243; _module_preset=&#8221;default&#8221; global_colors_info=&#8221;{}&#8221;][et_pb_column type=&#8221;4_4&#8243; _builder_version=&#8221;4.19.1&#8243; _module_preset=&#8221;default&#8221; global_colors_info=&#8221;{}&#8221;][et_pb_post_title meta=&#8221;off&#8221; featured_image=&#8221;off&#8221; admin_label=&#8221;Titre du poste&#8221; _builder_version=&#8221;4.19.1&#8243; _module_preset=&#8221;default&#8221; title_font=&#8221;Heavitas|800|||||||&#8221; title_text_align=&#8221;center&#8221; title_text_color=&#8221;#FFFFFF&#8221; title_font_size=&#8221;40px&#8221; custom_margin=&#8221;100px||||false|false&#8221; filter_brightness=&#8221;138%&#8221; global_colors_info=&#8221;{}&#8221;][\/et_pb_post_title][\/et_pb_column][\/et_pb_row][\/et_pb_section][et_pb_section fb_built=&#8221;1&#8243; _builder_version=&#8221;4.19.1&#8243; _module_preset=&#8221;default&#8221; background_color=&#8221;RGBA(255,255,255,0)&#8221; use_background_color_gradient=&#8221;on&#8221; background_color_gradient_stops=&#8221;#1e135e 0%|#7c3871 25%|#de829e 50%|#e79678 76%|#ffa158 100%&#8221; background_image=&#8221;https:\/\/newdelta.placeholder.tn\/wp-content\/uploads\/2024\/02\/background-website-16&#215;9-1.webp&#8221; background_size=&#8221;custom&#8221; background_image_width=&#8221;100%&#8221; background_image_height=&#8221;100%&#8221; background_position=&#8221;top_center&#8221; min_height=&#8221;1606.3px&#8221; custom_padding=&#8221;96px|||||&#8221; custom_css_main_element=&#8221;  background-color: #1e135e;||  background-image:||    linear-gradient(||      #1e135e,||      #7c3871 25%,||      #de829e 50%,||      #e79678 75%,||      #ffa158 100%||         );&#8221; global_colors_info=&#8221;{}&#8221; custom_css_main_element_last_edited=&#8221;off|desktop&#8221; custom_css_main_element_phone=&#8221;background-size: 200% auto!important;||background-position: top!important;&#8221;][et_pb_row make_equal=&#8221;on&#8221; module_class=&#8221;inverse&#8221; _builder_version=&#8221;4.19.1&#8243; _module_preset=&#8221;default&#8221; width_last_edited=&#8221;off|desktop&#8221; max_width=&#8221;100%&#8221; min_height=&#8221;186.2px&#8221; custom_css_main_element=&#8221; align-self: center&#8221; global_colors_info=&#8221;{}&#8221;][et_pb_column type=&#8221;4_4&#8243; _builder_version=&#8221;4.19.1&#8243; _module_preset=&#8221;default&#8221; custom_padding=&#8221;||||false|false&#8221; global_colors_info=&#8221;{}&#8221;][et_pb_text _builder_version=&#8221;4.19.1&#8243; _module_preset=&#8221;default&#8221; text_font=&#8221;Poppins|||on|||||&#8221; text_text_color=&#8221;#FFFFFF&#8221; text_font_size=&#8221;16px&#8221; text_letter_spacing=&#8221;1px&#8221; text_line_height=&#8221;1.8em&#8221; header_font=&#8221;Poppins||||||||&#8221; header_2_font=&#8221;Heavitas||||||||&#8221; header_2_text_align=&#8221;center&#8221; header_2_text_color=&#8221;#FFFFFF&#8221; header_2_line_height=&#8221;1.7em&#8221; header_3_font=&#8221;Heavitas||||||||&#8221; header_3_text_color=&#8221;#FFFFFF&#8221; header_3_font_size=&#8221;30px&#8221; custom_padding=&#8221;||||false|false&#8221; custom_css_main_element=&#8221; align-self: center&#8221; text_text_shadow_style=&#8221;preset1&#8243; global_colors_info=&#8221;{}&#8221;]<\/p>\n<h2>Bienvenue sur l&#8217;espace presse du Delta Festival.<br \/>Pour toute demande particuli\u00e8re, vous pouvez<br \/>contacter notre service communication<\/h2>\n<p>[\/et_pb_text][\/et_pb_column][\/et_pb_row][et_pb_row _builder_version=&#8221;4.19.1&#8243; _module_preset=&#8221;default&#8221; width=&#8221;85%&#8221; max_width=&#8221;100%&#8221; min_height=&#8221;141.2px&#8221; custom_margin=&#8221;-9px|auto||auto|false|false&#8221; global_colors_info=&#8221;{}&#8221;][et_pb_column type=&#8221;4_4&#8243; _builder_version=&#8221;4.19.1&#8243; _module_preset=&#8221;default&#8221; global_colors_info=&#8221;{}&#8221;][et_pb_text _builder_version=&#8221;4.19.1&#8243; _module_preset=&#8221;default&#8221; text_font=&#8221;Poppins|800||on|||||&#8221; text_text_color=&#8221;#FFFFFF&#8221; text_font_size=&#8221;15px&#8221; text_letter_spacing=&#8221;1px&#8221; text_line_height=&#8221;1.8em&#8221; text_orientation=&#8221;center&#8221; text_text_shadow_style=&#8221;preset1&#8243; global_colors_info=&#8221;{}&#8221;]<\/p>\n<p>Le monde des r\u00eaves s&#8217;invite au Delta festival, viens toucher les nuages avec une\u00a0programmation in\u00e9dite cette ann\u00e9e ! Embarquez pour un voyage f\u00e9\u00e9rique dans le monde\u00a0du Delta.<\/p>\n<p>[\/et_pb_text][et_pb_text _builder_version=&#8221;4.19.1&#8243; _module_preset=&#8221;default&#8221; text_font=&#8221;Poppins||||||||&#8221; text_text_color=&#8221;#FFFFFF&#8221; text_font_size=&#8221;17px&#8221; global_colors_info=&#8221;{}&#8221;]<\/p>\n<p style=\"text-align: center;\"><strong><em>Delta Festival<\/em><\/strong><br \/><strong><em>du 4 au 8 septembe 2024<\/em><\/strong><\/p>\n<p>[\/et_pb_text][\/et_pb_column][\/et_pb_row][et_pb_row column_structure=&#8221;1_2,1_2&#8243; _builder_version=&#8221;4.19.1&#8243; _module_preset=&#8221;default&#8221; min_height=&#8221;585px&#8221; custom_margin=&#8221;|auto|85px|auto||&#8221; custom_padding=&#8221;||0px|||&#8221; global_colors_info=&#8221;{}&#8221;][et_pb_column type=&#8221;1_2&#8243; _builder_version=&#8221;4.19.1&#8243; _module_preset=&#8221;default&#8221; global_colors_info=&#8221;{}&#8221;][et_pb_text _builder_version=&#8221;4.19.1&#8243; _module_preset=&#8221;default&#8221; text_font=&#8221;Poppins||||||||&#8221; text_text_color=&#8221;#FFFFFF&#8221; min_height=&#8221;509px&#8221; global_colors_info=&#8221;{}&#8221;]<\/p>\n<p><strong>UNE PROGRAMMATION EXCEPTIONNELLE<\/strong><\/p>\n<p><strong>150 000 festivaliers<\/strong> vont faire trembler les plages marseillaises, immerg\u00e9s dans un monde de\u00a0r\u00eaves aux multiples inspirations. Pr\u00e8s de <strong>250 artistes<\/strong> feront vibrer les festivaliers pendant <strong>70\u00a0heures de son<\/strong>. Laissez-vous transporter par les vibrations de Niska, Bakermat ou encore Feder.\u00a0Cette ann\u00e9e, les stars internationales f\u00e9minines telles qu&#8217;Ang\u00e8le, Amelie Lens, Nina Kraviz ou\u00a0encore Charlotte de Witte sont \u00e0 l&#8217;honneur.<\/p>\n<p><strong>UNE \u00c9DITION XXL POUR 2023<\/strong><\/p>\n<p>Le Delta Festival vous entra\u00eene pour <strong>5 jours<\/strong> extraordinaires avec sa Dream \u00c9dition. D\u00e9couvrez une\u00a0sc\u00e9nographie encore plus immersive bas\u00e9e sur le th\u00e8me des r\u00eaves, des spectacles m\u00ealant\u00a0pyrotechnie, chants, danses et toujours des dizaines de stands pour personnaliser vos tenues de\u00a0festivaliers avec des paillettes, des fleurs, etc.<\/p>\n<p>&nbsp;<\/p>\n<p><strong>Cette ann\u00e9e, le Delta Festival c&#8217;est : 5 jours, 30 000 festivaliers par jour, 3000 b\u00e9n\u00e9voles et<\/strong>\u00a0<strong>organisateurs, 700 structures engag\u00e9es exposantes,9 villages th\u00e9matiques&#8230;<\/strong><\/p>\n<p>[\/et_pb_text][\/et_pb_column][et_pb_column type=&#8221;1_2&#8243; _builder_version=&#8221;4.19.1&#8243; _module_preset=&#8221;default&#8221; global_colors_info=&#8221;{}&#8221;][et_pb_gallery gallery_ids=&#8221;5148,5149,5150,5151&#8243; show_title_and_caption=&#8221;off&#8221; _builder_version=&#8221;4.19.1&#8243; _module_preset=&#8221;default&#8221; title_font_size=&#8221;17px&#8221; transform_scale=&#8221;105%|114%&#8221; transform_scale_linked=&#8221;off&#8221; transform_translate=&#8221;-3px|7px&#8221; transform_translate_linked=&#8221;off&#8221; transform_origin=&#8221;52%|48%&#8221; width=&#8221;94%&#8221; max_width=&#8221;100%&#8221; min_height=&#8221;386.8px&#8221; custom_margin=&#8221;45px||76px||false|false&#8221; custom_padding=&#8221;5px||17px||false|false&#8221; global_colors_info=&#8221;{}&#8221;][\/et_pb_gallery][\/et_pb_column][\/et_pb_row][et_pb_row make_equal=&#8221;on&#8221; module_class=&#8221;inverse&#8221; _builder_version=&#8221;4.19.1&#8243; _module_preset=&#8221;default&#8221; max_width=&#8221;100%&#8221; min_height=&#8221;213.5px&#8221; custom_margin=&#8221;-139px|auto||auto||&#8221; custom_padding=&#8221;39px|||||&#8221; custom_css_main_element=&#8221; align-self: center&#8221; global_colors_info=&#8221;{}&#8221;][et_pb_column type=&#8221;4_4&#8243; _builder_version=&#8221;4.19.1&#8243; _module_preset=&#8221;default&#8221; custom_padding=&#8221;||||false|false&#8221; global_colors_info=&#8221;{}&#8221;][et_pb_button button_url=&#8221;https:\/\/docs.google.com\/forms\/d\/e\/1FAIpQLSdb7XbuQveHpVcKQ9bYE1ap-H0HMecY7x4TgmZVaAms9nEmuA\/viewform&#8221; button_text=&#8221;FAITES VOTRE DEMANDE D&#8217;ACCR\u00c9DITATIONS ET D&#8217;INFORMATIONS POUR L&#8217;\u00c9DITION 2023&#8243; button_alignment=&#8221;center&#8221; _builder_version=&#8221;4.19.1&#8243; _module_preset=&#8221;default&#8221; custom_button=&#8221;on&#8221; button_text_size=&#8221;23px&#8221; button_text_color=&#8221;#FFFFFF&#8221; button_use_icon=&#8221;off&#8221; transform_translate=&#8221;-43px|0px&#8221; transform_translate_linked=&#8221;off&#8221; custom_margin=&#8221;|-1px||70px|false|false&#8221; global_colors_info=&#8221;{}&#8221;][\/et_pb_button][\/et_pb_column][\/et_pb_row][et_pb_row _builder_version=&#8221;4.19.1&#8243; _module_preset=&#8221;default&#8221; min_height=&#8221;141.2px&#8221; custom_margin=&#8221;-46px|auto||auto|false|false&#8221; custom_margin_tablet=&#8221;-46px|auto||auto|false|false&#8221; custom_margin_phone=&#8221;-1px|auto||auto|false|false&#8221; custom_margin_last_edited=&#8221;on|phone&#8221; custom_padding=&#8221;1px|||||&#8221; global_colors_info=&#8221;{}&#8221;][et_pb_column type=&#8221;4_4&#8243; _builder_version=&#8221;4.19.1&#8243; _module_preset=&#8221;default&#8221; global_colors_info=&#8221;{}&#8221;][et_pb_text _builder_version=&#8221;4.19.1&#8243; _module_preset=&#8221;default&#8221; text_font=&#8221;Poppins||||||||&#8221; text_text_color=&#8221;#FFFFFF&#8221; text_font_size=&#8221;24px&#8221; min_height=&#8221;18px&#8221; global_colors_info=&#8221;{}&#8221;]<\/p>\n<p style=\"text-align: center;\"><strong>CONTACT<\/strong><\/p>\n<p>[\/et_pb_text][et_pb_text _builder_version=&#8221;4.19.1&#8243; _module_preset=&#8221;default&#8221; text_text_color=&#8221;#FFFFFF&#8221; text_font_size=&#8221;16px&#8221; min_height=&#8221;57px&#8221; global_colors_info=&#8221;{}&#8221;]<\/p>\n<p style=\"text-align: center;\"><strong>presse@delta-festival.com<\/strong><\/p>\n<p>[\/et_pb_text][\/et_pb_column][\/et_pb_row][\/et_pb_section]<\/p>","protected":false},"excerpt":{"rendered":"<p>Bienvenue sur l&#8217;espace presse du Delta Festival.Pour toute demande particuli\u00e8re, vous pouvezcontacter notre service communicationLe monde des r\u00eaves s&#8217;invite au Delta festival, viens toucher les nuages avec une\u00a0programmation in\u00e9dite cette ann\u00e9e ! Embarquez pour un voyage f\u00e9\u00e9rique dans le monde\u00a0du Delta.Delta Festivaldu 4 au 8 septembe 2024UNE PROGRAMMATION EXCEPTIONNELLE 150 000 festivaliers vont faire trembler [&hellip;]<\/p>","protected":false},"author":2,"featured_media":0,"parent":0,"menu_order":0,"comment_status":"closed","ping_status":"closed","template":"","meta":{"_et_pb_use_builder":"on","_et_pb_old_content":"","_et_gb_content_width":""},"_links":{"self":[{"href":"https:\/\/newdelta.placeholder.tn\/en\/wp-json\/wp\/v2\/pages\/5144"}],"collection":[{"href":"https:\/\/newdelta.placeholder.tn\/en\/wp-json\/wp\/v2\/pages"}],"about":[{"href":"https:\/\/newdelta.placeholder.tn\/en\/wp-json\/wp\/v2\/types\/page"}],"author":[{"embeddable":true,"href":"https:\/\/newdelta.placeholder.tn\/en\/wp-json\/wp\/v2\/users\/2"}],"replies":[{"embeddable":true,"href":"https:\/\/newdelta.placeholder.tn\/en\/wp-json\/wp\/v2\/comments?post=5144"}],"version-history":[{"count":16,"href":"https:\/\/newdelta.placeholder.tn\/en\/wp-json\/wp\/v2\/pages\/5144\/revisions"}],"predecessor-version":[{"id":8107,"href":"https:\/\/newdelta.placeholder.tn\/en\/wp-json\/wp\/v2\/pages\/5144\/revisions\/8107"}],"wp:attachment":[{"href":"https:\/\/newdelta.placeholder.tn\/en\/wp-json\/wp\/v2\/media?parent=5144"}],"curies":[{"name":"wp","href":"https:\/\/api.w.org\/{rel}","templated":true}]}}