{"id":3836,"date":"2023-01-26T09:29:35","date_gmt":"2023-01-26T14:29:35","guid":{"rendered":"https:\/\/www.delta-festival.com\/?page_id=3836"},"modified":"2023-01-26T13:12:00","modified_gmt":"2023-01-26T18:12:00","slug":"mentions-legales","status":"publish","type":"page","link":"https:\/\/newdelta.placeholder.tn\/en\/mentions-legales\/","title":{"rendered":"Legal information"},"content":{"rendered":"<p>[et_pb_section fb_built=&#8221;1&#8243; _builder_version=&#8221;4.19.1&#8243; _module_preset=&#8221;default&#8221; use_background_color_gradient=&#8221;on&#8221; background_color_gradient_stops=&#8221;#1e1d3e 0%|#4f1f54 35%|#db6591 100%&#8221; background_image=&#8221;https:\/\/newdelta.placeholder.tn\/wp-content\/uploads\/2022\/12\/landingpage-v3-blank-background-only-dark.webp&#8221; background_size=&#8221;custom&#8221; background_image_width=&#8221;100%&#8221; background_position=&#8221;top_center&#8221; custom_margin=&#8221;||||false|false&#8221; custom_padding=&#8221;||199px||false|false&#8221; custom_css_main_element=&#8221;background-color: #1e1d3e;||  background-image:||     linear-gradient(||      #1e1d3e, #db6591||    )!important;&#8221; global_colors_info=&#8221;{}&#8221; custom_css_main_element_last_edited=&#8221;off|desktop&#8221; custom_css_main_element_phone=&#8221;background-size: 200% auto!important;||background-position: top!important;&#8221;][et_pb_row _builder_version=&#8221;4.19.1&#8243; _module_preset=&#8221;default&#8221; max_width=&#8221;100%&#8221; custom_margin=&#8221;150px||||false|false&#8221; custom_margin_tablet=&#8221;150px||||false|false&#8221; custom_margin_phone=&#8221;50px||||false|false&#8221; custom_margin_last_edited=&#8221;on|tablet&#8221; global_colors_info=&#8221;{}&#8221;][et_pb_column type=&#8221;4_4&#8243; _builder_version=&#8221;4.19.1&#8243; _module_preset=&#8221;default&#8221; global_colors_info=&#8221;{}&#8221;][et_pb_text _builder_version=&#8221;4.19.1&#8243; _module_preset=&#8221;default&#8221; text_font=&#8221;Heavitas|||on|||||&#8221; text_text_color=&#8221;#FFFFFF&#8221; text_font_size=&#8221;20px&#8221; header_font=&#8221;Heavitas|500||on|||||&#8221; header_text_align=&#8221;center&#8221; header_text_color=&#8221;#FFFFFF&#8221; header_font_size=&#8221;40px&#8221; header_2_font=&#8221;|700|||||||&#8221; header_2_text_color=&#8221;#FFFFFF&#8221; text_orientation=&#8221;center&#8221; custom_margin=&#8221;||5px||false|false&#8221; text_font_size_tablet=&#8221;16px&#8221; text_font_size_phone=&#8221;14px&#8221; text_font_size_last_edited=&#8221;on|phone&#8221; header_font_size_tablet=&#8221;40px&#8221; header_font_size_phone=&#8221;30px&#8221; header_font_size_last_edited=&#8221;on|phone&#8221; global_colors_info=&#8221;{}&#8221;]<\/p>\n<h1>Legal information<\/h1>\n<p>[\/et_pb_text][et_pb_text _builder_version=&#8221;4.19.1&#8243; _module_preset=&#8221;default&#8221; background_color=&#8221;#FFFFFF&#8221; custom_margin=&#8221;0px||||false|false&#8221; custom_padding=&#8221;40px|40px|40px|40px|true|true&#8221; global_colors_info=&#8221;{}&#8221;]<\/p>\n<p>The following terms and conditions apply to all users of the site<span>\u00a0<\/span><span><a href=\"http:\/\/newdelta.placeholder.tn\/\">newdelta.placeholder.tn<\/a><\/span><\/p>\n<p><span><strong>SUBJECT<\/strong><\/span><\/p>\n<p>Les pr\u00e9sentes Conditions G\u00e9n\u00e9rales ont pour objet de d\u00e9finir les conditions d\u2019utilisation du site newdelta.placeholder.tn. Tout acc\u00e8s et\/ou utilisation du site<span>\u00a0<\/span><a href=\"http:\/\/newdelta.placeholder.tn\/\">newdelta.placeholder.tn<\/a><span>\u00a0<\/span>implies the acceptance and respect of all the terms of the present Conditions. They therefore constitute a contract between Delta France Associations and the user. If the user does not wish to accept all or part of these terms and conditions, he\/she is asked to leave the site<span>\u00a0<\/span><a href=\"http:\/\/newdelta.placeholder.tn\/\">newdelta.placeholder.tn<\/a>.<\/p>\n<p><span><strong>LEGAL NOTICES<\/strong><\/span><\/p>\n<p>Le site newdelta.placeholder.tn est \u00e9dit\u00e9 par : Delta France Associations \u2013 Association \u00e0 but non lucratif relevant de la loi 1901<\/p>\n<p>Address : 68 rue sainte 13001 Marseille<br \/>SIRET number : 808 331 888 00038<br \/>Intracommunity VAT number: FR41 808 331 888<br \/>Email : questions@delta-festival.fr<br \/>Represented by Mr. Olivier Ledot as President of the Association<\/p>\n<p>Le site newdelta.placeholder.tn est h\u00e9berg\u00e9 par la soci\u00e9t\u00e9 SAS WPSERVEUR \u2013<br \/>134 Avenue du pr\u00e9sident Wilson 93100 Montreuil - RCS 808 840 474<br \/><a href=\"https:\/\/www.wpserveur.net\/\" target=\"_blank\" rel=\"noopener\">https:\/\/www.wpserveur.net<\/a>\u00a0\/ contact@wpserveur.net<\/p>\n<p><span><strong>ACCESS TO THE SITE<\/strong><\/span><\/p>\n<p>Le site newdelta.placeholder.tn est accessible gratuitement \u00e0 tout utilisateur disposant d\u2019un acc\u00e8s \u00e0 internet. Tous les co\u00fbts aff\u00e9rents \u00e0 l\u2019acc\u00e8s au site newdelta.placeholder.tn, que ce soient les frais mat\u00e9riels, logiciels ou d\u2019acc\u00e8s \u00e0 internet sont exclusivement \u00e0 la charge de l\u2019utilisateur. Il est seul responsable du bon fonctionnement de son \u00e9quipement informatique ainsi que de son acc\u00e8s \u00e0 internet. Delta France Associations met en oeuvre tous les moyens raisonnables \u00e0 sa disposition pour assurer un acc\u00e8s de qualit\u00e9 au site newdelta.placeholder.tn mais n\u2019est tenue \u00e0 aucune obligation d\u2019y parvenir.<\/p>\n<p>Delta France Associations ne peut, en outre, \u00eatre tenue responsable de tout dysfonctionnement du r\u00e9seau ou des serveurs ou de tout autre \u00e9v\u00e9nement \u00e9chappant au contr\u00f4le raisonnable, qui emp\u00eacherait ou d\u00e9graderait l\u2019acc\u00e8s au site. Delta France Associations se r\u00e9serve la possibilit\u00e9 d\u2019interrompre, de suspendre momentan\u00e9ment ou de modifier sans pr\u00e9avis l\u2019acc\u00e8s \u00e0 tout ou partie du site newdelta.placeholder.tn, afin d\u2019en assurer la maintenance, ou pour toute autre raison, sans<br \/>that the interruption does not give rise to any obligation or compensation.<\/p>\n<p><span><strong>INTELLECTUAL PROPERTY<\/strong><\/span><\/p>\n<p>Le site newdelta.placeholder.tn, notamment son contenu, est prot\u00e9g\u00e9 par le droit en vigueur en France. Delta France Associations est le titulaire exclusif de l\u2019int\u00e9gralit\u00e9 des droits de propri\u00e9t\u00e9 intellectuelle sur le site et son contenu (textes, photographies, illustrations, images, logos etc\u2026). Le contenu reproduit sur le site fait l\u2019objet d\u2019un droit d\u2019auteur et sa reproduction ou sa diffusion, sans autorisation expresse \u00e9crite de Delta France Associations, constitue une contrefa\u00e7on passible de sanctions p\u00e9nales.<br \/>Toutes marques (marques nominales et logos) et tout autre signe distinctif qui apparaissent sur le site sont la propri\u00e9t\u00e9 de Delta France Associations. Par cons\u00e9quent, toute reproduction et\/ou repr\u00e9sentation, et tout usage de ces signes distinctifs sont donc prohib\u00e9s, sauf sur autorisation de leur titulaire. Tout utilisateur qui dispose d\u2019un site \u00e0 titre personnel ou professionnel ne peut placer sur son site un lien simple renvoyant directement \u00e0 la home-page du site newdelta.placeholder.tn, sans demander pr\u00e9alablement l\u2019autorisation de Delta France Associations.<\/p>\n<p><span><strong>PERSONAL DATA<\/strong><\/span><\/p>\n<p>In a logic of respect of the private life of its users, Delta France Associations commits itself that the collection and the treatment of personal information, carried out within the present site, are carried out in accordance with the law n\u00b078-17 of January 6, 1978 \"data processing and freedoms\", modified by the law n\u00b02004-801 of August 6, 2004\u00a0<span>and the law of June 20, 2018 on the protection of personal data that amended the \"Informatique et Libert\u00e9s\" law to adapt it to the provisions of the General Regulation (EU) 2016\/679 of the European Parliament and of the Council of April 27, 2016 on data protection (RGPD), applicable throughout Europe since May 25, 2018.\u00a0<\/span><\/p>\n<p>You have the right to access and rectify your personal data by contacting Delta France Associations directly.<\/p>\n<p>&nbsp;<\/p>\n<p><span><strong>LIMITS OF LIABILITY<\/strong><\/span><\/p>\n<p>The information published on this site comes from sources considered reliable. However, Delta France Associations cannot guarantee the accuracy or relevance of this data. Moreover, the information made available on this site is for information purposes only and does not constitute advice or a recommendation of any kind.<\/p>\n<p>En cons\u00e9quence, l\u2019utilisation des informations et contenus disponibles sur l\u2019ensemble du site, ne sauraient en aucun cas engager la responsabilit\u00e9 de l\u2019association, \u00e0 quelque titre que ce soit. L\u2019utilisateur est seul ma\u00eetre de la bonne utilisation, avec discernement et esprit, des informations mises \u00e0 disposition sur le site. Delta France Associations ne pourra en aucun cas, dans la limite du droit applicable, \u00eatre tenue responsable des dommages et\/ou pr\u00e9judices, directs ou indirects, mat\u00e9riels ou immat\u00e9riels, ou de quelque nature que ce soit, r\u00e9sultant d\u2019une indisponibilit\u00e9 ou d\u2019une utilisation du site newdelta.placeholder.tn. L\u2019utilisateur s\u2019engage, d\u2019une mani\u00e8re g\u00e9n\u00e9rale, \u00e0 respecter l\u2019ensemble de la r\u00e9glementation en vigueur en France.<\/p>\n<p><span><strong>HYPERLINKS<\/strong><\/span><\/p>\n<p>Le site newdelta.placeholder.tn propose des liens hypertextes vers des sites web \u00e9dit\u00e9s et\/ou<br \/>managed by third parties. Insofar as no control is exercised over these external resources, the user acknowledges that the association assumes no responsibility for the availability of these resources, and cannot be held responsible for their content.<\/p>\n<p><span><strong>COOKIES<\/strong><\/span><\/p>\n<p>Les cookies sont de petits fichiers \u00e9lectroniques qu\u2019un site Web peut transf\u00e9rer sur le disque dur d\u2019un utilisateur pour identifier ce dernier et personnaliser son utilisation de ce site Web. Le site newdelta.placeholder.tn collecte des informations standard telles que l\u2019adresse IP de l\u2019utilisateur, le type de navigateur\u2026 Ces informations ne seront utilis\u00e9es par le site que pour faciliter et permettre la connexion automatique lors de chaque visite du site newdelta.placeholder.tn. Vous pouvez \u00e9galement refuser les cookies pour cela vous devez pr\u00e9ciser la proc\u00e9dure pour supprimer les cookies sur un poste.<\/p>\n<p><span><strong>EVOLUTION OF THIS CONTRACT<\/strong><\/span><\/p>\n<p>Delta France Associations reserves the right to modify the terms, conditions and notices<br \/>of this contract at any time. The user is therefore advised to regularly consult the latest version of the Terms of Use available on the website<span>\u00a0<\/span><a href=\"http:\/\/newdelta.placeholder.tn\/\">newdelta.placeholder.tn<\/a>.<\/p>\n<p><span><strong>DURATION<\/strong><\/span><\/p>\n<p>This contract is concluded for an indefinite period of time from the use of the site<br \/><a href=\"http:\/\/newdelta.placeholder.tn\/\">newdelta.placeholder.tn<\/a>.<\/p>\n<p><span><strong>APPLICABLE LAW AND JURISDICTION<\/strong><\/span><\/p>\n<p>The present General Conditions are subject to French law. In the event of a dispute, which could not be settled amicably, the French courts will have exclusive jurisdiction.<\/p>\n<p><span><strong>GENERAL TERMS AND CONDITIONS OF SALE<\/strong><\/span><\/p>\n<p>More information on the general conditions of sale<span>\u00a0<\/span><a href=\"https:\/\/newdelta.placeholder.tn\/conditions-generales-de-vente\/\" target=\"_blank\" rel=\"noopener noreferrer\">here<\/a><span>\u00a0<\/span>.<\/p>\n<p>juridique@delta-festival.fr<\/p>\n<p>[\/et_pb_text][\/et_pb_column][\/et_pb_row][\/et_pb_section][et_pb_section fb_built=&#8221;1&#8243; _builder_version=&#8221;4.19.1&#8243; _module_preset=&#8221;default&#8221; use_background_color_gradient=&#8221;on&#8221; background_color_gradient_direction=&#8221;-180deg&#8221; background_color_gradient_stops=&#8221;#db6591 0%|#e97e72 100%&#8221; background_enable_image=&#8221;off&#8221; custom_margin=&#8221;||0px||false|false&#8221; custom_padding=&#8221;||300px||false|false&#8221; global_colors_info=&#8221;{}&#8221;][et_pb_row _builder_version=&#8221;4.19.1&#8243; _module_preset=&#8221;default&#8221; global_colors_info=&#8221;{}&#8221;][et_pb_column type=&#8221;4_4&#8243; _builder_version=&#8221;4.19.1&#8243; _module_preset=&#8221;default&#8221; custom_css_main_element=&#8221;    display: flex;||    flex-direction: column;||    align-items: center;||    justify-content: space-between;&#8221; global_colors_info=&#8221;{}&#8221;][et_pb_text _builder_version=&#8221;4.19.1&#8243; _module_preset=&#8221;default&#8221; text_text_color=&#8221;#FFFFFF&#8221; header_3_font=&#8221;Heavitas||||||||&#8221; header_3_text_color=&#8221;#FFFFFF&#8221; header_3_font_size=&#8221;36px&#8221; header_3_font_size_tablet=&#8221;36px&#8221; header_3_font_size_phone=&#8221;26px&#8221; header_3_font_size_last_edited=&#8221;on|phone&#8221; global_colors_info=&#8221;{}&#8221;]<\/p>\n<h3 style=\"text-align: center\">SUBSCRIBE to the NEWSLETTER<\/h3>\n<p>[\/et_pb_text][et_pb_code _builder_version=\"4.19.1\u2033 _module_preset=\"default\" global_colors_info=\"{}\"]\t\t\t<form id=\"sib_signup_form_1\" method=\"post\" class=\"sib_signup_form\" action=\"\">\n\t\t\t\t<div class=\"sib_loader\" style=\"display:none;\"><img\n\t\t\t\t\t\t\tsrc=\"https:\/\/newdelta.placeholder.tn\/wp-includes\/images\/spinner.gif\" alt=\"loader\"><\/div>\n\t\t\t\t<input type=\"hidden\" name=\"sib_form_action\" value=\"subscribe_form_submit\">\n\t\t\t\t<input type=\"hidden\" name=\"sib_form_id\" value=\"1\">\n                <input type=\"hidden\" name=\"sib_form_alert_notice\" value=\"Veuillez remplir ce champ\">\n                <input type=\"hidden\" name=\"sib_security\" value=\"ef0d61d331\">\n\t\t\t\t<div class=\"sib_signup_box_inside_1\">\n\t\t\t\t\t<div style=\"\/*display:none*\/\" class=\"sib_msg_disp\">\n\t\t\t\t\t<\/div>\n\t\t\t\t\t<p class=\"sib-NAME-area\">\r\n    Enter your name\r\n    <input type=\"text\" class=\"sib-NAME-area\" name=\"NAME\">\r\n<\/p>\r\n<p class=\"sib-email-area\">\r\n    Email address\r\n    <input type=\"email\" class=\"sib-email-area\" name=\"email\" required=\"required\">\r\n<\/p>\r\n<p>\r\n    <input type=\"submit\" class=\"sib-default-btn\" value=\"I subscribe\">\r\n<\/p>\r\n\t\t\t\t<\/div>\n\t\t\t<input type=\"hidden\" name=\"trp-form-language\" value=\"en\"\/><\/form>\n\t\t\t<style>\n\t\t\t\tform#sib_signup_form_1 p.sib-alert-message {\n    padding: 6px 12px;\n    margin-bottom: 20px;\n    border: 1px solid transparent;\n    border-radius: 4px;\n    -webkit-box-sizing: border-box;\n    -moz-box-sizing: border-box;\n    box-sizing: border-box;\n}\nform#sib_signup_form_1 p.sib-alert-message-error {\n    background-color: #f2dede;\n    border-color: #ebccd1;\n    color: #a94442;\n}\nform#sib_signup_form_1 p.sib-alert-message-success {\n    background-color: #dff0d8;\n    border-color: #d6e9c6;\n    color: #3c763d;\n}\nform#sib_signup_form_1 p.sib-alert-message-warning {\n    background-color: #fcf8e3;\n    border-color: #faebcc;\n    color: #8a6d3b;\n}\n\t\t\t<\/style>\n\t\t\t\t[\/et_pb_code][et_pb_divider show_divider=\"off\" _builder_version=\"4.19.1\u2033 _module_preset=\"default\" min_height=\"200px\" global_colors_info=\"{}\"][\/et_pb_divider][\/et_pb_column][\/et_pb_row][\/et_pb_section]<\/p>","protected":false},"excerpt":{"rendered":"<p>Mentions l\u00e9galesLes conditions g\u00e9n\u00e9rales suivantes s\u2019appliquent \u00e0 tous les utilisateurs du site\u00a0newdelta.placeholder.tn OBJET Les pr\u00e9sentes Conditions G\u00e9n\u00e9rales ont pour objet de d\u00e9finir les conditions d\u2019utilisation du site newdelta.placeholder.tn. Tout acc\u00e8s et\/ou utilisation du site\u00a0newdelta.placeholder.tn\u00a0suppose l\u2019acceptation et le respect de l\u2019ensemble des termes des pr\u00e9sentes Conditions. Elles constituent donc un contrat entre Delta France Associations et [&hellip;]<\/p>","protected":false},"author":2,"featured_media":0,"parent":0,"menu_order":0,"comment_status":"closed","ping_status":"closed","template":"","meta":{"_et_pb_use_builder":"on","_et_pb_old_content":"","_et_gb_content_width":""},"_links":{"self":[{"href":"https:\/\/newdelta.placeholder.tn\/en\/wp-json\/wp\/v2\/pages\/3836"}],"collection":[{"href":"https:\/\/newdelta.placeholder.tn\/en\/wp-json\/wp\/v2\/pages"}],"about":[{"href":"https:\/\/newdelta.placeholder.tn\/en\/wp-json\/wp\/v2\/types\/page"}],"author":[{"embeddable":true,"href":"https:\/\/newdelta.placeholder.tn\/en\/wp-json\/wp\/v2\/users\/2"}],"replies":[{"embeddable":true,"href":"https:\/\/newdelta.placeholder.tn\/en\/wp-json\/wp\/v2\/comments?post=3836"}],"version-history":[{"count":4,"href":"https:\/\/newdelta.placeholder.tn\/en\/wp-json\/wp\/v2\/pages\/3836\/revisions"}],"predecessor-version":[{"id":3852,"href":"https:\/\/newdelta.placeholder.tn\/en\/wp-json\/wp\/v2\/pages\/3836\/revisions\/3852"}],"wp:attachment":[{"href":"https:\/\/newdelta.placeholder.tn\/en\/wp-json\/wp\/v2\/media?parent=3836"}],"curies":[{"name":"wp","href":"https:\/\/api.w.org\/{rel}","templated":true}]}}