{"id":3170,"date":"2023-01-17T11:22:51","date_gmt":"2023-01-17T16:22:51","guid":{"rendered":"http:\/\/www.delta-festival.com\/?page_id=3170"},"modified":"2024-02-12T04:14:42","modified_gmt":"2024-02-12T09:14:42","slug":"restauration","status":"publish","type":"page","link":"https:\/\/newdelta.placeholder.tn\/en\/restauration\/","title":{"rendered":"Catering"},"content":{"rendered":"<p>[et_pb_section fb_built=&#8221;1&#8243; _builder_version=&#8221;4.19.1&#8243; _module_preset=&#8221;default&#8221; background_image=&#8221;https:\/\/newdelta.placeholder.tn\/wp-content\/uploads\/2022\/12\/background-village-environnement.webp&#8221; min_height=&#8221;100vh&#8221; height=&#8221;100vh&#8221; max_height=&#8221;100vh&#8221; custom_css_main_element=&#8221;display: flex;||align-items: center;||background-color: #0fa1be;||  background-image:||     linear-gradient(||      #0fa1be, #c6a0b7||    )!important;&#8221; global_colors_info=&#8221;{}&#8221;][et_pb_row _builder_version=&#8221;4.19.1&#8243; _module_preset=&#8221;default&#8221; global_colors_info=&#8221;{}&#8221;][et_pb_column type=&#8221;4_4&#8243; _builder_version=&#8221;4.19.1&#8243; _module_preset=&#8221;default&#8221; global_colors_info=&#8221;{}&#8221;][et_pb_post_title meta=&#8221;off&#8221; featured_image=&#8221;off&#8221; _builder_version=&#8221;4.19.1&#8243; _module_preset=&#8221;default&#8221; title_font=&#8221;Poppins|700|||||||&#8221; title_text_align=&#8221;center&#8221; title_text_color=&#8221;#FFFFFF&#8221; title_font_size=&#8221;40px&#8221; custom_margin=&#8221;100px||||false|false&#8221; global_colors_info=&#8221;{}&#8221;][\/et_pb_post_title][et_pb_social_media_follow use_icon_font_size=&#8221;on&#8221; icon_font_size=&#8221;20px&#8221; _builder_version=&#8221;4.19.1&#8243; _module_preset=&#8221;default&#8221; text_orientation=&#8221;right&#8221; custom_margin=&#8221;100px||||false|false&#8221; custom_css_main_element=&#8221;    display: flex;||    justify-content: center;&#8221; locked=&#8221;off&#8221; global_colors_info=&#8221;{}&#8221;][et_pb_social_media_follow_network social_network=&#8221;facebook&#8221; url=&#8221;https:\/\/www.facebook.com\/DeltaFestivalOfficiel&#8221; icon_color=&#8221;#FFFFFF&#8221; _builder_version=&#8221;4.19.1&#8243; _module_preset=&#8221;default&#8221; background_enable_color=&#8221;off&#8221; global_colors_info=&#8221;{}&#8221; follow_button=&#8221;off&#8221; url_new_window=&#8221;on&#8221;]facebook[\/et_pb_social_media_follow_network][et_pb_social_media_follow_network social_network=&#8221;instagram&#8221; url=&#8221;https:\/\/www.instagram.com\/delta_festival\/?hl=fr&#8221; _builder_version=&#8221;4.19.1&#8243; _module_preset=&#8221;default&#8221; background_color=&#8221;#ea2c59&#8243; background_enable_color=&#8221;off&#8221; global_colors_info=&#8221;{}&#8221; follow_button=&#8221;off&#8221; url_new_window=&#8221;on&#8221;]instagram[\/et_pb_social_media_follow_network][et_pb_social_media_follow_network social_network=&#8221;twitter&#8221; url=&#8221;https:\/\/twitter.com\/FestivalDelta&#8221; _builder_version=&#8221;4.19.1&#8243; _module_preset=&#8221;default&#8221; background_color=&#8221;#00aced&#8221; background_enable_color=&#8221;off&#8221; global_colors_info=&#8221;{}&#8221; follow_button=&#8221;off&#8221; url_new_window=&#8221;on&#8221;]twitter[\/et_pb_social_media_follow_network][\/et_pb_social_media_follow][\/et_pb_column][\/et_pb_row][\/et_pb_section][et_pb_section fb_built=&#8221;1&#8243; _builder_version=&#8221;4.19.1&#8243; _module_preset=&#8221;default&#8221; use_background_color_gradient=&#8221;on&#8221; background_color_gradient_stops=&#8221;#f28a78 0%|#f28a78 50%|#db6591 100%&#8221; background_enable_image=&#8221;off&#8221; background_size=&#8221;custom&#8221; background_image_width=&#8221;100%&#8221; background_position=&#8221;top_center&#8221; global_colors_info=&#8221;{}&#8221; custom_css_main_element_last_edited=&#8221;on|phone&#8221; custom_css_main_element_phone=&#8221;background-size: 200% auto!important;||background-position: top!important;&#8221;][et_pb_row column_structure=&#8221;1_3,1_3,1_3&#8243; _builder_version=&#8221;4.19.1&#8243; _module_preset=&#8221;default&#8221; width=&#8221;90%&#8221; max_width=&#8221;100%&#8221; custom_css_main_element=&#8221;    display: flex!important;||    align-items: flex-start;||    flex-wrap: nowrap;&#8221; global_colors_info=&#8221;{}&#8221;][et_pb_column type=&#8221;1_3&#8243; _builder_version=&#8221;4.19.1&#8243; _module_preset=&#8221;default&#8221; global_colors_info=&#8221;{}&#8221;][et_pb_code _builder_version=&#8221;4.19.1&#8243; _module_preset=&#8221;default&#8221; global_colors_info=&#8221;{}&#8221;]<pee class=\"numero-village\"><!-- [et_pb_line_break_holder] -->  1<!-- [et_pb_line_break_holder] --><\/pee><!-- [et_pb_line_break_holder] --><pee class=\"txt-village\"><!-- [et_pb_line_break_holder] -->quality and eco-responsibility charter<!-- [et_pb_line_break_holder] --><\/pee>[\/et_pb_code][\/et_pb_column][et_pb_column type=&#8221;1_3&#8243; _builder_version=&#8221;4.19.1&#8243; _module_preset=&#8221;default&#8221; global_colors_info=&#8221;{}&#8221;][et_pb_code _builder_version=&#8221;4.19.1&#8243; _module_preset=&#8221;default&#8221; global_colors_info=&#8221;{}&#8221;]<pee class=\"numero-village\"><!-- [et_pb_line_break_holder] -->  30<!-- [et_pb_line_break_holder] --><\/pee><!-- [et_pb_line_break_holder] --><pee class=\"txt-village\"><!-- [et_pb_line_break_holder] -->food trucks<!-- [et_pb_line_break_holder] --><\/pee>[\/et_pb_code][\/et_pb_column][et_pb_column type=&#8221;1_3&#8243; _builder_version=&#8221;4.19.1&#8243; _module_preset=&#8221;default&#8221; global_colors_info=&#8221;{}&#8221;][et_pb_code _builder_version=&#8221;4.19.1&#8243; _module_preset=&#8221;default&#8221; global_colors_info=&#8221;{}&#8221;]<pee class=\"numero-village\"><!-- [et_pb_line_break_holder] -->1<!-- [et_pb_line_break_holder] --><\/pee><!-- [et_pb_line_break_holder] --><pee class=\"txt-village\"><!-- [et_pb_line_break_holder] -->fresh fruit market<!-- [et_pb_line_break_holder] --><\/pee>[\/et_pb_code][\/et_pb_column][\/et_pb_row][et_pb_row _builder_version=&#8221;4.19.1&#8243; _module_preset=&#8221;default&#8221; width=&#8221;85%&#8221; max_width=&#8221;100%&#8221; custom_margin=&#8221;25px||||false|false&#8221; global_colors_info=&#8221;{}&#8221;][et_pb_column type=&#8221;4_4&#8243; _builder_version=&#8221;4.19.1&#8243; _module_preset=&#8221;default&#8221; global_colors_info=&#8221;{}&#8221;][et_pb_text _builder_version=&#8221;4.19.1&#8243; _module_preset=&#8221;default&#8221; text_font=&#8221;Poppins|600||on|||||&#8221; text_text_color=&#8221;#FFFFFF&#8221; text_font_size=&#8221;26px&#8221; text_letter_spacing=&#8221;1px&#8221; text_line_height=&#8221;1.8em&#8221; text_orientation=&#8221;center&#8221; text_text_shadow_style=&#8221;preset2&#8243; global_colors_info=&#8221;{}&#8221;]<\/p>\n<div class=\"p-rich_text_section\">LE DELTA FESTIVAL VA PROCHAINEMENT LANCER SON APPEL \u00c0 CANDIDATURE POUR LE VILLAGE GASTRONOMIQUE DE L\u2019\u00c9DITION 2024 !!NOUS VOUS DONNONS RENDEZ-VOUS\u00a0<b data-stringify-type=\"bold\">D\u00c9BUT MARS<\/b>\u00a0POUR DECOUVRIR NOTRE APPEL A CANDIDATURE.<\/div>\n<p>[\/et_pb_text][et_pb_text _builder_version=&#8221;4.19.1&#8243; _module_preset=&#8221;default&#8221; text_font=&#8221;Poppins|700||on|||||&#8221; text_text_color=&#8221;#FFFFFF&#8221; text_font_size=&#8221;26px&#8221; text_letter_spacing=&#8221;1px&#8221; text_line_height=&#8221;1.8em&#8221; text_orientation=&#8221;center&#8221; text_text_shadow_style=&#8221;preset2&#8243; global_colors_info=&#8221;{}&#8221;]<\/p>\n<div class=\"p-rich_text_section\">POUR RAPPEL, LE FORMULAIRE FAIT OFFICE DE\u00a0<b data-stringify-type=\"bold\">CANDIDATURE<\/b>\u00a0MAIS NE GARANTIT EN AUCUN CAS VOTRE PR\u00c9SENCE SUR LE FESTIVAL. NOTRE NOMBRE DE PLACES \u00c9TANT RESTREINT, NOUS NE POURRONS PAS SATISFAIRE L\u2019ENTI\u00c8RET\u00c9 DES CANDIDATURES.<br \/>SI VOUS AVEZ D\u2019AUTRES DEMANDES CONCERNANT CET APPEL \u00c0 CANDIDATURE, N\u2019H\u00c9SITEZ PAS \u00c0 NOUS CONTACTER \u00c0 L\u2019ADRESSE\u00a0<a class=\"c-link\" href=\"mailto:CONSOMMATIONS@DELTA-FESTIVAL.COM\" target=\"_blank\" rel=\"noopener noreferrer\" data-stringify-link=\"mailto:CONSOMMATIONS@DELTA-FESTIVAL.COM\" data-sk=\"tooltip_parent\" aria-haspopup=\"menu\">CONSOMMATIONS@DELTA-FESTIVAL.COM<\/a>.<\/div>\n<p>[\/et_pb_text][et_pb_button button_url=&#8221;https:\/\/drive.google.com\/file\/d\/1slyVtGie9B86cNj2byN4x9luU8VVmqVB\/view&#8221; button_text=&#8221;Dossier de pr\u00e9sentation&#8221; button_alignment=&#8221;center&#8221; _builder_version=&#8221;4.19.1&#8243; _module_preset=&#8221;default&#8221; custom_button=&#8221;on&#8221; button_text_color=&#8221;#FFFFFF&#8221; global_colors_info=&#8221;{}&#8221;][\/et_pb_button][\/et_pb_column][\/et_pb_row][et_pb_row column_structure=&#8221;3_5,2_5&#8243; use_custom_gutter=&#8221;on&#8221; gutter_width=&#8221;1&#8243; make_equal=&#8221;on&#8221; module_class=&#8221;inverse&#8221; _builder_version=&#8221;4.19.1&#8243; _module_preset=&#8221;default&#8221; width_last_edited=&#8221;off|desktop&#8221; max_width=&#8221;100%&#8221; custom_css_main_element=&#8221; align-self: center&#8221; global_colors_info=&#8221;{}&#8221;][et_pb_column type=&#8221;3_5&#8243; _builder_version=&#8221;4.19.1&#8243; _module_preset=&#8221;default&#8221; custom_padding=&#8221;||||false|false&#8221; global_colors_info=&#8221;{}&#8221;][et_pb_text _builder_version=&#8221;4.19.1&#8243; _module_preset=&#8221;default&#8221; text_font=&#8221;Poppins|||on|||||&#8221; text_text_color=&#8221;#FFFFFF&#8221; text_font_size=&#8221;16px&#8221; text_letter_spacing=&#8221;1px&#8221; text_line_height=&#8221;1.8em&#8221; header_3_font=&#8221;Poppins|700|||||||&#8221; header_3_text_color=&#8221;#FFFFFF&#8221; header_3_font_size=&#8221;30px&#8221; custom_css_main_element=&#8221; align-self: center&#8221; text_text_shadow_style=&#8221;preset3&#8243; global_colors_info=&#8221;{}&#8221;]<\/p>\n<h3>Pourquoi \u00eatre restaurateur au Delta festival ?<\/h3>\n<p><span style=\"font-weight: 400;\">You will benefit from a central location on the festival and an attendance of nearly 180,000 festival goers.<\/span><\/p>\n<p><span style=\"font-weight: 400;\">Our event offers you the opportunity to change mindsets about responsible consumption and sustainable management.<\/span><\/p>\n<p><span style=\"font-weight: 400;\">You will benefit from the festival's communication and visibility among a young audience.<\/span><\/p>\n<p><span style=\"font-weight: 400;\">You will meet a great network of professionals.<\/span><\/p>\n<p><span style=\"font-weight: 400;\">You will be part of a community of partner foodtrucks.<\/span><\/p>\n<p>[\/et_pb_text][\/et_pb_column][et_pb_column type=&#8221;2_5&#8243; _builder_version=&#8221;4.19.1&#8243; _module_preset=&#8221;default&#8221; custom_padding=&#8221;||||false|false&#8221; custom_css_main_element=&#8221; align-self: center;||margin-bottom: 30px!important;&#8221; global_colors_info=&#8221;{}&#8221; custom_css_main_element_last_edited=&#8221;off|tablet&#8221;][et_pb_image src=&#8221;https:\/\/newdelta.placeholder.tn\/wp-content\/uploads\/2023\/01\/Village-gastronomique-5.webp&#8221; alt=&#8221;stand de fruits village gastronomique delta festival&#8221; title_text=&#8221;Village gastronomique delta festival&#8221; force_fullwidth=&#8221;on&#8221; _builder_version=&#8221;4.19.1&#8243; _module_preset=&#8221;default&#8221; custom_margin=&#8221;||30px||false|false&#8221; border_radii=&#8221;on|30px|30px|30px|30px&#8221; border_width_all=&#8221;3px&#8221; border_color_all=&#8221;#FFFFFF&#8221; box_shadow_style=&#8221;preset1&#8243; global_colors_info=&#8221;{}&#8221;][\/et_pb_image][\/et_pb_column][\/et_pb_row][et_pb_row column_structure=&#8221;2_5,3_5&#8243; use_custom_gutter=&#8221;on&#8221; gutter_width=&#8221;2&#8243; make_equal=&#8221;on&#8221; _builder_version=&#8221;4.19.1&#8243; _module_preset=&#8221;default&#8221; max_width=&#8221;100%&#8221; custom_css_main_element=&#8221; align-self: center&#8221; global_colors_info=&#8221;{}&#8221;][et_pb_column type=&#8221;2_5&#8243; _builder_version=&#8221;4.19.1&#8243; _module_preset=&#8221;default&#8221; custom_css_main_element=&#8221; align-self: center&#8221; global_colors_info=&#8221;{}&#8221;][et_pb_image src=&#8221;https:\/\/newdelta.placeholder.tn\/wp-content\/uploads\/2023\/01\/Village-gastronomique-1.webp&#8221; alt=&#8221;stand Village gastronomique delta festival&#8221; title_text=&#8221;Village gastronomique delta festival&#8221; force_fullwidth=&#8221;on&#8221; _builder_version=&#8221;4.19.1&#8243; _module_preset=&#8221;default&#8221; border_radii=&#8221;on|30px|30px|30px|30px&#8221; border_width_all=&#8221;3px&#8221; border_color_all=&#8221;#FFFFFF&#8221; box_shadow_style=&#8221;preset1&#8243; global_colors_info=&#8221;{}&#8221;][\/et_pb_image][\/et_pb_column][et_pb_column type=&#8221;3_5&#8243; _builder_version=&#8221;4.19.1&#8243; _module_preset=&#8221;default&#8221; custom_css_main_element=&#8221; align-self: center&#8221; global_colors_info=&#8221;{}&#8221;][et_pb_text _builder_version=&#8221;4.19.1&#8243; _module_preset=&#8221;default&#8221; text_font=&#8221;Poppins|||on|||||&#8221; text_text_color=&#8221;#FFFFFF&#8221; text_font_size=&#8221;16px&#8221; text_letter_spacing=&#8221;1px&#8221; text_line_height=&#8221;1.8em&#8221; header_3_font=&#8221;Heavitas||||||||&#8221; header_3_text_align=&#8221;right&#8221; header_3_text_color=&#8221;#FFFFFF&#8221; header_3_font_size=&#8221;30px&#8221; text_orientation=&#8221;right&#8221; header_3_text_align_tablet=&#8221;right&#8221; header_3_text_align_phone=&#8221;left&#8221; header_3_text_align_last_edited=&#8221;on|desktop&#8221; text_orientation_tablet=&#8221;right&#8221; text_orientation_phone=&#8221;left&#8221; text_orientation_last_edited=&#8221;on|phone&#8221; custom_css_main_element=&#8221; align-self: center&#8221; text_text_shadow_style=&#8221;preset3&#8243; global_colors_info=&#8221;{}&#8221;]<\/p>\n<h3 style=\"text-align: left;\">Nos food trucks s&#8217;engagent<\/h3>\n<ul class=\"p-rich_text_list p-rich_text_list__bullet\" data-stringify-type=\"unordered-list\" data-indent=\"0\" data-border=\"0\">\n<li style=\"text-align: left;\" data-stringify-indent=\"0\" data-stringify-border=\"0\">EVITER LE GASPILLAGE ALIMENTAIRE, ET R\u00c9ALISER DES QUANTIT\u00c9S AD\u00c9QUATES.<\/p>\n<\/li>\n<li style=\"text-align: left;\" data-stringify-indent=\"0\" data-stringify-border=\"0\">LIMITER AU MAXIMUM L\u2019UTILISATION D\u2019EMBALLAGE UNITAIRE ET PRIVIL\u00c9GIER LE \u00ab FINGER FOOD \u00bb.<\/li>\n<li style=\"text-align: left;\" data-stringify-indent=\"0\" data-stringify-border=\"0\">PROPOSER AU MOINS UN PLAT V\u00c9G\u00c9TARIEN.<\/li>\n<li style=\"text-align: left;\" data-stringify-indent=\"0\" data-stringify-border=\"0\">SUPPRIMER TOTALEMENT LES CONTENANTS ET COUVERTS EN PLASTIQUE ET ALUMINIUM.<\/li>\n<li style=\"text-align: left;\" data-stringify-indent=\"0\" data-stringify-border=\"0\">UTILISER UNIQUEMENT DES MAT\u00c9RIAUX RECYCLABLES, COMPOSTABLES ET BIO-D\u00c9GRADABLES.<\/li>\n<li style=\"text-align: left;\" data-stringify-indent=\"0\" data-stringify-border=\"0\">PRIORISER LES PRODUITS LOCAUX, DE SAISON ET ISSUS DE L\u2019AGRICULTURE BIOLOGIQUE. EXCLURE TOUTES MARCHANDISES TRANSPORT\u00c9ES PAR AVION.<\/li>\n<li style=\"text-align: left;\" data-stringify-indent=\"0\" data-stringify-border=\"0\">RASSEMBLER LA TOTALIT\u00c9 DES INVENDUS P\u00c9RISSABLES APR\u00c8S L\u2019\u00c9V\u00c9NEMENT, QUI SERONT COLLECT\u00c9S ET REDISTRIBU\u00c9S PAR \u00ab LES RESTOS DU COEUR \u00bb.<\/li>\n<li style=\"text-align: left;\" data-stringify-indent=\"0\" data-stringify-border=\"0\">CONSERVER L\u2019HUILE ALIMENTAIRE QUI SERA COLLECT\u00c9E PAR L\u2019\u00c9QUIPE D\u2019AREMACS, PUIS TRANSFORM\u00c9E EN CARBURANT PAR L\u2019ASSOCIATION OL\u00c9OVIA.<\/li>\n<li style=\"text-align: left;\" data-stringify-indent=\"0\" data-stringify-border=\"0\">FORMER SON \u00c9QUIPE AUX R\u00c8GLES D\u2019HYGI\u00c8NE ET AU TRI DES D\u00c9CHETS.<\/li>\n<li style=\"text-align: left;\" data-stringify-indent=\"0\" data-stringify-border=\"0\">PARTICIPER \u00c0 NOTRE R\u00c9UNION WORKSHOP (D\u00c9VELOPPEMENT DURABLE, GESTION DES D\u00c9CHETS, LOGISTIQUE SUR LE SITE \u2026).<\/li>\n<\/ul>\n<p style=\"text-align: left;\">[\/et_pb_text][\/et_pb_column][\/et_pb_row][et_pb_row column_structure=&#8221;3_5,2_5&#8243; use_custom_gutter=&#8221;on&#8221; gutter_width=&#8221;1&#8243; make_equal=&#8221;on&#8221; module_class=&#8221;inverse&#8221; _builder_version=&#8221;4.19.1&#8243; _module_preset=&#8221;default&#8221; max_width=&#8221;100%&#8221; custom_css_main_element=&#8221; align-self: center&#8221; global_colors_info=&#8221;{}&#8221;][et_pb_column type=&#8221;3_5&#8243; _builder_version=&#8221;4.19.1&#8243; _module_preset=&#8221;default&#8221; custom_padding=&#8221;||||false|false&#8221; global_colors_info=&#8221;{}&#8221;][et_pb_text _builder_version=&#8221;4.19.1&#8243; _module_preset=&#8221;default&#8221; text_font=&#8221;Poppins|||on|||||&#8221; text_text_color=&#8221;#FFFFFF&#8221; text_font_size=&#8221;16px&#8221; text_letter_spacing=&#8221;1px&#8221; text_line_height=&#8221;1.8em&#8221; header_3_font=&#8221;Poppins|700|||||||&#8221; header_3_text_color=&#8221;#FFFFFF&#8221; header_3_font_size=&#8221;30px&#8221; header_3_line_height=&#8221;1.3em&#8221; custom_css_main_element=&#8221; align-self: center&#8221; text_text_shadow_style=&#8221;preset1&#8243; global_colors_info=&#8221;{}&#8221;]<\/p>\n<h3>Des sp\u00e9cialit\u00e9s locales et r\u00e9gionales, de la cuisine du monde et pleins d&#8217;autres merveilles culinaires !<\/h3>\n<p><span style=\"font-weight: 400;\">Open from noon to 2am from Wednesday to Saturday and until midnight on Sunday night, the foodtrucks will welcome you and offer you various and varied recipes, always in accordance with our eco-responsibility charter.<\/span><\/p>\n<p><span style=\"font-weight: 400;\">No plastic, recovery of food oils, donations of unsold food, compostable packaging, quality and seasonal products: the food-trucks present on the festival commit themselves to respect the charter that we have set up, to protect the health of our festival-goers but also the festival site.<\/span><\/p>\n<p>[\/et_pb_text][\/et_pb_column][et_pb_column type=&#8221;2_5&#8243; _builder_version=&#8221;4.19.1&#8243; _module_preset=&#8221;default&#8221; custom_css_main_element=&#8221; align-self: center;||margin-bottom: 30px!important;&#8221; global_colors_info=&#8221;{}&#8221;][et_pb_image src=&#8221;https:\/\/newdelta.placeholder.tn\/wp-content\/uploads\/2023\/01\/Village-gastronomique-3.webp&#8221; alt=&#8221;poke bowls Village gastronomique delta festival&#8221; title_text=&#8221;Village gastronomique delta festival&#8221; force_fullwidth=&#8221;on&#8221; _builder_version=&#8221;4.19.1&#8243; _module_preset=&#8221;default&#8221; custom_margin=&#8221;||30px||false|false&#8221; border_radii=&#8221;on|30px|30px|30px|30px&#8221; border_width_all=&#8221;3px&#8221; border_color_all=&#8221;#FFFFFF&#8221; global_colors_info=&#8221;{}&#8221;][\/et_pb_image][\/et_pb_column][\/et_pb_row][\/et_pb_section]<\/p>","protected":false},"excerpt":{"rendered":"<p>facebookinstagramtwitterLE DELTA FESTIVAL VA PROCHAINEMENT LANCER SON APPEL \u00c0 CANDIDATURE POUR LE VILLAGE GASTRONOMIQUE DE L\u2019\u00c9DITION 2024 !!NOUS VOUS DONNONS RENDEZ-VOUS\u00a0D\u00c9BUT MARS\u00a0POUR DECOUVRIR NOTRE APPEL A CANDIDATURE.POUR RAPPEL, LE FORMULAIRE FAIT OFFICE DE\u00a0CANDIDATURE\u00a0MAIS NE GARANTIT EN AUCUN CAS VOTRE PR\u00c9SENCE SUR LE FESTIVAL. NOTRE NOMBRE DE PLACES \u00c9TANT RESTREINT, NOUS NE POURRONS PAS SATISFAIRE L\u2019ENTI\u00c8RET\u00c9 [&hellip;]<\/p>","protected":false},"author":2,"featured_media":0,"parent":0,"menu_order":0,"comment_status":"closed","ping_status":"closed","template":"","meta":{"_et_pb_use_builder":"on","_et_pb_old_content":"","_et_gb_content_width":""},"_links":{"self":[{"href":"https:\/\/newdelta.placeholder.tn\/en\/wp-json\/wp\/v2\/pages\/3170"}],"collection":[{"href":"https:\/\/newdelta.placeholder.tn\/en\/wp-json\/wp\/v2\/pages"}],"about":[{"href":"https:\/\/newdelta.placeholder.tn\/en\/wp-json\/wp\/v2\/types\/page"}],"author":[{"embeddable":true,"href":"https:\/\/newdelta.placeholder.tn\/en\/wp-json\/wp\/v2\/users\/2"}],"replies":[{"embeddable":true,"href":"https:\/\/newdelta.placeholder.tn\/en\/wp-json\/wp\/v2\/comments?post=3170"}],"version-history":[{"count":17,"href":"https:\/\/newdelta.placeholder.tn\/en\/wp-json\/wp\/v2\/pages\/3170\/revisions"}],"predecessor-version":[{"id":8199,"href":"https:\/\/newdelta.placeholder.tn\/en\/wp-json\/wp\/v2\/pages\/3170\/revisions\/8199"}],"wp:attachment":[{"href":"https:\/\/newdelta.placeholder.tn\/en\/wp-json\/wp\/v2\/media?parent=3170"}],"curies":[{"name":"wp","href":"https:\/\/api.w.org\/{rel}","templated":true}]}}