{"id":2993,"date":"2023-01-13T05:37:25","date_gmt":"2023-01-13T10:37:25","guid":{"rendered":"http:\/\/www.delta-festival.com\/associations-organisatrices-copy\/"},"modified":"2024-02-07T11:30:25","modified_gmt":"2024-02-07T16:30:25","slug":"delta-family","status":"publish","type":"page","link":"https:\/\/newdelta.placeholder.tn\/en\/delta-family\/","title":{"rendered":"Delta family"},"content":{"rendered":"<p>[et_pb_section fb_built=&#8221;1&#8243; _builder_version=&#8221;4.19.1&#8243; _module_preset=&#8221;default&#8221; background_image=&#8221;https:\/\/newdelta.placeholder.tn\/wp-content\/uploads\/2023\/01\/delta-family.webp&#8221; min_height=&#8221;100vh&#8221; height=&#8221;100vh&#8221; max_height=&#8221;100vh&#8221; custom_css_main_element=&#8221;display: flex;||    align-items: center;&#8221; global_colors_info=&#8221;{}&#8221;][et_pb_row _builder_version=&#8221;4.19.1&#8243; _module_preset=&#8221;default&#8221; global_colors_info=&#8221;{}&#8221;][et_pb_column type=&#8221;4_4&#8243; _builder_version=&#8221;4.19.1&#8243; _module_preset=&#8221;default&#8221; global_colors_info=&#8221;{}&#8221;][et_pb_post_title meta=&#8221;off&#8221; featured_image=&#8221;off&#8221; _builder_version=&#8221;4.19.1&#8243; _module_preset=&#8221;default&#8221; title_font=&#8221;Poppins|800|||||||&#8221; title_text_align=&#8221;center&#8221; title_text_color=&#8221;#FFFFFF&#8221; title_font_size=&#8221;40px&#8221; custom_margin=&#8221;100px||||false|false&#8221; hover_enabled=&#8221;0&#8243; global_colors_info=&#8221;{}&#8221; sticky_enabled=&#8221;0&#8243; title_last_edited=&#8221;off|desktop&#8221;][\/et_pb_post_title][et_pb_social_media_follow use_icon_font_size=&#8221;on&#8221; icon_font_size=&#8221;20px&#8221; _builder_version=&#8221;4.19.1&#8243; _module_preset=&#8221;default&#8221; text_orientation=&#8221;right&#8221; custom_margin=&#8221;100px||||false|false&#8221; custom_css_main_element=&#8221;    display: flex;||    justify-content: center;&#8221; locked=&#8221;off&#8221; global_colors_info=&#8221;{}&#8221;][et_pb_social_media_follow_network social_network=&#8221;instagram&#8221; url=&#8221;https:\/\/www.instagram.com\/team_benevoles_delta\/&#8221; _builder_version=&#8221;4.19.1&#8243; _module_preset=&#8221;default&#8221; background_color=&#8221;#ea2c59&#8243; background_enable_color=&#8221;off&#8221; global_colors_info=&#8221;{}&#8221; follow_button=&#8221;off&#8221; url_new_window=&#8221;on&#8221;]instagram[\/et_pb_social_media_follow_network][et_pb_social_media_follow_network social_network=&#8221;facebook&#8221; url=&#8221;https:\/\/www.facebook.com\/groups\/946764255388449&#8243; icon_color=&#8221;#FFFFFF&#8221; _builder_version=&#8221;4.19.1&#8243; _module_preset=&#8221;default&#8221; background_enable_color=&#8221;off&#8221; global_colors_info=&#8221;{}&#8221; follow_button=&#8221;off&#8221; url_new_window=&#8221;on&#8221;]facebook[\/et_pb_social_media_follow_network][\/et_pb_social_media_follow][\/et_pb_column][\/et_pb_row][\/et_pb_section][et_pb_section fb_built=&#8221;1&#8243; _builder_version=&#8221;4.19.1&#8243; _module_preset=&#8221;default&#8221; background_color=&#8221;RGBA(255,255,255,0)&#8221; use_background_color_gradient=&#8221;on&#8221; background_size=&#8221;custom&#8221; background_image_width=&#8221;100%&#8221; background_position=&#8221;top_center&#8221; hover_enabled=&#8221;0&#8243; custom_css_main_element=&#8221;  background-color: #1e135e;||  background-image:||    linear-gradient(||      #1e135e,||      #7c3871 25%,||      #de829e 50%,||      #e79678 75%,||      #ffa158 100%||         );&#8221; global_colors_info=&#8221;{}&#8221; custom_css_main_element_last_edited=&#8221;off|desktop&#8221; custom_css_main_element_phone=&#8221;background-size: 200% auto!important;||background-position: top!important;&#8221; background_enable_image=&#8221;off&#8221; background_color_gradient_stops=&#8221;#e86c56 0%|#e86c56 50%|#db6591 100%&#8221; sticky_enabled=&#8221;0&#8243;][et_pb_row column_structure=&#8221;1_2,1_2&#8243; _builder_version=&#8221;4.19.1&#8243; _module_preset=&#8221;default&#8221; width=&#8221;90%&#8221; max_width=&#8221;100%&#8221; custom_css_main_element=&#8221;    display: flex!important;||    align-items: flex-start;||    flex-wrap: nowrap;&#8221; global_colors_info=&#8221;{}&#8221;][et_pb_column type=&#8221;1_2&#8243; _builder_version=&#8221;4.19.1&#8243; _module_preset=&#8221;default&#8221; global_colors_info=&#8221;{}&#8221;][et_pb_code _builder_version=&#8221;4.19.1&#8243; _module_preset=&#8221;default&#8221; global_colors_info=&#8221;{}&#8221;]<pee class=\"numero\"><!-- [et_pb_line_break_holder] -->  400<!-- [et_pb_line_break_holder] --><\/pee><!-- [et_pb_line_break_holder] --><pee class=\"txt\"><!-- [et_pb_line_break_holder] -->members<!-- [et_pb_line_break_holder] --><\/pee>[\/et_pb_code][\/et_pb_column][et_pb_column type=\"1_2\u2033 _builder_version=\"4.19.1\u2033 _module_preset=\"default\" global_colors_info=\"{}\"][et_pb_code _builder_version=\"4.19.1\u2033 _module_preset=\"default\" global_colors_info=\"{}<pee class=\"numero\"><!-- [et_pb_line_break_holder] -->40<!-- [et_pb_line_break_holder] --><\/pee><!-- [et_pb_line_break_holder] --><pee class=\"txt\"><!-- [et_pb_line_break_holder] -->Operations<!-- [et_pb_line_break_holder] --><\/pee>[\/et_pb_code][\/et_pb_column][\/et_pb_row][et_pb_row _builder_version=\u201d4.19.1\u2033 _module_preset=\"default\" width=\"85%\" max_width=\"100%\" custom_margin=\"25px||||false|false\" global_colors_info=\"{}\"][et_pb_column type=\"4_4\u2033 _builder_version=\"4.19.1\u2033 _module_preset=\"default\" global_colors_info=\"{}\"][et_pb_text _builder_version=\"4.19.1\u2033 _module_preset=\"default\" text_font=\"Heavitas||on|||||\" text_text_color=\"#FFFFFF\" text_font_size=\"24px\" text_letter_spacing=\"1px\" text_line_height=\"1.8em\" text_orientation=\"center\" text_text_shadow_style=\"preset1\u2033 global_colors_info=\"{}\"]<\/p>\n<p>THE DELTA FAMILY: GET INVOLVED ALL YEAR LONG!<\/p>\n<p>[\/et_pb_text][et_pb_button button_url=&#8221;https:\/\/event.recrewteer.com\/v2\/organization\/547\/event\/3017\/form\/1420&#8243; button_text=&#8221;INSCRIS-TOI&#8221; button_alignment=&#8221;center&#8221; _builder_version=&#8221;4.19.1&#8243; _module_preset=&#8221;default&#8221; custom_button=&#8221;on&#8221; button_text_size=&#8221;25px&#8221; button_text_color=&#8221;#FFFFFF&#8221; button_border_width=&#8221;5px&#8221; button_border_radius=&#8221;10px&#8221; button_font=&#8221;Heavitas||||||||&#8221; button_use_icon=&#8221;off&#8221; button_text_shadow_style=&#8221;preset1&#8243; global_colors_info=&#8221;{}&#8221;][\/et_pb_button][\/et_pb_column][\/et_pb_row][et_pb_row make_equal=&#8221;on&#8221; module_class=&#8221;inverse&#8221; _builder_version=&#8221;4.19.1&#8243; _module_preset=&#8221;default&#8221; width_last_edited=&#8221;off|desktop&#8221; max_width=&#8221;100%&#8221; custom_margin=&#8221;100px||||false|false&#8221; custom_padding=&#8221;||||false|false&#8221; custom_css_main_element=&#8221; align-self: center&#8221; global_colors_info=&#8221;{}&#8221;][et_pb_column type=&#8221;4_4&#8243; _builder_version=&#8221;4.19.1&#8243; _module_preset=&#8221;default&#8221; custom_padding=&#8221;||||false|false&#8221; custom_css_main_element=&#8221; align-self: center;&#8221; global_colors_info=&#8221;{}&#8221;][et_pb_text _builder_version=&#8221;4.19.1&#8243; _module_preset=&#8221;default&#8221; text_font=&#8221;Helvetica Neue Medium|||on|||||&#8221; text_text_color=&#8221;#FFFFFF&#8221; text_font_size=&#8221;16px&#8221; text_letter_spacing=&#8221;1px&#8221; text_line_height=&#8221;1.8em&#8221; header_3_font=&#8221;Heavitas||||||||&#8221; header_3_text_color=&#8221;#FFFFFF&#8221; header_3_font_size=&#8221;30px&#8221; custom_css_main_element=&#8221; align-self: center&#8221; text_text_shadow_style=&#8221;preset1&#8243; global_colors_info=&#8221;{}&#8221;]<\/p>\n<p>Created in 2019, this program allows our 800 passionate volunteers to invest, throughout the year, in general interest actions alongside referent associations (Les Restos du Coeur, La Banque Alimentaire, La Ligue Contre le Cancer, EFS, 1 D\u00e9chet Par Jour, Clean My Calanques ...).<\/p>\n<p>The Delta Family creates a collective dynamic on the territory of Marseille, through an associative network committed to 5 main themes: health, environment, solidarity, women's rights and inclusion. The members of the Delta Family meet regularly during the year, two to four times a month, to carry out operations proposed by our partners. Delta Family members are a committed pool of young people who want to make a positive impact on the area. They represent a community that is growing day by day, within which a special bond with the team is developing.<\/p>\n<p>C\u2019est donc tout naturellement qu\u2019ils participent au Delta festival en tant que b\u00e9n\u00e9vole. Pour remercier nos membres de la Delta Family de leur mobilisation p\u00e9renne, nous leur offrons une journ\u00e9e pour le Delta Festival, d\u00e8s lors qu\u2019ils participent \u00e0 deux op\u00e9rations sur l\u2019ann\u00e9e pour deux missions de b\u00e9n\u00e9volat sur le festival.<\/p>\n<p>[\/et_pb_text][et_pb_text _builder_version=\"4.19.1\u2033 _module_preset=\"default\" text_font=\"Helvetica Neue Medium||on|||||\" text_text_color=\"#FFFFFF\" text_font_size=\"16px\" text_letter_spacing=\"1px\" text_line_height=\"1.8em\" header_3_font=\"Heavitas||||||||\" header_3_text_color=\"#FFFFFF\" header_3_font_size=\"30px\" text_orientation=\"center\" custom_css_main_element=\" align-self: center\" global_colors_info=\"{}\"]Please note: this registration is not for the festival volunteer.[\/et_pb_text][\/et_pb_column][\/et_pb_row][et_pb_row _builder_version=\u201d4.19.1\u2033 _module_preset=\"default\" width=\"95%\" max_width=\"100%\" global_colors_info=\"{}\"][et_pb_column type=\"4_4\u2033 _builder_version=\"4.19.1\u2033 _module_preset=\"default\" global_colors_info=\"{}\"][et_pb_divider show_divider=\"off\" _builder_version=\"4.19.1\u2033 _module_preset=\"default\" min_height=\"100px\" height=\"100px\" max_height=\"100px\" global_colors_info=\"{}\"][\/et_pb_divider][et_pb_text _builder_version=\"4.19.1\u2033 _module_preset=\"default\" text_font=\"Heavitas||||||||\" text_text_color=\"#FFFFFF\" text_font_size=\"36px\" text_line_height=\"61px\" text_orientation=\"center\" global_colors_info=\"{}\"]<\/p>\n<p>thanks to all our partners<\/p>\n<p>[\/et_pb_text][et_pb_divider show_divider=\"off\" _builder_version=\"4.19.1\u2033 _module_preset=\"default\" min_height=\"400px\" height=\"400px\" max_height=\"400px\" global_colors_info=\"{}\"][\/et_pb_divider][\/et_pb_column][\/et_pb_row][\/et_pb_section]<\/p>","protected":false},"excerpt":{"rendered":"<p>instagramfacebookLA DELTA FAMILY : ENGAGE-TOI TOUTE L\u2019ANN\u00c9E !Cr\u00e9\u00e9 en 2019, ce programme permet \u00e0 nos 800 volontaires passionn\u00e9s de s\u2019investir, tout au long de l\u2019ann\u00e9e, dans des actions d\u2019int\u00e9r\u00eat g\u00e9n\u00e9ral aux c\u00f4t\u00e9s d\u2019associations r\u00e9f\u00e9rentes (Les Restos du Coeur, La Banque Alimentaire, La Ligue Contre le Cancer, l\u2019EFS, 1 D\u00e9chet Par Jour, Clean My Calanques \u2026). [&hellip;]<\/p>","protected":false},"author":1,"featured_media":0,"parent":0,"menu_order":0,"comment_status":"closed","ping_status":"closed","template":"","meta":{"_et_pb_use_builder":"on","_et_pb_old_content":"","_et_gb_content_width":""},"_links":{"self":[{"href":"https:\/\/newdelta.placeholder.tn\/en\/wp-json\/wp\/v2\/pages\/2993"}],"collection":[{"href":"https:\/\/newdelta.placeholder.tn\/en\/wp-json\/wp\/v2\/pages"}],"about":[{"href":"https:\/\/newdelta.placeholder.tn\/en\/wp-json\/wp\/v2\/types\/page"}],"author":[{"embeddable":true,"href":"https:\/\/newdelta.placeholder.tn\/en\/wp-json\/wp\/v2\/users\/1"}],"replies":[{"embeddable":true,"href":"https:\/\/newdelta.placeholder.tn\/en\/wp-json\/wp\/v2\/comments?post=2993"}],"version-history":[{"count":24,"href":"https:\/\/newdelta.placeholder.tn\/en\/wp-json\/wp\/v2\/pages\/2993\/revisions"}],"predecessor-version":[{"id":8181,"href":"https:\/\/newdelta.placeholder.tn\/en\/wp-json\/wp\/v2\/pages\/2993\/revisions\/8181"}],"wp:attachment":[{"href":"https:\/\/newdelta.placeholder.tn\/en\/wp-json\/wp\/v2\/media?parent=2993"}],"curies":[{"name":"wp","href":"https:\/\/api.w.org\/{rel}","templated":true}]}}