{"id":2547,"date":"2023-01-11T05:05:31","date_gmt":"2023-01-11T10:05:31","guid":{"rendered":"http:\/\/www.delta-festival.com\/?page_id=2547"},"modified":"2023-07-26T05:08:46","modified_gmt":"2023-07-26T09:08:46","slug":"village-vie-etudiante","status":"publish","type":"page","link":"https:\/\/newdelta.placeholder.tn\/en\/village-vie-etudiante\/","title":{"rendered":"Student Life Village"},"content":{"rendered":"<p>[et_pb_section fb_built=&#8221;1&#8243; _builder_version=&#8221;4.19.1&#8243; _module_preset=&#8221;default&#8221; background_image=&#8221;https:\/\/newdelta.placeholder.tn\/wp-content\/uploads\/2022\/12\/background-village-environnement.webp&#8221; min_height=&#8221;100vh&#8221; height=&#8221;100vh&#8221; max_height=&#8221;100vh&#8221; custom_css_main_element=&#8221;display: flex;||    align-items: center;&#8221; global_colors_info=&#8221;{}&#8221;][et_pb_row _builder_version=&#8221;4.19.1&#8243; _module_preset=&#8221;default&#8221; global_colors_info=&#8221;{}&#8221;][et_pb_column type=&#8221;4_4&#8243; _builder_version=&#8221;4.19.1&#8243; _module_preset=&#8221;default&#8221; global_colors_info=&#8221;{}&#8221;][et_pb_post_title meta=&#8221;off&#8221; featured_image=&#8221;off&#8221; _builder_version=&#8221;4.19.1&#8243; _module_preset=&#8221;default&#8221; title_font=&#8221;Heavitas||||||||&#8221; title_text_align=&#8221;center&#8221; title_text_color=&#8221;#FFFFFF&#8221; title_font_size=&#8221;40px&#8221; custom_margin=&#8221;100px||||false|false&#8221; global_colors_info=&#8221;{}&#8221;][\/et_pb_post_title][et_pb_social_media_follow use_icon_font_size=&#8221;on&#8221; icon_font_size=&#8221;20px&#8221; _builder_version=&#8221;4.19.1&#8243; _module_preset=&#8221;default&#8221; text_orientation=&#8221;right&#8221; custom_margin=&#8221;100px||||false|false&#8221; custom_css_main_element=&#8221;    display: flex;||    justify-content: center;&#8221; locked=&#8221;off&#8221; global_colors_info=&#8221;{}&#8221;][et_pb_social_media_follow_network social_network=&#8221;facebook&#8221; url=&#8221;https:\/\/www.facebook.com\/DeltaFestivalOfficiel&#8221; icon_color=&#8221;#FFFFFF&#8221; _builder_version=&#8221;4.19.1&#8243; _module_preset=&#8221;default&#8221; background_enable_color=&#8221;off&#8221; global_colors_info=&#8221;{}&#8221; follow_button=&#8221;off&#8221; url_new_window=&#8221;on&#8221;]facebook[\/et_pb_social_media_follow_network][et_pb_social_media_follow_network social_network=&#8221;instagram&#8221; url=&#8221;https:\/\/www.instagram.com\/delta_festival\/?hl=fr&#8221; _builder_version=&#8221;4.19.1&#8243; _module_preset=&#8221;default&#8221; background_color=&#8221;#ea2c59&#8243; background_enable_color=&#8221;off&#8221; global_colors_info=&#8221;{}&#8221; follow_button=&#8221;off&#8221; url_new_window=&#8221;on&#8221;]instagram[\/et_pb_social_media_follow_network][et_pb_social_media_follow_network social_network=&#8221;twitter&#8221; url=&#8221;https:\/\/twitter.com\/FestivalDelta&#8221; _builder_version=&#8221;4.19.1&#8243; _module_preset=&#8221;default&#8221; background_color=&#8221;#00aced&#8221; background_enable_color=&#8221;off&#8221; global_colors_info=&#8221;{}&#8221; follow_button=&#8221;off&#8221; url_new_window=&#8221;on&#8221;]twitter[\/et_pb_social_media_follow_network][\/et_pb_social_media_follow][\/et_pb_column][\/et_pb_row][\/et_pb_section][et_pb_section fb_built=&#8221;1&#8243; _builder_version=&#8221;4.19.1&#8243; _module_preset=&#8221;default&#8221; use_background_color_gradient=&#8221;on&#8221; background_color_gradient_stops=&#8221;#0fa1be 50%|#c6a0b7 100%&#8221; background_image=&#8221;https:\/\/newdelta.placeholder.tn\/wp-content\/uploads\/2022\/12\/delta-festival-header.webp&#8221; background_size=&#8221;custom&#8221; background_image_width=&#8221;100%&#8221; global_colors_info=&#8221;{}&#8221; custom_css_main_element_last_edited=&#8221;on|phone&#8221; custom_css_main_element_phone=&#8221;background-size: 200% auto!important;||background-position: top!important;&#8221;][et_pb_row column_structure=&#8221;1_3,1_3,1_3&#8243; _builder_version=&#8221;4.19.1&#8243; _module_preset=&#8221;default&#8221; width=&#8221;90%&#8221; max_width=&#8221;100%&#8221; custom_css_main_element=&#8221;    display: flex!important;||    align-items: flex-start;||    flex-wrap: nowrap;&#8221; global_colors_info=&#8221;{}&#8221;][et_pb_column type=&#8221;1_3&#8243; _builder_version=&#8221;4.19.1&#8243; _module_preset=&#8221;default&#8221; global_colors_info=&#8221;{}&#8221;][et_pb_code _builder_version=&#8221;4.19.1&#8243; _module_preset=&#8221;default&#8221; global_colors_info=&#8221;{}&#8221;]<pee class=\"numero-village\"><!-- [et_pb_line_break_holder] -->  400<!-- [et_pb_line_break_holder] --><\/pee><!-- [et_pb_line_break_holder] --><pee class=\"txt-village\"><!-- [et_pb_line_break_holder] -->student associations<!-- [et_pb_line_break_holder] --><\/pee>[\/et_pb_code][\/et_pb_column][et_pb_column type=&#8221;1_3&#8243; _builder_version=&#8221;4.19.1&#8243; _module_preset=&#8221;default&#8221; global_colors_info=&#8221;{}&#8221;][et_pb_code _builder_version=&#8221;4.19.1&#8243; _module_preset=&#8221;default&#8221; global_colors_info=&#8221;{}&#8221;]<pee class=\"numero-village\"><!-- [et_pb_line_break_holder] -->  24<!-- [et_pb_line_break_holder] --><\/pee><!-- [et_pb_line_break_holder] --><pee class=\"txt-village\"><!-- [et_pb_line_break_holder] -->French cities<!-- [et_pb_line_break_holder] --><\/pee>[\/et_pb_code][\/et_pb_column][et_pb_column type=&#8221;1_3&#8243; _builder_version=&#8221;4.19.1&#8243; _module_preset=&#8221;default&#8221; global_colors_info=&#8221;{}&#8221;][et_pb_code _builder_version=&#8221;4.19.1&#8243; _module_preset=&#8221;default&#8221; global_colors_info=&#8221;{}&#8221;]<pee class=\"numero-village\"><!-- [et_pb_line_break_holder] -->5<!-- [et_pb_line_break_holder] --><\/pee><!-- [et_pb_line_break_holder] --><pee class=\"txt-village\"><!-- [et_pb_line_break_holder] -->European cities<!-- [et_pb_line_break_holder] --><\/pee>[\/et_pb_code][\/et_pb_column][\/et_pb_row][et_pb_row _builder_version=&#8221;4.19.1&#8243; _module_preset=&#8221;default&#8221; width=&#8221;85%&#8221; max_width=&#8221;100%&#8221; custom_margin=&#8221;25px||||false|false&#8221; global_colors_info=&#8221;{}&#8221;][et_pb_column type=&#8221;4_4&#8243; _builder_version=&#8221;4.19.1&#8243; _module_preset=&#8221;default&#8221; global_colors_info=&#8221;{}&#8221;][et_pb_text _builder_version=&#8221;4.19.1&#8243; _module_preset=&#8221;default&#8221; text_font=&#8221;Heavitas|||on|||||&#8221; text_text_color=&#8221;#FFFFFF&#8221; text_font_size=&#8221;26px&#8221; text_letter_spacing=&#8221;1px&#8221; text_line_height=&#8221;1.8em&#8221; text_orientation=&#8221;center&#8221; text_text_shadow_style=&#8221;preset2&#8243; global_colors_info=&#8221;{}&#8221;]<\/p>\n<p><span style=\"font-weight: 400;\">The student life village is the place where you can find all our inflatable activities held by our student associations.<\/span><\/p>\n<p><span style=\"font-weight: 400;\">\u00a0LET THE WAR OF THE CITIES BEGIN!\u00a0<\/span><\/p>\n<p><span style=\"font-weight: 400;\">While waiting for the program of the 2023 edition of the Delta Festival, you can see the numerous activities that were held during the 2022 edition!<\/span><\/p>\n<p>[\/et_pb_text][\/et_pb_column][\/et_pb_row][et_pb_row use_custom_gutter=&#8221;on&#8221; gutter_width=&#8221;1&#8243; make_equal=&#8221;on&#8221; _builder_version=&#8221;4.19.1&#8243; _module_preset=&#8221;default&#8221; width_last_edited=&#8221;off|desktop&#8221; max_width=&#8221;100%&#8221; custom_padding=&#8221;80px||||false|false&#8221; custom_css_main_element=&#8221; align-self: center&#8221; global_colors_info=&#8221;{}&#8221;][et_pb_column type=&#8221;4_4&#8243; _builder_version=&#8221;4.19.1&#8243; _module_preset=&#8221;default&#8221; custom_css_main_element=&#8221; align-self: center&#8221; global_colors_info=&#8221;{}&#8221;][et_pb_text _builder_version=&#8221;4.19.1&#8243; _module_preset=&#8221;default&#8221; header_2_font=&#8221;Heavitas||||||||&#8221; header_2_text_align=&#8221;right&#8221; header_2_text_color=&#8221;#FFFFFF&#8221; header_2_font_size=&#8221;40px&#8221; header_2_text_align_tablet=&#8221;right&#8221; header_2_text_align_phone=&#8221;center&#8221; header_2_text_align_last_edited=&#8221;on|phone&#8221; header_2_font_size_tablet=&#8221;40px&#8221; header_2_font_size_phone=&#8221;30px&#8221; header_2_font_size_last_edited=&#8221;on|desktop&#8221; text_orientation_tablet=&#8221;&#8221; text_orientation_phone=&#8221;center&#8221; text_orientation_last_edited=&#8221;on|phone&#8221; text_text_shadow_style=&#8221;preset1&#8243; global_colors_info=&#8221;{}&#8221;]<\/p>\n<h2>animations<\/h2>\n<p>[\/et_pb_text][\/et_pb_column][\/et_pb_row][et_pb_row column_structure=&#8221;3_5,2_5&#8243; use_custom_gutter=&#8221;on&#8221; gutter_width=&#8221;1&#8243; make_equal=&#8221;on&#8221; module_class=&#8221;inverse&#8221; _builder_version=&#8221;4.19.1&#8243; _module_preset=&#8221;default&#8221; width_last_edited=&#8221;off|desktop&#8221; max_width=&#8221;100%&#8221; custom_css_main_element=&#8221; align-self: center&#8221; global_colors_info=&#8221;{}&#8221;][et_pb_column type=&#8221;3_5&#8243; _builder_version=&#8221;4.19.1&#8243; _module_preset=&#8221;default&#8221; custom_padding=&#8221;||||false|false&#8221; global_colors_info=&#8221;{}&#8221;][et_pb_text _builder_version=&#8221;4.19.1&#8243; _module_preset=&#8221;default&#8221; text_font=&#8221;Helvetica Neue Medium|||on|||||&#8221; text_text_color=&#8221;#FFFFFF&#8221; text_font_size=&#8221;16px&#8221; text_letter_spacing=&#8221;1px&#8221; text_line_height=&#8221;1.8em&#8221; header_3_font=&#8221;Heavitas||||||||&#8221; header_3_text_color=&#8221;#FFFFFF&#8221; header_3_font_size=&#8221;30px&#8221; custom_css_main_element=&#8221; align-self: center&#8221; text_text_shadow_style=&#8221;preset3&#8243; global_colors_info=&#8221;{}&#8221;]<\/p>\n<h3>North District<\/h3>\n<p><span style=\"font-weight: 400;\">Bubble Foot\u00a0\u00a0\u00a0\u00a0\u00a0\u00a0<\/span><\/p>\n<p><span style=\"font-weight: 400;\">Basketball Challenge\u00a0\u00a0\u00a0\u00a0<\/span><\/p>\n<p><span style=\"font-weight: 400;\">Cotton stem jousting<\/span><\/p>\n<p><span style=\"font-weight: 400;\">Equalizer Rugby back to back<\/span><\/p>\n<p><span style=\"font-weight: 400;\">Shooting range with nerf guns<\/span><\/p>\n<p><span style=\"font-weight: 400;\">XTrem Course 70m<\/span><\/p>\n<p><span style=\"font-weight: 400;\">Spring tubes\u00a0\u00a0\u00a0\u00a0<\/span><\/p>\n<p><span style=\"font-weight: 400;\">Camargue cow with rope<\/span><\/p>\n<p><span style=\"font-weight: 400;\">Velcro axe<\/span><\/p>\n<p>[\/et_pb_text][\/et_pb_column][et_pb_column type=&#8221;2_5&#8243; _builder_version=&#8221;4.19.1&#8243; _module_preset=&#8221;default&#8221; custom_css_main_element=&#8221; align-self: center;||margin-bottom: 30px!important;&#8221; global_colors_info=&#8221;{}&#8221;][et_pb_image src=&#8221;https:\/\/newdelta.placeholder.tn\/wp-content\/uploads\/2023\/01\/Village-animation2.webp&#8221; alt=&#8221;village animation delta festival bubble foot&#8221; title_text=&#8221;Village animation(2)&#8221; force_fullwidth=&#8221;on&#8221; _builder_version=&#8221;4.19.1&#8243; _module_preset=&#8221;default&#8221; custom_margin=&#8221;||30px||false|false&#8221; global_colors_info=&#8221;{}&#8221;][\/et_pb_image][\/et_pb_column][\/et_pb_row][et_pb_row column_structure=&#8221;2_5,3_5&#8243; use_custom_gutter=&#8221;on&#8221; gutter_width=&#8221;2&#8243; make_equal=&#8221;on&#8221; _builder_version=&#8221;4.19.1&#8243; _module_preset=&#8221;default&#8221; max_width=&#8221;100%&#8221; custom_css_main_element=&#8221; align-self: center&#8221; global_colors_info=&#8221;{}&#8221;][et_pb_column type=&#8221;2_5&#8243; _builder_version=&#8221;4.19.1&#8243; _module_preset=&#8221;default&#8221; custom_css_main_element=&#8221; align-self: center&#8221; global_colors_info=&#8221;{}&#8221;][et_pb_image src=&#8221;https:\/\/newdelta.placeholder.tn\/wp-content\/uploads\/2023\/01\/Village-animation-3.webp&#8221; alt=&#8221;village animation delta festival combat de gladiateur&#8221; title_text=&#8221;Village animation&#8221; force_fullwidth=&#8221;on&#8221; _builder_version=&#8221;4.19.1&#8243; _module_preset=&#8221;default&#8221; global_colors_info=&#8221;{}&#8221;][\/et_pb_image][\/et_pb_column][et_pb_column type=&#8221;3_5&#8243; _builder_version=&#8221;4.19.1&#8243; _module_preset=&#8221;default&#8221; custom_css_main_element=&#8221; align-self: center&#8221; global_colors_info=&#8221;{}&#8221;][et_pb_text _builder_version=&#8221;4.19.1&#8243; _module_preset=&#8221;default&#8221; text_font=&#8221;Helvetica Neue Medium|||on|||||&#8221; text_text_color=&#8221;#FFFFFF&#8221; text_font_size=&#8221;16px&#8221; text_letter_spacing=&#8221;1px&#8221; text_line_height=&#8221;1.8em&#8221; header_3_font=&#8221;Heavitas||||||||&#8221; header_3_text_color=&#8221;#FFFFFF&#8221; header_3_font_size=&#8221;30px&#8221; text_orientation=&#8221;right&#8221; text_orientation_tablet=&#8221;right&#8221; text_orientation_phone=&#8221;left&#8221; text_orientation_last_edited=&#8221;on|desktop&#8221; custom_css_main_element=&#8221; align-self: center&#8221; text_text_shadow_style=&#8221;preset3&#8243; global_colors_info=&#8221;{}&#8221;]<\/p>\n<h3>South District<\/h3>\n<p>Bubble Foot<\/p>\n<p>Basketball Challenge<\/p>\n<p>Cotton stem jousting<\/p>\n<p>Equalizer Rugby back to back<\/p>\n<p>Shooting range with nerf guns<\/p>\n<p>XTrem Course 70m<\/p>\n<p>Spring tubes<\/p>\n<p>Camargue cow with rope<\/p>\n<p>Velcro axe<\/p>\n<p>Gladiator fight<\/p>\n<p>Warning course<\/p>\n<p>Mechanical Surfing<\/p>\n<p>X-trem jump duo xl 5m<\/p>\n<p>Axe Throwing<\/p>\n<p>Total Wipeout<\/p>\n<p>Demolition Ball<\/p>\n<p>Obstacle modules<\/p>\n<p>axe throwing<\/p>\n<p>Foam foot<\/p>\n<p>Wind tunnel 20m<\/p>\n<p>Mechanical bull<\/p>\n<p>Caribbean water slide<\/p>\n<p>Infernal Ladder<\/p>\n<p>Bunker IPS<\/p>\n<p>Equalizer side by side<\/p>\n<p>Velcro axe<\/p>\n<p>Target Football<\/p>\n<p>Human foosball<\/p>\n<p>Wind tunnel 20m<\/p>\n<p>Shootout (Soccer)<\/p>\n<p>Tilting Gladiators<\/p>\n<p>Ventriglisse 20m[\/et_pb_text][\/et_pb_column][\/et_pb_row][et_pb_row column_structure=&#8221;3_5,2_5&#8243; use_custom_gutter=&#8221;on&#8221; gutter_width=&#8221;1&#8243; make_equal=&#8221;on&#8221; module_class=&#8221;inverse&#8221; _builder_version=&#8221;4.19.1&#8243; _module_preset=&#8221;default&#8221; max_width=&#8221;100%&#8221; custom_css_main_element=&#8221; align-self: center&#8221; global_colors_info=&#8221;{}&#8221;][et_pb_column type=&#8221;3_5&#8243; _builder_version=&#8221;4.19.1&#8243; _module_preset=&#8221;default&#8221; custom_padding=&#8221;||||false|false&#8221; global_colors_info=&#8221;{}&#8221;][et_pb_text _builder_version=&#8221;4.19.1&#8243; _module_preset=&#8221;default&#8221; text_font=&#8221;Helvetica Neue Medium|||on|||||&#8221; text_text_color=&#8221;#FFFFFF&#8221; text_font_size=&#8221;16px&#8221; text_letter_spacing=&#8221;1px&#8221; text_line_height=&#8221;1.8em&#8221; header_3_font=&#8221;Heavitas||||||||&#8221; header_3_text_color=&#8221;#FFFFFF&#8221; header_3_font_size=&#8221;30px&#8221; custom_css_main_element=&#8221; align-self: center&#8221; text_text_shadow_style=&#8221;preset1&#8243; global_colors_info=&#8221;{}&#8221;]<\/p>\n<h3>eastern district<\/h3>\n<p><span style=\"font-weight: 400;\">Gladiator fight\u00a0<\/span><\/p>\n<p><span style=\"font-weight: 400;\">Warning course<\/span><\/p>\n<p><span style=\"font-weight: 400;\">Mechanical Surfing\u00a0<\/span><\/p>\n<p><span style=\"font-weight: 400;\">X-trem jump duo xl 5m\u00a0<\/span><\/p>\n<p><span style=\"font-weight: 400;\">Axe Throwing\u00a0<\/span><\/p>\n<p><span style=\"font-weight: 400;\">Total Wipeout\u00a0<\/span><\/p>\n<p><span style=\"font-weight: 400;\">Demolition Ball\u00a0<\/span><\/p>\n<p><span style=\"font-weight: 400;\">Obstacle modules\u00a0<\/span><\/p>\n<p>[\/et_pb_text][\/et_pb_column][et_pb_column type=&#8221;2_5&#8243; _builder_version=&#8221;4.19.1&#8243; _module_preset=&#8221;default&#8221; custom_css_main_element=&#8221; align-self: center;||margin-bottom: 30px!important;&#8221; global_colors_info=&#8221;{}&#8221;][et_pb_image src=&#8221;https:\/\/newdelta.placeholder.tn\/wp-content\/uploads\/2023\/01\/Village-animation-2.webp&#8221; title_text=&#8221;Village animation (2)&#8221; force_fullwidth=&#8221;on&#8221; _builder_version=&#8221;4.19.1&#8243; _module_preset=&#8221;default&#8221; custom_margin=&#8221;||30px||false|false&#8221; global_colors_info=&#8221;{}&#8221;][\/et_pb_image][\/et_pb_column][\/et_pb_row][et_pb_row column_structure=&#8221;2_5,3_5&#8243; use_custom_gutter=&#8221;on&#8221; gutter_width=&#8221;2&#8243; make_equal=&#8221;on&#8221; _builder_version=&#8221;4.19.1&#8243; _module_preset=&#8221;default&#8221; max_width=&#8221;100%&#8221; custom_css_main_element=&#8221; align-self: center&#8221; global_colors_info=&#8221;{}&#8221;][et_pb_column type=&#8221;2_5&#8243; _builder_version=&#8221;4.19.1&#8243; _module_preset=&#8221;default&#8221; custom_css_main_element=&#8221; align-self: center&#8221; global_colors_info=&#8221;{}&#8221;][et_pb_image src=&#8221;https:\/\/newdelta.placeholder.tn\/wp-content\/uploads\/2023\/01\/Village-animation-1.webp&#8221; title_text=&#8221;Village animation (1)&#8221; force_fullwidth=&#8221;on&#8221; _builder_version=&#8221;4.19.1&#8243; _module_preset=&#8221;default&#8221; global_colors_info=&#8221;{}&#8221;][\/et_pb_image][\/et_pb_column][et_pb_column type=&#8221;3_5&#8243; _builder_version=&#8221;4.19.1&#8243; _module_preset=&#8221;default&#8221; custom_css_main_element=&#8221; align-self: center&#8221; global_colors_info=&#8221;{}&#8221;][et_pb_text _builder_version=&#8221;4.19.1&#8243; _module_preset=&#8221;default&#8221; text_font=&#8221;Helvetica Neue Medium|||on|||||&#8221; text_text_color=&#8221;#FFFFFF&#8221; text_font_size=&#8221;16px&#8221; text_letter_spacing=&#8221;1px&#8221; text_line_height=&#8221;1.8em&#8221; header_3_font=&#8221;Heavitas||||||||&#8221; header_3_text_color=&#8221;#FFFFFF&#8221; header_3_font_size=&#8221;30px&#8221; text_orientation=&#8221;right&#8221; text_orientation_tablet=&#8221;right&#8221; text_orientation_phone=&#8221;left&#8221; text_orientation_last_edited=&#8221;on|phone&#8221; custom_css_main_element=&#8221; align-self: center&#8221; text_text_shadow_style=&#8221;preset1&#8243; global_colors_info=&#8221;{}&#8221;]<\/p>\n<h3>western district<\/h3>\n<p>Foam foot<\/p>\n<p>Wind tunnel 20m<\/p>\n<p>Mechanical bull<\/p>\n<p>Caribbean water slide<\/p>\n<p>Infernal Ladder<\/p>\n<p>Bunker IPS<\/p>\n<p>Equalizer side by side<\/p>\n<p>Velcro axe<\/p>\n<p>Cible Foot[\/et_pb_text][\/et_pb_column][\/et_pb_row][et_pb_row column_structure=&#8221;3_5,2_5&#8243; use_custom_gutter=&#8221;on&#8221; gutter_width=&#8221;1&#8243; make_equal=&#8221;on&#8221; module_class=&#8221;inverse&#8221; _builder_version=&#8221;4.19.1&#8243; _module_preset=&#8221;default&#8221; max_width=&#8221;100%&#8221; custom_css_main_element=&#8221; align-self: center&#8221; global_colors_info=&#8221;{}&#8221;][et_pb_column type=&#8221;3_5&#8243; _builder_version=&#8221;4.19.1&#8243; _module_preset=&#8221;default&#8221; custom_padding=&#8221;||||false|false&#8221; global_colors_info=&#8221;{}&#8221;][et_pb_text _builder_version=&#8221;4.19.1&#8243; _module_preset=&#8221;default&#8221; text_font=&#8221;Helvetica Neue Medium|||on|||||&#8221; text_text_color=&#8221;#FFFFFF&#8221; text_font_size=&#8221;16px&#8221; text_letter_spacing=&#8221;1px&#8221; text_line_height=&#8221;1.8em&#8221; header_3_font=&#8221;Heavitas||||||||&#8221; header_3_text_color=&#8221;#FFFFFF&#8221; header_3_font_size=&#8221;30px&#8221; custom_css_main_element=&#8221; align-self: center&#8221; text_text_shadow_style=&#8221;preset1&#8243; global_colors_info=&#8221;{}&#8221;]<\/p>\n<h3>district europe<\/h3>\n<p><span style=\"font-weight: 400;\">Human foosball\u00a0<\/span><\/p>\n<p><span style=\"font-weight: 400;\">Wind tunnel 20m\u00a0<\/span><\/p>\n<p><span style=\"font-weight: 400;\">Shootout (Soccer)\u00a0<\/span><\/p>\n<p><span style=\"font-weight: 400;\">Tilting Gladiators\u00a0<\/span><\/p>\n<p><span style=\"font-weight: 400;\">Wind tunnel 20m<\/span><\/p>\n<p>[\/et_pb_text][\/et_pb_column][et_pb_column type=&#8221;2_5&#8243; _builder_version=&#8221;4.19.1&#8243; _module_preset=&#8221;default&#8221; custom_css_main_element=&#8221; align-self: center;||margin-bottom: 30px!important;&#8221; global_colors_info=&#8221;{}&#8221;][et_pb_image src=&#8221;https:\/\/newdelta.placeholder.tn\/wp-content\/uploads\/2023\/01\/Village-animation1.webp&#8221; title_text=&#8221;Village animation(1)&#8221; force_fullwidth=&#8221;on&#8221; _builder_version=&#8221;4.19.1&#8243; _module_preset=&#8221;default&#8221; custom_margin=&#8221;||30px||false|false&#8221; global_colors_info=&#8221;{}&#8221;][\/et_pb_image][\/et_pb_column][\/et_pb_row][et_pb_row _builder_version=&#8221;4.19.1&#8243; _module_preset=&#8221;default&#8221; width=&#8221;95%&#8221; max_width=&#8221;100%&#8221; global_colors_info=&#8221;{}&#8221;][et_pb_column type=&#8221;4_4&#8243; _builder_version=&#8221;4.19.1&#8243; _module_preset=&#8221;default&#8221; global_colors_info=&#8221;{}&#8221;][et_pb_divider show_divider=&#8221;off&#8221; _builder_version=&#8221;4.19.1&#8243; _module_preset=&#8221;default&#8221; min_height=&#8221;100px&#8221; height=&#8221;100px&#8221; max_height=&#8221;100px&#8221; global_colors_info=&#8221;{}&#8221;][\/et_pb_divider][et_pb_text _builder_version=&#8221;4.19.1&#8243; _module_preset=&#8221;default&#8221; text_font=&#8221;Heavitas||||||||&#8221; text_text_color=&#8221;#FFFFFF&#8221; text_font_size=&#8221;36px&#8221; text_line_height=&#8221;61px&#8221; text_orientation=&#8221;center&#8221; global_colors_info=&#8221;{}&#8221;]<\/p>\n<p>thanks to all our partners<\/p>\n<p>[\/et_pb_text][et_pb_divider show_divider=\"off\" _builder_version=\"4.19.1\u2033 _module_preset=\"default\" min_height=\"400px\" height=\"400px\" max_height=\"400px\" global_colors_info=\"{}\"][\/et_pb_divider][\/et_pb_column][\/et_pb_row][\/et_pb_section]<\/p>","protected":false},"excerpt":{"rendered":"<p>facebookinstagramtwitterLe village vie \u00e9tudiante c\u2019est l&#8217;endroit o\u00f9 tu pourras retrouver toutes nos activit\u00e9s gonflables tenues par nos associations \u00e9tudiantes. \u00a0QUE LA GUERRE DES VILLES COMMENCE !\u00a0 En attendant le programme des animations de l\u2019\u00e9dition 2023 du Delta Festival, vous pouvez voir les nombreuses activit\u00e9s qu\u2019il y avait durant l\u2019\u00e9dition de 2022 !animationsDistrict nord Bubble Foot\u00a0\u00a0\u00a0\u00a0\u00a0\u00a0 [&hellip;]<\/p>","protected":false},"author":2,"featured_media":0,"parent":0,"menu_order":0,"comment_status":"closed","ping_status":"closed","template":"","meta":{"_et_pb_use_builder":"on","_et_pb_old_content":"","_et_gb_content_width":""},"_links":{"self":[{"href":"https:\/\/newdelta.placeholder.tn\/en\/wp-json\/wp\/v2\/pages\/2547"}],"collection":[{"href":"https:\/\/newdelta.placeholder.tn\/en\/wp-json\/wp\/v2\/pages"}],"about":[{"href":"https:\/\/newdelta.placeholder.tn\/en\/wp-json\/wp\/v2\/types\/page"}],"author":[{"embeddable":true,"href":"https:\/\/newdelta.placeholder.tn\/en\/wp-json\/wp\/v2\/users\/2"}],"replies":[{"embeddable":true,"href":"https:\/\/newdelta.placeholder.tn\/en\/wp-json\/wp\/v2\/comments?post=2547"}],"version-history":[{"count":12,"href":"https:\/\/newdelta.placeholder.tn\/en\/wp-json\/wp\/v2\/pages\/2547\/revisions"}],"predecessor-version":[{"id":6200,"href":"https:\/\/newdelta.placeholder.tn\/en\/wp-json\/wp\/v2\/pages\/2547\/revisions\/6200"}],"wp:attachment":[{"href":"https:\/\/newdelta.placeholder.tn\/en\/wp-json\/wp\/v2\/media?parent=2547"}],"curies":[{"name":"wp","href":"https:\/\/api.w.org\/{rel}","templated":true}]}}