{"id":1690,"date":"2022-12-22T03:25:55","date_gmt":"2022-12-22T08:25:55","guid":{"rendered":"http:\/\/www.delta-festival.com\/?page_id=1690"},"modified":"2024-02-12T09:45:32","modified_gmt":"2024-02-12T14:45:32","slug":"informations-pratiques","status":"publish","type":"page","link":"https:\/\/newdelta.placeholder.tn\/en\/informations-pratiques\/","title":{"rendered":"Practical information"},"content":{"rendered":"<p>[et_pb_section fb_built=&#8221;1&#8243; _builder_version=&#8221;4.19.1&#8243; _module_preset=&#8221;default&#8221; use_background_color_gradient=&#8221;on&#8221; background_color_gradient_stops=&#8221;#e86c56 0%|#f28a78 50%|#db6591 100%&#8221; background_size=&#8221;custom&#8221; background_image_width=&#8221;100%&#8221; background_position=&#8221;top_center&#8221; custom_margin=&#8221;||||false|false&#8221; custom_padding=&#8221;||200px||false|false&#8221; hover_enabled=&#8221;0&#8243; custom_css_main_element=&#8221;  background-color: #1e1d3e!important;||  background-image:||     linear-gradient(||      #1e1d3e, #db6591||    )!important;&#8221; global_colors_info=&#8221;{}&#8221; custom_css_main_element_last_edited=&#8221;off|desktop&#8221; custom_css_main_element_phone=&#8221;background-size: 200% auto!important;||background-position: top!important;&#8221; background_enable_image=&#8221;off&#8221; sticky_enabled=&#8221;0&#8243;][et_pb_row _builder_version=&#8221;4.19.1&#8243; _module_preset=&#8221;default&#8221; max_width=&#8221;100%&#8221; custom_margin=&#8221;150px||||false|false&#8221; custom_margin_tablet=&#8221;150px||||false|false&#8221; custom_margin_phone=&#8221;50px||||false|false&#8221; custom_margin_last_edited=&#8221;on|tablet&#8221; global_colors_info=&#8221;{}&#8221;][et_pb_column type=&#8221;4_4&#8243; _builder_version=&#8221;4.19.1&#8243; _module_preset=&#8221;default&#8221; global_colors_info=&#8221;{}&#8221;][et_pb_text _builder_version=&#8221;4.19.1&#8243; _module_preset=&#8221;default&#8221; text_font=&#8221;Poppins|700||on|||||&#8221; text_text_color=&#8221;#FFFFFF&#8221; text_font_size=&#8221;20px&#8221; header_font=&#8221;Poppins|700||on|||||&#8221; header_text_align=&#8221;center&#8221; header_text_color=&#8221;#FFFFFF&#8221; header_font_size=&#8221;40px&#8221; header_2_font=&#8221;|700|||||||&#8221; header_2_text_color=&#8221;#FFFFFF&#8221; text_orientation=&#8221;center&#8221; hover_enabled=&#8221;0&#8243; text_font_size_tablet=&#8221;16px&#8221; text_font_size_phone=&#8221;14px&#8221; text_font_size_last_edited=&#8221;on|phone&#8221; header_font_size_tablet=&#8221;40px&#8221; header_font_size_phone=&#8221;30px&#8221; header_font_size_last_edited=&#8221;on|phone&#8221; global_colors_info=&#8221;{}&#8221; sticky_enabled=&#8221;0&#8243;]<\/p>\n<h1>practical information<\/h1>\n<p>[\/et_pb_text][\/et_pb_column][\/et_pb_row][et_pb_row custom_padding_last_edited=&#8221;off|desktop&#8221; disabled_on=&#8221;off|off|off&#8221; _builder_version=&#8221;4.19.1&#8243; _module_preset=&#8221;default&#8221; max_width=&#8221;100%&#8221; custom_margin=&#8221;||||false|false&#8221; custom_margin_phone=&#8221;||0px||false|false&#8221; custom_margin_last_edited=&#8221;off|desktop&#8221; custom_padding=&#8221;||0px||false|false&#8221; custom_padding_phone=&#8221;||0px||false|false&#8221; hover_enabled=&#8221;0&#8243; global_colors_info=&#8221;{}&#8221; sticky_enabled=&#8221;0&#8243;][et_pb_column type=&#8221;4_4&#8243; _builder_version=&#8221;4.19.1&#8243; _module_preset=&#8221;default&#8221; global_colors_info=&#8221;{}&#8221;][et_pb_accordion open_toggle_text_color=&#8221;#000000&#8243; open_toggle_background_color=&#8221;RGBA(255,255,255,0)&#8221; closed_toggle_background_color=&#8221;RGBA(255,255,255,0)&#8221; icon_color=&#8221;#FFFFFF&#8221; use_icon_font_size=&#8221;on&#8221; icon_font_size=&#8221;54px&#8221; _builder_version=&#8221;4.19.1&#8243; _module_preset=&#8221;default&#8221; toggle_text_color=&#8221;#FFFFFF&#8221; toggle_level=&#8221;h2&#8243; toggle_font=&#8221;Heavitas|||on|||||&#8221; closed_toggle_font=&#8221;Heavitas|||on|||||&#8221; body_font=&#8221;Helvetica Neue Medium||||||||&#8221; body_text_color=&#8221;#000000&#8243; custom_margin=&#8221;||||false|false&#8221; hover_enabled=&#8221;0&#8243; custom_css_open_toggle=&#8221;border:none;||padding: 0;&#8221; border_width_all=&#8221;3px&#8221; global_colors_info=&#8221;{}&#8221; sticky_enabled=&#8221;0&#8243;][et_pb_accordion_item title=&#8221;Horaires et conditions d&#8217;acc\u00e8s&#8221; open=&#8221;on&#8221; toggle_icon=&#8221;&#x33;||divi||400&#8243; _builder_version=&#8221;4.19.1&#8243; _module_preset=&#8221;default&#8221; custom_margin=&#8221;||20px||false|false&#8221; hover_enabled=&#8221;0&#8243; global_colors_info=&#8221;{}&#8221; toggle_font=&#8221;Poppins|700||on|||||&#8221; sticky_enabled=&#8221;0&#8243; body_font=&#8221;Poppins||||||||&#8221; closed_toggle_font=&#8221;Poppins|||on|||||&#8221; toggle_text_color=&#8221;#FFFFFF&#8221;]<\/p>\n<div class=\"body-accordion-info\">\n<div class=\"bloc-left\">\n<p class=\"txtblanc\"><span style=\"color: #ffffff;\"><strong>Festival schedule :<\/strong><\/span><\/p>\n<ul>\n<li class=\"txtblanc\"><span style=\"color: #ffffff;\">Wednesday, August 23 12:00 - 00:00<\/span><\/li>\n<li class=\"txtblanc\"><span style=\"color: #ffffff;\">Thursday, August 24 12:00 - 00:00<\/span><\/li>\n<li class=\"txtblanc\"><span style=\"color: #ffffff;\">Friday, August 25 12:00 - 02:00<\/span><\/li>\n<li class=\"txtblanc\"><span style=\"color: #ffffff;\">Saturday, August 26 12:00 - 02:00<\/span><\/li>\n<li class=\"txtblanc\"><span style=\"color: #ffffff;\">Dimanche 27 ao\u00fbt 12H00 &#8211; 00H30<\/span><\/li>\n<\/ul>\n<p><span style=\"color: #ffffff;\"><strong>Access requirements:<\/strong><\/span><\/p>\n<p><span style=\"color: #ffffff;\">Un billet avec un code barre\/Qr code valide sera exig\u00e9e \u00e0 l&#8217;entr\u00e9e du festival. <\/span><\/p>\n<\/div>\n<\/div>\n<p>[\/et_pb_accordion_item][et_pb_accordion_item title=&#8221;cashless&#8221; toggle_icon=&#8221;&#x33;||divi||400&#8243; _builder_version=&#8221;4.19.1&#8243; _module_preset=&#8221;default&#8221; custom_margin=&#8221;||20px||false|false&#8221; hover_enabled=&#8221;0&#8243; global_colors_info=&#8221;{}&#8221; open=&#8221;off&#8221; toggle_font=&#8221;Poppins|||on|||||&#8221; toggle_level=&#8221;h2&#8243; body_font=&#8221;Poppins||||||||&#8221; sticky_enabled=&#8221;0&#8243; closed_toggle_font=&#8221;Poppins|700||on|||||&#8221;]<\/p>\n<p class=\"titre-accordion-info\">You can create your cashless account HERE to get several advantages:<\/p>\n<div class=\"body-accordion-info\">\n<div class=\"bloc-left\">\n<ul class=\"txtblanc\">\n<li>Reload your available balance on your cashless card before and during the festival via the online cashless space<\/li>\n<li>View your cashless card balance and transaction history<\/li>\n<li>Register your credit card for faster online reloading Block your cashless card and get a new one in case of loss or theft at the festival<\/li>\n<li>Get your cashless balance back after the festival<\/li>\n<\/ul>\n<p class=\"txtblanc\">Please note that creating an online account is optional and can be done at any time<\/p>\n<p class=\"txtblanc\">You can also get a cashless card directly at the festival without having an account, and recharge your card directly at the festival's cashless banks. However, you will not be able to consume if you do not have a cashless card.<\/p>\n<p class=\"txtblanc\">For more information, you can visit the <a href=\"https:\/\/newdelta.placeholder.tn\/cashless\/\">dedicated page.<\/a><\/p>\n<\/div>\n<div class=\"bloc-right\">\u00a0<\/div>\n<\/div>\n<p>[\/et_pb_accordion_item][et_pb_accordion_item title=&#8221;BILLETTERIe&#8221; toggle_icon=&#8221;&#x33;||divi||400&#8243; _builder_version=&#8221;4.19.1&#8243; _module_preset=&#8221;default&#8221; custom_margin=&#8221;||20px||false|false&#8221; hover_enabled=&#8221;0&#8243; global_colors_info=&#8221;{}&#8221; open=&#8221;off&#8221; body_font=&#8221;Poppins||||||||&#8221; closed_toggle_font=&#8221;Poppins|700||on|||||&#8221; toggle_font=&#8221;Poppins|||on|||||&#8221; sticky_enabled=&#8221;0&#8243;]<\/p>\n<p class=\"titre-accordion-info\">Point of Sale<\/p>\n<div class=\"body-accordion-info\">\n<div class=\"bloc-left\">\n<p class=\"txtblanc\">You can buy your tickets directly on our website in the section <a href=\"https:\/\/newdelta.placeholder.tn\/tickets\/\">TICKETS<\/a>. You will then receive your tickets by email, at the address you indicated when you ordered.<\/p>\n<p class=\"txtblanc\">For those who purchased their ticket on Shotgun, you also have the option to find your ticket on the Shotgun mobile app by logging into your account.<\/p>\n<p class=\"txtblanc\">During the festival, there will be a point of sale at the entrance of the festival, only if the tickets for the current day are not sold out.<\/p>\n<p class=\"txtblanc\">Discounted tickets are available to people who meet one of the following criteria:<\/p>\n<ul class=\"txtblanc\">\n<li>People seeking employment<\/li>\n<li>Beneficiaries of the RSA<\/li>\n<li>Beneficiaries of the e-Pass Youth<\/li>\n<li>People with Disabilities<\/li>\n<\/ul>\n<p class=\"txtblanc\">For more information, you can visit the <a href=\"https:\/\/newdelta.placeholder.tn\/tickets\/\">special page<\/a>.<\/p>\n<\/div>\n<\/div>\n<p>[\/et_pb_accordion_item][et_pb_accordion_item title=&#8221;H\u00e9bergement&#8221; toggle_icon=&#8221;&#x33;||divi||400&#8243; _builder_version=&#8221;4.19.1&#8243; _module_preset=&#8221;default&#8221; body_font=&#8221;||||||||&#8221; background_enable_color=&#8221;off&#8221; custom_margin=&#8221;||20px||false|false&#8221; hover_enabled=&#8221;0&#8243; global_colors_info=&#8221;{}&#8221; open=&#8221;off&#8221; closed_toggle_font=&#8221;Poppins|700||on|||||&#8221; toggle_font=&#8221;Poppins|||on|||||&#8221; sticky_enabled=&#8221;0&#8243;]<\/p>\n<p><span style=\"color: #ffffff;\">Chope un h\u00f4tel sur le site de <span style=\"color: #0000ff;\"><a style=\"color: #0000ff;\" href=\"https:\/\/ibis.accor.com\/france\/index.fr.shtml\" target=\"_blank\" rel=\"noopener\">IBIS<\/a><\/span> !<\/span><\/p>\n<div class=\"body-accordion-info\">\n<div class=\"bloc-left\">\n<p><span style=\"color: #ffffff;\">\u00a0<\/span><\/p>\n<p>&nbsp;<\/p>\n<p style=\"text-align: justify;\"><span style=\"color: #ffffff;\">R\u00e9serve un logement avec -15% via <span style=\"color: #0000ff;\"><a style=\"color: #0000ff;\" href=\"https:\/\/www.thepeoplehostel.com\/fr\/destinations\/marseille\/?gad=1&amp;gclid=Cj0KCQjwz8emBhDrARIsANNJjS79s52lEF4fCxmbh1CxcTG1_afwzKQ415o8CJG_au-fPUf1cHegIUIaArTEEALw_wcB\" target=\"_blank\" rel=\"noopener\">The People<\/a><\/span> !\u00a0<\/span><\/p>\n<p style=\"text-align: justify;\"><span style=\"color: #ffffff;\">\u00a0 \u00a0\u00a0<\/span><\/p>\n<p><img decoding=\"async\" loading=\"lazy\" class=\"wp-image-6408  aligncenter\" style=\"font-size: 14px; background-color: #1e1d3e; text-align: justify; color: #ffffff;\" src=\"https:\/\/newdelta.placeholder.tn\/wp-content\/uploads\/2023\/08\/Marseille-1-scaled.webp\" alt=\"\" width=\"414\" height=\"229\" \/><\/p>\n<\/div>\n<p style=\"text-align: justify;\"><span style=\"color: #ffffff;\">\u00a0<\/span><\/p>\n<p>&nbsp;<\/p>\n<div class=\"bloc-right\">\u00a0<\/div>\n<\/div>\n<p>[\/et_pb_accordion_item][et_pb_accordion_item title=&#8221;restauration&#8221; toggle_icon=&#8221;&#x33;||divi||400&#8243; _builder_version=&#8221;4.19.1&#8243; _module_preset=&#8221;default&#8221; hover_enabled=&#8221;0&#8243; global_colors_info=&#8221;{}&#8221; open=&#8221;off&#8221; closed_toggle_font=&#8221;Poppins|700||on|||||&#8221; toggle_font=&#8221;Poppins|||on|||||&#8221; body_font=&#8221;Poppins||||||||&#8221; sticky_enabled=&#8221;0&#8243;]<\/p>\n<div class=\"body-accordion-info\">\n<div class=\"bloc-left\">\n<p class=\"txtblanc\">To eat, many food trucks are at your disposal on the festival<\/p>\n<p class=\"txtblanc\">Click <a href=\"https:\/\/newdelta.placeholder.tn\/village-gastronomique-copy\/\">HERE<\/a> to go to the Gastronomic Village page<\/p>\n<p class=\"txtblanc\">Outside food is forbidden on the festival, as well as all other drinks. However, you can bring an empty water bottle of less than a liter that you will fill on site.<\/p>\n<\/div>\n<\/div>\n<p>[\/et_pb_accordion_item][et_pb_accordion_item title=&#8221;OBJETS AUTORIS\u00c9S\/INTERDITS&#8221; toggle_icon=&#8221;&#x33;||divi||400&#8243; _builder_version=&#8221;4.19.1&#8243; _module_preset=&#8221;default&#8221; hover_enabled=&#8221;0&#8243; global_colors_info=&#8221;{}&#8221; open=&#8221;off&#8221; toggle_font=&#8221;Poppins|||on|||||&#8221; closed_toggle_font=&#8221;Poppins|700||on|||||&#8221; body_font=&#8221;Poppins||||||||&#8221; sticky_enabled=&#8221;0&#8243;]<\/p>\n<h3><span style=\"color: #ffffff;\">INTERDITS :<\/span><\/h3>\n<p><span style=\"color: #ffffff;\">Armes a\u0300 feu, toutes munitions et armes factices <\/span><\/p>\n<p><span style=\"color: #ffffff;\">Valises et sac a\u0300 dos (max 24 L 24cmx45cm ?) <\/span><\/p>\n<p><span style=\"color: #ffffff;\">Me\u0301gaphones, corne de brume <\/span><\/p>\n<p><span style=\"color: #ffffff;\">Lasers <\/span><\/p>\n<p><span style=\"color: #ffffff;\">Dro\u0302nes <\/span><\/p>\n<p><span style=\"color: #ffffff;\">Bouteilles ou gourde en verre <\/span><\/p>\n<p><span style=\"color: #ffffff;\">Bouteille plastique <\/span><\/p>\n<p><span style=\"color: #ffffff;\">Objets tranchants, contondants, coupants <\/span><\/p>\n<p><span style=\"color: #ffffff;\">Bouteille de gaz <\/span><\/p>\n<p><span style=\"color: #ffffff;\">Animaux <\/span><\/p>\n<p><span style=\"color: #ffffff;\">Parapluies, ombrelles a\u0300 bouts pointus <\/span><\/p>\n<p><span style=\"color: #ffffff;\">Boi\u0302tes en me\u0301tal <\/span><\/p>\n<p><span style=\"color: #ffffff;\">Produits chimiques <\/span><\/p>\n<p><span style=\"color: #ffffff;\">Produits inflammables <\/span><\/p>\n<p><span style=\"color: #ffffff;\">Nourriture <\/span><\/p>\n<p><span style=\"color: #ffffff;\">Appareils photo et came\u0301ras de types professionnels <\/span><\/p>\n<p><span style=\"color: #ffffff;\">Feux d\u2019artifices, pe\u0301tards, gaz lacrymoge\u0300ne, fumige\u0300nes, bougies <\/span><\/p>\n<p><span style=\"color: #ffffff;\">Chaises &amp; tables pliables <\/span><\/p>\n<p><span style=\"color: #ffffff;\">Casque de moto <\/span><\/p>\n<p><span style=\"color: #ffffff;\">Perches a\u0300 selfies <\/span><\/p>\n<p><span style=\"color: #ffffff;\">Bombes ae\u0301rosol <\/span><\/p>\n<p><span style=\"color: #ffffff;\">Ve\u0301los, skates, trottinettes <\/span><\/p>\n<p><span style=\"color: #ffffff;\">Stupe\u0301fiants et Alcool <\/span><\/p>\n<p><span style=\"color: #ffffff;\">Enceinte portative <\/span><\/p>\n<p><span style=\"color: #ffffff;\">Signes ou banderoles de nature politique, ide\u0301ologique, religieuse ou publicitaire <\/span><\/p>\n<p><span style=\"color: #ffffff;\">Cre\u0300me solaire de plus de 30cl <\/span><\/p>\n<p><span style=\"color: #ffffff;\">Lampes frontales, lampes de poche <\/span><\/p>\n<p><span style=\"color: #ffffff;\">Tout type de de\u0301odorant <\/span><\/p>\n<p>&nbsp;<\/p>\n<h4><span style=\"color: #ff0000;\">Les objets interdits seront mis au rebut par le proprie\u0301taire lui-me\u0302me, ou de\u0301pose\u0301s en consigne a\u0300 l\u2019exte\u0301rieur du site.<\/span><\/h4>\n<p>&nbsp;<\/p>\n<p>&nbsp;<\/p>\n<h3><span style=\"color: #ffffff;\">AUTORISE\u0301S :<\/span><\/h3>\n<p>&nbsp;<\/p>\n<p><span style=\"color: #ffffff;\">Gourdes vides de moins de 50cl <\/span><\/p>\n<p><span style=\"color: #ffffff;\">Cre\u0300me solaire 30cl max <\/span><\/p>\n<p><span style=\"color: #ffffff;\">Polaroids, appareil photo jetable <\/span><\/p>\n<p><span style=\"color: #ffffff;\">Batterie de tel portable\u00a0<\/span><\/p>\n<p><span style=\"color: #ffffff;\">Sac a\u0300 main, tote-bag, sac a\u0300 dos (max 24 L 24cmx45cm) de, bananes <\/span><\/p>\n<p><span style=\"color: #ffffff;\">Me\u0301dicaments (Sous re\u0301serve de validation du me\u0301decin sur place)\u00a0<\/span><\/p>\n<p><span style=\"color: #ffffff;\">Parapluie compact pliant <\/span><\/p>\n<p><span style=\"color: #ffffff;\">Liste PSH<\/span><\/p>\n<p><span style=\"color: #ffffff;\">casque anti bruit<\/span><\/p>\n<p><span style=\"color: #ffffff;\">pilulier<\/span><\/p>\n<p><span style=\"color: #ffffff;\">me\u0301dicament sur ordonnance<\/span><\/p>\n<p>[\/et_pb_accordion_item][\/et_pb_accordion][\/et_pb_column][\/et_pb_row][et_pb_row _builder_version=&#8221;4.19.1&#8243; _module_preset=&#8221;default&#8221; min_height=&#8221;110.5px&#8221; custom_padding=&#8221;68px|||||&#8221; global_colors_info=&#8221;{}&#8221;][et_pb_column type=&#8221;4_4&#8243; _builder_version=&#8221;4.19.1&#8243; _module_preset=&#8221;default&#8221; global_colors_info=&#8221;{}&#8221;][et_pb_button button_url=&#8221;https:\/\/newdelta.placeholder.tn\/faq\/&#8221; button_text=&#8221;FAQ&#8221; button_alignment=&#8221;center&#8221; _builder_version=&#8221;4.19.1&#8243; _module_preset=&#8221;default&#8221; transform_scale=&#8221;124%|124%&#8221; transform_scale_linked=&#8221;off&#8221; transform_origin=&#8221;100%|50%&#8221; background_layout=&#8221;dark&#8221; global_colors_info=&#8221;{}&#8221;][\/et_pb_button][\/et_pb_column][\/et_pb_row][et_pb_row _builder_version=&#8221;4.19.1&#8243; _module_preset=&#8221;default&#8221;][et_pb_column _builder_version=&#8221;4.19.1&#8243; _module_preset=&#8221;default&#8221; type=&#8221;4_4&#8243;][et_pb_divider _builder_version=&#8221;4.19.1&#8243; _module_preset=&#8221;default&#8221; hover_enabled=&#8221;0&#8243; sticky_enabled=&#8221;0&#8243; show_divider=&#8221;off&#8221;][\/et_pb_divider][\/et_pb_column][\/et_pb_row][et_pb_row _builder_version=&#8221;4.19.1&#8243; _module_preset=&#8221;default&#8221; global_colors_info=&#8221;{}&#8221;][et_pb_column type=&#8221;4_4&#8243; _builder_version=&#8221;4.19.1&#8243; _module_preset=&#8221;default&#8221; custom_css_main_element=&#8221;    display: flex;||    flex-direction: column;||    align-items: center;||    justify-content: space-between;&#8221; global_colors_info=&#8221;{}&#8221;][et_pb_text _builder_version=&#8221;4.19.1&#8243; _module_preset=&#8221;default&#8221; text_text_color=&#8221;#FFFFFF&#8221; header_3_font=&#8221;Heavitas||||||||&#8221; header_3_text_color=&#8221;#FFFFFF&#8221; header_3_font_size=&#8221;36px&#8221; header_3_font_size_tablet=&#8221;36px&#8221; header_3_font_size_phone=&#8221;26px&#8221; header_3_font_size_last_edited=&#8221;on|phone&#8221; global_colors_info=&#8221;{}&#8221;]<\/p>\n<h3 style=\"text-align: center;\">SUBSCRIBE to the NEWSLETTER<\/h3>\n<p>[\/et_pb_text][et_pb_code _builder_version=\"4.19.1\u2033 _module_preset=\"default\" global_colors_info=\"{}\"]\t\t\t<form id=\"sib_signup_form_1\" method=\"post\" class=\"sib_signup_form\" action=\"\">\n\t\t\t\t<div class=\"sib_loader\" style=\"display:none;\"><img\n\t\t\t\t\t\t\tsrc=\"https:\/\/newdelta.placeholder.tn\/wp-includes\/images\/spinner.gif\" alt=\"loader\"><\/div>\n\t\t\t\t<input type=\"hidden\" name=\"sib_form_action\" value=\"subscribe_form_submit\">\n\t\t\t\t<input type=\"hidden\" name=\"sib_form_id\" value=\"1\">\n                <input type=\"hidden\" name=\"sib_form_alert_notice\" value=\"Veuillez remplir ce champ\">\n                <input type=\"hidden\" name=\"sib_security\" value=\"c35a1bc85a\">\n\t\t\t\t<div class=\"sib_signup_box_inside_1\">\n\t\t\t\t\t<div style=\"\/*display:none*\/\" class=\"sib_msg_disp\">\n\t\t\t\t\t<\/div>\n\t\t\t\t\t<p class=\"sib-NAME-area\">\r\n    Enter your name\r\n    <input type=\"text\" class=\"sib-NAME-area\" name=\"NAME\">\r\n<\/p>\r\n<p class=\"sib-email-area\">\r\n    Email address\r\n    <input type=\"email\" class=\"sib-email-area\" name=\"email\" required=\"required\">\r\n<\/p>\r\n<p>\r\n    <input type=\"submit\" class=\"sib-default-btn\" value=\"I subscribe\">\r\n<\/p>\r\n\t\t\t\t<\/div>\n\t\t\t<input type=\"hidden\" name=\"trp-form-language\" value=\"en\"\/><\/form>\n\t\t\t<style>\n\t\t\t\tform#sib_signup_form_1 p.sib-alert-message {\n    padding: 6px 12px;\n    margin-bottom: 20px;\n    border: 1px solid transparent;\n    border-radius: 4px;\n    -webkit-box-sizing: border-box;\n    -moz-box-sizing: border-box;\n    box-sizing: border-box;\n}\nform#sib_signup_form_1 p.sib-alert-message-error {\n    background-color: #f2dede;\n    border-color: #ebccd1;\n    color: #a94442;\n}\nform#sib_signup_form_1 p.sib-alert-message-success {\n    background-color: #dff0d8;\n    border-color: #d6e9c6;\n    color: #3c763d;\n}\nform#sib_signup_form_1 p.sib-alert-message-warning {\n    background-color: #fcf8e3;\n    border-color: #faebcc;\n    color: #8a6d3b;\n}\n\t\t\t<\/style>\n\t\t\t\t[\/et_pb_code][et_pb_divider show_divider=\"off\" _builder_version=\"4.19.1\u2033 _module_preset=\"default\" min_height=\"200px\" global_colors_info=\"{}\"][\/et_pb_divider][\/et_pb_column][\/et_pb_row][\/et_pb_section]<\/p>","protected":false},"excerpt":{"rendered":"<p>informations pratiques Horaires du Festival : Mercredi 23 ao\u00fbt 12H00 &#8211; 00H00 Jeudi 24 ao\u00fbt 12H00 &#8211; 00H00 Vendredi 25 ao\u00fbt 12H00 &#8211; 02H00 Samedi 26 ao\u00fbt 12H00 &#8211; 02H00 Dimanche 27 ao\u00fbt 12H00 &#8211; 00H30 Conditions d&#8217;acc\u00e8s : Un billet avec un code barre\/Qr code valide sera exig\u00e9e \u00e0 l&#8217;entr\u00e9e du festival. Tu peux [&hellip;]<\/p>","protected":false},"author":1,"featured_media":0,"parent":0,"menu_order":0,"comment_status":"closed","ping_status":"closed","template":"","meta":{"_et_pb_use_builder":"on","_et_pb_old_content":"","_et_gb_content_width":""},"_links":{"self":[{"href":"https:\/\/newdelta.placeholder.tn\/en\/wp-json\/wp\/v2\/pages\/1690"}],"collection":[{"href":"https:\/\/newdelta.placeholder.tn\/en\/wp-json\/wp\/v2\/pages"}],"about":[{"href":"https:\/\/newdelta.placeholder.tn\/en\/wp-json\/wp\/v2\/types\/page"}],"author":[{"embeddable":true,"href":"https:\/\/newdelta.placeholder.tn\/en\/wp-json\/wp\/v2\/users\/1"}],"replies":[{"embeddable":true,"href":"https:\/\/newdelta.placeholder.tn\/en\/wp-json\/wp\/v2\/comments?post=1690"}],"version-history":[{"count":65,"href":"https:\/\/newdelta.placeholder.tn\/en\/wp-json\/wp\/v2\/pages\/1690\/revisions"}],"predecessor-version":[{"id":8207,"href":"https:\/\/newdelta.placeholder.tn\/en\/wp-json\/wp\/v2\/pages\/1690\/revisions\/8207"}],"wp:attachment":[{"href":"https:\/\/newdelta.placeholder.tn\/en\/wp-json\/wp\/v2\/media?parent=1690"}],"curies":[{"name":"wp","href":"https:\/\/api.w.org\/{rel}","templated":true}]}}